{"id":87117,"date":"2017-12-12T20:27:06","date_gmt":"2017-12-12T19:27:06","guid":{"rendered":"https:\/\/www.seaflowerstore.com\/nl\/53-ms-cm-conductivity-calibration-solution\/"},"modified":"2024-03-20T16:45:01","modified_gmt":"2024-03-20T15:45:01","slug":"53-ms-cm-conductivity-calibration-solution","status":"publish","type":"product","link":"https:\/\/www.seaflowerstore.com\/de\/53-ms-cm-conductivity-calibration-solution\/","title":{"rendered":"53 mS\/cm Conductivity Calibration Solution"},"content":{"rendered":"<h2>53 mS\/cm Conductivity Calibration Solution to calibrate your salt water probe<\/h2>\n<p>Die 53 mS\/cm Leitf\u00e4higkeitskalibrierungsl\u00f6sung wurde speziell f\u00fcr die Kalibrierung Ihrer Leitf\u00e4higkeitselektrode f\u00fcr Meerwasseranwendungen entwickelt. Wenn Sie den Salzgehalt Ihres Wassers \u00fcberwachen m\u00f6chten, ist diese Kalibrierfl\u00fcssigkeit unverzichtbar.<\/p>\n<p><strong>Wichtigste Vorteile dieser L\u00f6sung:<\/strong><\/p>\n<ul>\n<li>Sorgt f\u00fcr genaue Messungen des Salzgehalts.<\/li>\n<li>Einfache Verwendung mit Ihrer Salzwassersonde.<\/li>\n<li>Hochwertige Formulierung f\u00fcr zuverl\u00e4ssige Ergebnisse.<\/li>\n<\/ul>\n<p>Verpassen Sie dieses wichtige Tool f\u00fcr Ihre Anforderungen zur \u00dcberwachung der Wasserqualit\u00e4t nicht!<\/p>\n","protected":false},"excerpt":{"rendered":"<p>53 mS\/cm Conductivity Calibration Solution to calibrate your salt water probe<\/p>\n","protected":false},"featured_media":80044,"template":"","meta":[],"pwb-brand":[2179],"product_cat":[1399,1423,1500],"product_tag":[],"class_list":{"0":"post-87117","1":"product","2":"type-product","3":"status-publish","4":"has-post-thumbnail","6":"pwb-brand-neptune-systems","7":"product_cat-referenz-fluessigkeiten","8":"product_cat-neptune-systems-de","9":"product_cat-referenzfluessigkeiten","10":"pa_show-myparcel-options-male-de","12":"first","13":"instock","14":"taxable","15":"shipping-taxable","16":"purchasable","17":"product-type-simple"},"acf":[],"brands":[{"id":2179,"name":"Neptune Systems","slug":"neptune-systems"}],"_links":{"self":[{"href":"https:\/\/www.seaflowerstore.com\/de\/wp-json\/wp\/v2\/product\/87117","targetHints":{"allow":["GET"]}}],"collection":[{"href":"https:\/\/www.seaflowerstore.com\/de\/wp-json\/wp\/v2\/product"}],"about":[{"href":"https:\/\/www.seaflowerstore.com\/de\/wp-json\/wp\/v2\/types\/product"}],"wp:featuredmedia":[{"embeddable":true,"href":"https:\/\/www.seaflowerstore.com\/de\/wp-json\/wp\/v2\/media\/80044"}],"wp:attachment":[{"href":"https:\/\/www.seaflowerstore.com\/de\/wp-json\/wp\/v2\/media?parent=87117"}],"wp:term":[{"taxonomy":"pwb-brand","embeddable":true,"href":"https:\/\/www.seaflowerstore.com\/de\/wp-json\/wp\/v2\/pwb-brand?post=87117"},{"taxonomy":"product_cat","embeddable":true,"href":"https:\/\/www.seaflowerstore.com\/de\/wp-json\/wp\/v2\/product_cat?post=87117"},{"taxonomy":"product_tag","embeddable":true,"href":"https:\/\/www.seaflowerstore.com\/de\/wp-json\/wp\/v2\/product_tag?post=87117"}],"curies":[{"name":"wp","href":"https:\/\/api.w.org\/{rel}","templated":true}]}}