{"id":87120,"date":"2017-12-04T16:48:58","date_gmt":"2017-12-04T15:48:58","guid":{"rendered":"https:\/\/www.seaflowerstore.com\/nl\/red-sea-reef-mature-pro-kit\/"},"modified":"2024-03-20T16:44:56","modified_gmt":"2024-03-20T15:44:56","slug":"red-sea-reef-mature-pro-kit","status":"publish","type":"product","link":"https:\/\/www.seaflowerstore.com\/de\/red-sea-reef-mature-pro-kit\/","title":{"rendered":"Red Sea Reef Mature Pro Kit"},"content":{"rendered":"<h2>Red Sea Reef Mature Pro Kit<\/h2>\n<p>Dies ist ein komplettes Set f\u00fcr die biologische Reifung von Riffaquarien. Es unterst\u00fctzt effektiv die Nitrifikation, reduziert den Nitrat- und Phosphatgehalt und f\u00f6rdert das Wachstum von Kalkalgen.<\/p>\n<p>Das Set enth\u00e4lt:<\/p>\n<ul>\n<li><strong>Nitro Bac<\/strong> &#8211; Starterbakterien, 100 ml.<\/li>\n<li><strong>Bacto-Start<\/strong> &#8211; Startkeimung zur Beschleunigung des Prozesses, 100 ml.<\/li>\n<li><strong>NO3:PO4-X<\/strong> &#8211; Nahrungsquelle f\u00fcr die Bakterien, 100 ml.<\/li>\n<li><strong>KH Coralline Gro<\/strong> &#8211; ein konzentrierter Puffer aus Karbonat, Kalium und Spurenelementen zur Stimulierung des Wachstums von Kalkalgen und anderer Mikrofauna, 100 ml.<\/li>\n<\/ul>\n<p>Dieses Set ist f\u00fcr Aquarien bis zu 250 Liter geeignet.<\/p>\n<p>Weitere Informationen finden Sie unter <a href=\"http:\/\/www.redseafish.com\/reef-care-program\/marine-care-program\/reef-mature-pro-kit\/\" target=\"_blank\" rel=\"noopener nofollow\">Redseafish.com<\/a>.<\/p>\n","protected":false},"excerpt":{"rendered":"<p>Red Sea Reef Mature Pro Kit A complete set for the biological ripening of reef aquariums, among others. nitrification, nitrate, and phosphate reduction, also for calcareous algae growth<\/p>\n","protected":false},"featured_media":80037,"template":"","meta":[],"pwb-brand":[2125],"product_cat":[1391,1404],"product_tag":[],"class_list":{"0":"post-87120","1":"product","2":"type-product","3":"status-publish","4":"has-post-thumbnail","6":"pwb-brand-red-sea","7":"product_cat-ergaenzungen","8":"product_cat-redsea-de","9":"pa_show-myparcel-options-male-de","11":"first","12":"instock","13":"taxable","14":"shipping-taxable","15":"purchasable","16":"product-type-simple"},"acf":[],"brands":[{"id":2125,"name":"Red Sea","slug":"red-sea"}],"_links":{"self":[{"href":"https:\/\/www.seaflowerstore.com\/de\/wp-json\/wp\/v2\/product\/87120","targetHints":{"allow":["GET"]}}],"collection":[{"href":"https:\/\/www.seaflowerstore.com\/de\/wp-json\/wp\/v2\/product"}],"about":[{"href":"https:\/\/www.seaflowerstore.com\/de\/wp-json\/wp\/v2\/types\/product"}],"wp:featuredmedia":[{"embeddable":true,"href":"https:\/\/www.seaflowerstore.com\/de\/wp-json\/wp\/v2\/media\/80037"}],"wp:attachment":[{"href":"https:\/\/www.seaflowerstore.com\/de\/wp-json\/wp\/v2\/media?parent=87120"}],"wp:term":[{"taxonomy":"pwb-brand","embeddable":true,"href":"https:\/\/www.seaflowerstore.com\/de\/wp-json\/wp\/v2\/pwb-brand?post=87120"},{"taxonomy":"product_cat","embeddable":true,"href":"https:\/\/www.seaflowerstore.com\/de\/wp-json\/wp\/v2\/product_cat?post=87120"},{"taxonomy":"product_tag","embeddable":true,"href":"https:\/\/www.seaflowerstore.com\/de\/wp-json\/wp\/v2\/product_tag?post=87120"}],"curies":[{"name":"wp","href":"https:\/\/api.w.org\/{rel}","templated":true}]}}