{"id":87128,"date":"2017-11-11T09:32:08","date_gmt":"2017-11-11T08:32:08","guid":{"rendered":"https:\/\/www.seaflowerstore.com\/nl\/ati-carbo-ex-refill-pack-4-liter-3250gr\/"},"modified":"2026-04-11T10:04:46","modified_gmt":"2026-04-11T08:04:46","slug":"ati-carbo-ex-refill-pack-4-liter-3250gr","status":"publish","type":"product","link":"https:\/\/www.seaflowerstore.com\/de\/ati-carbo-ex-refill-pack-4-liter-3250gr\/","title":{"rendered":"ATI Carbo Ex refill pack 4 liter (3250gr)"},"content":{"rendered":"<h2>ATI Carbo Ex refill pack 4 liter (3250gr\/4000ml)<\/h2>\n<p>Das <strong>ATI Carbo Ex Nachf\u00fcllpack<\/strong> wurde speziell f\u00fcr die <strong>ATI Carbo Ex 4 Liter Nachf\u00fclleinheit<\/strong> entwickelt. Dieser Luftfilter l\u00e4sst sich nahtlos an Ihren Eiwei\u00dfabsch\u00e4umer anschlie\u00dfen und fungiert als gebrauchsfertige Filterkartusche, die eine beeindruckende <strong>95 %ige Entfernung<\/strong> von CO2 und Feinpartikeln aus der Luftzufuhr, einschlie\u00dflich Staub und Pollen, erreicht.<\/p>\n<p>Eine der praktischen Funktionen dieser Einheit ist das <strong>CO2-absorbierende Medium<\/strong>, das seine Farbe von wei\u00df nach blau \u00e4ndert, wenn es ersch\u00f6pft ist. F\u00fcr gr\u00f6\u00dfere Aquariensysteme kann dieses Medium bequem separat in 3250-g-Packungen zum Preis von <strong>24,99 \u00a3 UVP<\/strong> erworben werden. Dadurch sind die ATI-Nachf\u00fcllpackungen \u00fcber <strong>80 % g\u00fcnstiger<\/strong> als Konkurrenzprodukte.<\/p>\n<p>Durch die effektive Entfernung von CO2 tr\u00e4gt dieser Filter dazu bei, einen stabilen pH-Wert zu erh\u00f6hen und aufrechtzuerhalten, was f\u00fcr die allgemeine Gesundheit Ihres Aquariums entscheidend ist. Es verbessert die Gesundheit und das Wachstum der Korallen, indem es als proaktive Ma\u00dfnahme gegen das Eindringen von Luftschadstoffen in das Aquarium wirkt.<\/p>\n<p>Dar\u00fcber hinaus kann die Verwendung des Carbo Ex, das an die Luftansaugung des Eiwei\u00dfabsch\u00e4umers Ihres Aquariums angeschlossen ist, Algen auf nat\u00fcrliche Weise reduzieren. Durch die Beseitigung von CO2, das Algen zum Wachsen ben\u00f6tigen, schaffen Sie einen begrenzenden Faktor f\u00fcr verschiedene Algenarten, einschlie\u00dflich Cyano- und Haaralgen, und f\u00f6rdern so eine ges\u00fcndere Wasserumgebung.<\/p>\n","protected":false},"excerpt":{"rendered":"<p data-format=\"%title% %sep% %sitename%\" data-empty-title=\"Click to enter custom title\">ATI Carbo Ex refill pack\u00a0Filling for the Carbo-ex 4 liter version<\/p>\n","protected":false},"featured_media":128819,"template":"","meta":[],"pwb-brand":[2131],"product_cat":[1434,1395,1493],"product_tag":[],"class_list":{"0":"post-87128","1":"product","2":"type-product","3":"status-publish","4":"has-post-thumbnail","6":"pwb-brand-ati","7":"product_cat-teile-de","8":"product_cat-ati-de","9":"product_cat-vulling-de","10":"pa_show-myparcel-options-male-de","12":"first","13":"instock","14":"taxable","15":"shipping-taxable","16":"purchasable","17":"product-type-simple"},"acf":[],"brands":[{"id":2131,"name":"ATI","slug":"ati"}],"_links":{"self":[{"href":"https:\/\/www.seaflowerstore.com\/de\/wp-json\/wp\/v2\/product\/87128","targetHints":{"allow":["GET"]}}],"collection":[{"href":"https:\/\/www.seaflowerstore.com\/de\/wp-json\/wp\/v2\/product"}],"about":[{"href":"https:\/\/www.seaflowerstore.com\/de\/wp-json\/wp\/v2\/types\/product"}],"wp:featuredmedia":[{"embeddable":true,"href":"https:\/\/www.seaflowerstore.com\/de\/wp-json\/wp\/v2\/media\/128819"}],"wp:attachment":[{"href":"https:\/\/www.seaflowerstore.com\/de\/wp-json\/wp\/v2\/media?parent=87128"}],"wp:term":[{"taxonomy":"pwb-brand","embeddable":true,"href":"https:\/\/www.seaflowerstore.com\/de\/wp-json\/wp\/v2\/pwb-brand?post=87128"},{"taxonomy":"product_cat","embeddable":true,"href":"https:\/\/www.seaflowerstore.com\/de\/wp-json\/wp\/v2\/product_cat?post=87128"},{"taxonomy":"product_tag","embeddable":true,"href":"https:\/\/www.seaflowerstore.com\/de\/wp-json\/wp\/v2\/product_tag?post=87128"}],"curies":[{"name":"wp","href":"https:\/\/api.w.org\/{rel}","templated":true}]}}