{"id":87129,"date":"2017-11-11T09:15:29","date_gmt":"2017-11-11T08:15:29","guid":{"rendered":"https:\/\/www.seaflowerstore.com\/nl\/ati-carbo-ex-4-liter-3250gr\/"},"modified":"2024-03-20T16:44:49","modified_gmt":"2024-03-20T15:44:49","slug":"ati-carbo-ex-4-liter-3250gr","status":"publish","type":"product","link":"https:\/\/www.seaflowerstore.com\/de\/ati-carbo-ex-4-liter-3250gr\/","title":{"rendered":"ATI Carbo-Ex 4 liter (3250gr)"},"content":{"rendered":"<h2>ATI Carbo-Ex 4 liter (3250gr)<\/h2>\n<p><strong>ATI Carbo-Ex 4L (3250gr) nachf\u00fcllbarer Luftfilter f\u00fcr Absch\u00e4umer<\/strong><\/p>\n<p>Carbo Ex ist ein benutzerfreundlicher Luftfilter, der neben Granulat zur CO2-Entfernung auch einen Feinstaubfilter enth\u00e4lt. Dadurch ist die Luft nicht nur CO2-\u00e4rmer, sondern auch von Staubpartikeln gereinigt.<\/p>\n<p>Hier sind einige der Vorteile:<\/p>\n<ul>\n<li>Ein h\u00f6herer und stabilerer pH-Wert, \u00e4hnlich den nat\u00fcrlichen Bedingungen.<\/li>\n<li>Geringeres Algenwachstum aufgrund der geringeren CO2-Konzentration im Wasser.<\/li>\n<li>Verbessertes Korallenwachstum dank des h\u00f6heren und stabileren pH-Werts.<\/li>\n<li>Carbo Ex ist eine gebrauchsfertige Filterkartusche, die sofort eingesetzt werden kann.<\/li>\n<li>Der Filter wird mit einer austauschbaren F\u00fcllung geliefert.<\/li>\n<li>Anschlussgr\u00f6\u00dfe: 8 x 10 mm \u00d8.<\/li>\n<\/ul>\n","protected":false},"excerpt":{"rendered":"<p>ATI Carbo-Ex 4L (3250gr) refillable airfilter for skimmers<\/p>\n","protected":false},"featured_media":83469,"template":"","meta":[],"pwb-brand":[2131],"product_cat":[1395,1434,1389],"product_tag":[],"class_list":{"0":"post-87129","1":"product","2":"type-product","3":"status-publish","4":"has-post-thumbnail","6":"pwb-brand-ati","7":"product_cat-ati-de","8":"product_cat-teile-de","9":"product_cat-wervelbedfilter-media-filter-de","10":"pa_show-myparcel-options-male-de","12":"first","13":"outofstock","14":"sale","15":"taxable","16":"shipping-taxable","17":"purchasable","18":"product-type-simple"},"acf":[],"brands":[{"id":2131,"name":"ATI","slug":"ati"}],"_links":{"self":[{"href":"https:\/\/www.seaflowerstore.com\/de\/wp-json\/wp\/v2\/product\/87129","targetHints":{"allow":["GET"]}}],"collection":[{"href":"https:\/\/www.seaflowerstore.com\/de\/wp-json\/wp\/v2\/product"}],"about":[{"href":"https:\/\/www.seaflowerstore.com\/de\/wp-json\/wp\/v2\/types\/product"}],"wp:featuredmedia":[{"embeddable":true,"href":"https:\/\/www.seaflowerstore.com\/de\/wp-json\/wp\/v2\/media\/83469"}],"wp:attachment":[{"href":"https:\/\/www.seaflowerstore.com\/de\/wp-json\/wp\/v2\/media?parent=87129"}],"wp:term":[{"taxonomy":"pwb-brand","embeddable":true,"href":"https:\/\/www.seaflowerstore.com\/de\/wp-json\/wp\/v2\/pwb-brand?post=87129"},{"taxonomy":"product_cat","embeddable":true,"href":"https:\/\/www.seaflowerstore.com\/de\/wp-json\/wp\/v2\/product_cat?post=87129"},{"taxonomy":"product_tag","embeddable":true,"href":"https:\/\/www.seaflowerstore.com\/de\/wp-json\/wp\/v2\/product_tag?post=87129"}],"curies":[{"name":"wp","href":"https:\/\/api.w.org\/{rel}","templated":true}]}}