{"id":87130,"date":"2017-11-07T20:47:35","date_gmt":"2017-11-07T19:47:35","guid":{"rendered":"https:\/\/www.seaflowerstore.com\/nl\/dosinghose-connection\/"},"modified":"2024-03-20T16:44:46","modified_gmt":"2024-03-20T15:44:46","slug":"dosinghose-connection","status":"publish","type":"product","link":"https:\/\/www.seaflowerstore.com\/de\/dosinghose-connection\/","title":{"rendered":"Dosinghose connection"},"content":{"rendered":"<h2>Coupling piece for dosing hose<\/h2>\n<p>Dieses Kupplungsst\u00fcck ist f\u00fcr Standarddosier- und Luftschl\u00e4uche mit einem Durchmesser von ca. 4 mm ausgelegt. Es ist ein wesentliches Bauteil f\u00fcr eine sichere Verbindung in Ihrem Dosiersystem.<\/p>\n<p><strong>Hauptmerkmale:<\/strong><\/p>\n<ul>\n<li>Kompatibel mit Standarddosierschl\u00e4uchen<\/li>\n<li>Langlebige Konstruktion f\u00fcr zuverl\u00e4ssige Leistung<\/li>\n<li>Einfach zu installieren und zu entfernen<\/li>\n<\/ul>\n<p>Ganz gleich, ob Sie an einem kleinen Projekt oder einem gr\u00f6\u00dferen System arbeiten, dieses Kupplungsst\u00fcck ist eine gro\u00dfartige Wahl, um die Effizienz und Effektivit\u00e4t Ihres Betriebs aufrechtzuerhalten.<\/p>\n","protected":false},"excerpt":{"rendered":"<p>Dosinghose connection easily extend dosing hoses<\/p>\n","protected":false},"featured_media":80016,"template":"","meta":[],"pwb-brand":[2161],"product_cat":[1420,1435],"product_tag":[],"class_list":{"0":"post-87130","1":"product","2":"type-product","3":"status-publish","4":"has-post-thumbnail","6":"pwb-brand-seaflower","7":"product_cat-doseerpomp-accessoires-de","8":"product_cat-silikonschlaeuche","9":"pa_show-myparcel-options-male-de","11":"first","12":"outofstock","13":"taxable","14":"shipping-taxable","15":"purchasable","16":"product-type-simple"},"acf":[],"brands":[{"id":2161,"name":"Seaflower","slug":"seaflower"}],"_links":{"self":[{"href":"https:\/\/www.seaflowerstore.com\/de\/wp-json\/wp\/v2\/product\/87130","targetHints":{"allow":["GET"]}}],"collection":[{"href":"https:\/\/www.seaflowerstore.com\/de\/wp-json\/wp\/v2\/product"}],"about":[{"href":"https:\/\/www.seaflowerstore.com\/de\/wp-json\/wp\/v2\/types\/product"}],"wp:featuredmedia":[{"embeddable":true,"href":"https:\/\/www.seaflowerstore.com\/de\/wp-json\/wp\/v2\/media\/80016"}],"wp:attachment":[{"href":"https:\/\/www.seaflowerstore.com\/de\/wp-json\/wp\/v2\/media?parent=87130"}],"wp:term":[{"taxonomy":"pwb-brand","embeddable":true,"href":"https:\/\/www.seaflowerstore.com\/de\/wp-json\/wp\/v2\/pwb-brand?post=87130"},{"taxonomy":"product_cat","embeddable":true,"href":"https:\/\/www.seaflowerstore.com\/de\/wp-json\/wp\/v2\/product_cat?post=87130"},{"taxonomy":"product_tag","embeddable":true,"href":"https:\/\/www.seaflowerstore.com\/de\/wp-json\/wp\/v2\/product_tag?post=87130"}],"curies":[{"name":"wp","href":"https:\/\/api.w.org\/{rel}","templated":true}]}}