{"id":87131,"date":"2017-11-06T22:25:35","date_gmt":"2017-11-06T21:25:35","guid":{"rendered":"https:\/\/www.seaflowerstore.com\/nl\/kz-bio-reef-salt-20kg\/"},"modified":"2024-03-20T16:44:45","modified_gmt":"2024-03-20T15:44:45","slug":"kz-bio-reef-salt-20kg","status":"publish","type":"product","link":"https:\/\/www.seaflowerstore.com\/de\/kz-bio-reef-salt-20kg\/","title":{"rendered":"KZ Bio Reef Salt &#8211; 20kg"},"content":{"rendered":"<h2>KZ Bio Reef Salt &#8211; 20kg<\/h2>\n<div class=\"shortDescription description cmsContent\" id=\"productShortdesc\">\n<p><strong>Reefers Bio Reef Salt Premium Quality<\/strong> wird mit gr\u00f6\u00dfter Sorgfalt hergestellt, nur die besten Chemikalien werden verwendet und die deutschen und europ\u00e4ischen Standards f\u00fcr pharmazeutische Produkte eingehalten.<\/p>\n<\/div>\n<div class=\"cmsContent\" id=\"description\">\n<p><strong>Dosierung:<\/strong> 38 Gramm pro Liter<br \/> Diese Menge ist f\u00fcr ungef\u00e4hr 530 Liter Salzwasser geeignet.<\/p>\n<p>Dieses <strong>Bio Premium Reef Salt<\/strong> wurde speziell f\u00fcr Riffliebhaber entwickelt, die nur das Beste erwarten. Sie werden eine positive Auswirkung auf Ihr empfindliches Meeresleben feststellen, wenn Sie Reefers erstklassiges Bio Reef Salt Premium Quality verwenden.<\/p>\n<p>Hier sind einige wichtige Vorteile:<\/p>\n<ul>\n<li>Bietet alle wichtigen Elemente, die Korallen ben\u00f6tigen<\/li>\n<li>Verbessert das Wohlbefinden aller Meereslebewesen und Korallen nach einem Wasserwechsel<\/li>\n<li>Sorgt f\u00fcr eine ausgewogene Zugabe der notwendigen Elemente<\/li>\n<li>Erf\u00fcllt h\u00f6chste Qualit\u00e4tsanforderungen<\/li>\n<li>Hinweis: Die Verpackung wurde leicht \u00fcberarbeitet; die Plastikt\u00fcte im Inneren der Schachtel ist jetzt verschwei\u00dft, w\u00e4hrend die Schachtel gleich geblieben ist!<\/li>\n<\/ul>\n<p><strong>Inhalt:<\/strong> 20 kg Schachtel<\/p>\n<\/div>\n","protected":false},"excerpt":{"rendered":"<p>Korallen Sigh Bio Reef Salt 20 kg for the production of perfect sea water For approximately 530 L of salt water<\/p>\n","protected":false},"featured_media":80014,"template":"","meta":[],"pwb-brand":[2159],"product_cat":[1443],"product_tag":[],"class_list":{"0":"post-87131","1":"product","2":"type-product","3":"status-publish","4":"has-post-thumbnail","6":"pwb-brand-korallen-zucht","7":"product_cat-salzig","8":"pa_show-myparcel-options-male-de","10":"first","11":"outofstock","12":"taxable","13":"shipping-taxable","14":"purchasable","15":"product-type-simple"},"acf":[],"brands":[{"id":2159,"name":"Korallen Zucht","slug":"korallen-zucht"}],"_links":{"self":[{"href":"https:\/\/www.seaflowerstore.com\/de\/wp-json\/wp\/v2\/product\/87131","targetHints":{"allow":["GET"]}}],"collection":[{"href":"https:\/\/www.seaflowerstore.com\/de\/wp-json\/wp\/v2\/product"}],"about":[{"href":"https:\/\/www.seaflowerstore.com\/de\/wp-json\/wp\/v2\/types\/product"}],"wp:featuredmedia":[{"embeddable":true,"href":"https:\/\/www.seaflowerstore.com\/de\/wp-json\/wp\/v2\/media\/80014"}],"wp:attachment":[{"href":"https:\/\/www.seaflowerstore.com\/de\/wp-json\/wp\/v2\/media?parent=87131"}],"wp:term":[{"taxonomy":"pwb-brand","embeddable":true,"href":"https:\/\/www.seaflowerstore.com\/de\/wp-json\/wp\/v2\/pwb-brand?post=87131"},{"taxonomy":"product_cat","embeddable":true,"href":"https:\/\/www.seaflowerstore.com\/de\/wp-json\/wp\/v2\/product_cat?post=87131"},{"taxonomy":"product_tag","embeddable":true,"href":"https:\/\/www.seaflowerstore.com\/de\/wp-json\/wp\/v2\/product_tag?post=87131"}],"curies":[{"name":"wp","href":"https:\/\/api.w.org\/{rel}","templated":true}]}}