{"id":87138,"date":"2017-10-26T19:40:49","date_gmt":"2017-10-26T17:40:49","guid":{"rendered":"https:\/\/www.seaflowerstore.com\/nl\/marinlab-1-test-envelop\/"},"modified":"2024-06-04T18:29:17","modified_gmt":"2024-06-04T16:29:17","slug":"marinlab-1-icp-oes-test","status":"publish","type":"product","link":"https:\/\/www.seaflowerstore.com\/de\/marinlab-1-icp-oes-test\/","title":{"rendered":"MarinLab 1 ICP-OES test"},"content":{"rendered":"<h2>MarinLab 1 test envelop<\/h2>\n<p>Der AquaForest MarinLab 1-Testbeh\u00e4lter verwendet die Methode der induktiv gekoppelten Plasmaspektrometrie (ICP-OES) zur Analyse von Meerwasser. Die bereitgestellte Probe wird bei 8 \u00b0C plasmagespr\u00fcht. Die zu analysierenden Substanzen werden mithilfe eines optischen Emissionsspektrometers (OES) quantifiziert. Dieser Test bietet Analysen f\u00fcr eine gro\u00dfe Bandbreite an Makro- und Spurenelementen, die f\u00fcr die Gesundheit Ihres Riffaquariums wichtig sind, darunter:<\/p>\n<ul>\n<li>Li, Si, I, Ba, Mo, Ni, Mn, Be, Cr, Co, Fe, V, Zn, Hg, Se, Cd, Sn, Sb, As, Al, PB, Ti, Cu, La, Sc, W, Na, Ca, Mg, K, Br, B, Sr, S, P, PO4<\/li>\n<li>Salzgehalt<\/li>\n<li>KH<\/li>\n<\/ul>\n<p>MarinLab bietet zwei Testkits an: eines mit einem R\u00f6hrchen f\u00fcr Aquarienwasser und ein weiteres mit zwei R\u00f6hrchen \u2013 eines f\u00fcr Aquarienwasser und ein weiteres f\u00fcr Ihr Umkehrosmosewasser (RO).<\/p>\n<h2>Inhalt des Marinlab-Kits<\/h2>\n<ul>\n<li>Ein Plastikumschlag, der alles enth\u00e4lt, was f\u00fcr die Analyse ben\u00f6tigt wird. Bitte \u00f6ffnen Sie ihn vorsichtig, da er auch f\u00fcr den Versand des Tests verwendet wird. Die Versandadresse ist bereits enthalten (bitte beachten Sie, dass die Versandkosten zum Labor nicht enthalten sind).<\/li>\n<li>Ein beschriftetes Plastikr\u00f6hrchen mit Verschluss.<\/li>\n<li>Ein Erl\u00e4uterungsblatt.<\/li>\n<\/ul>\n<h2>Schritte zur Verwendung des Marinlab-Analysekits<\/h2>\n<p>Nach dem Kauf des MarinLab-Kits (der Preis beinhaltet die Kosten f\u00fcr die Tests) befolgen Sie bitte diese Schritte:<\/p>\n<ol>\n<li>Erstellen Sie online ein Konto unter <a href=\"http:\/\/marinlab.com\/\" rel=\"nofollow noopener\" target=\"_blank\">http:\/\/marinlab.com<\/a> (achten Sie darauf, entweder Englisch oder Polnisch auszuw\u00e4hlen). Sie erhalten vor Ihrer ersten Anmeldung eine Best\u00e4tigungs-E-Mail.<\/li>\n<li>Sp\u00fclen Sie die R\u00f6hrchen zweimal in dem Aquarium aus, das Sie testen m\u00f6chten, und f\u00fcllen Sie das R\u00f6hrchen dann mit Salzwasser. Achten Sie darauf, das R\u00f6hrchen mit der mitgelieferten Kappe fest zu verschlie\u00dfen.<\/li>\n<li>Geben Sie in Ihrem MarinLab-Onlinekonto die Nummer auf dem R\u00f6hrchen ein (w\u00e4hlen Sie \u201eNeue Probe hinzuf\u00fcgen\u201c), nachdem Sie Ihr \u201eAquarium\u201c erstellt haben (w\u00e4hlen Sie \u201eNeues Becken hinzuf\u00fcgen\u201c).<\/li>\n<li>Legen Sie das Probenr\u00f6hrchen in den Umschlag und frankieren Sie es vor dem Versand.<\/li>\n<li>Sie erhalten eine E-Mail, sobald der Test abgeschlossen ist. Melden Sie sich bei Ihrem Konto an, um Ihre Ergebnisse anzuzeigen und abzurufen.<\/li>\n<\/ol>\n<h2>Verz\u00f6gerungen zwischen Senden und Empfangen der Ergebnisse<\/h2>\n<ul>\n<li>Es dauert normalerweise etwa 10 Tage, nachdem Sie die Box abgeschickt haben, bis Sie eine E-Mail bez\u00fcglich der Verf\u00fcgbarkeit der Analyse erhalten.<\/li>\n<\/ul>\n<h2>Die Ergebnisse<\/h2>\n<p>Sobald Sie die Verf\u00fcgbarkeits-E-Mail erhalten haben, k\u00f6nnen Sie sich auf der MarinLab-Website anmelden. Wenn Sie zuvor Analysen mit MarinLab durchgef\u00fchrt haben, haben Sie Zugriff auf Ihren Verlauf und k\u00f6nnen den Test ausw\u00e4hlen, den Sie anzeigen m\u00f6chten.<\/p>\n","protected":false},"excerpt":{"rendered":"<p>AquaForest MarinLab 1 test envelop uses the Inductively Coupled Plasma Spectrometry (ICP-OES) method for the analysis of sea water<\/p>\n","protected":false},"featured_media":122245,"template":"","meta":[],"pwb-brand":[2199],"product_cat":[1452,1414],"product_tag":[],"class_list":{"0":"post-87138","1":"product","2":"type-product","3":"status-publish","4":"has-post-thumbnail","6":"pwb-brand-aquaforest","7":"product_cat-labortest","8":"product_cat-aquaforest-de","9":"pa_show-myparcel-options-male-de","11":"first","12":"instock","13":"sale","14":"taxable","15":"shipping-taxable","16":"purchasable","17":"product-type-simple"},"acf":[],"brands":[{"id":2199,"name":"Aquaforest","slug":"aquaforest"}],"_links":{"self":[{"href":"https:\/\/www.seaflowerstore.com\/de\/wp-json\/wp\/v2\/product\/87138","targetHints":{"allow":["GET"]}}],"collection":[{"href":"https:\/\/www.seaflowerstore.com\/de\/wp-json\/wp\/v2\/product"}],"about":[{"href":"https:\/\/www.seaflowerstore.com\/de\/wp-json\/wp\/v2\/types\/product"}],"wp:featuredmedia":[{"embeddable":true,"href":"https:\/\/www.seaflowerstore.com\/de\/wp-json\/wp\/v2\/media\/122245"}],"wp:attachment":[{"href":"https:\/\/www.seaflowerstore.com\/de\/wp-json\/wp\/v2\/media?parent=87138"}],"wp:term":[{"taxonomy":"pwb-brand","embeddable":true,"href":"https:\/\/www.seaflowerstore.com\/de\/wp-json\/wp\/v2\/pwb-brand?post=87138"},{"taxonomy":"product_cat","embeddable":true,"href":"https:\/\/www.seaflowerstore.com\/de\/wp-json\/wp\/v2\/product_cat?post=87138"},{"taxonomy":"product_tag","embeddable":true,"href":"https:\/\/www.seaflowerstore.com\/de\/wp-json\/wp\/v2\/product_tag?post=87138"}],"curies":[{"name":"wp","href":"https:\/\/api.w.org\/{rel}","templated":true}]}}