{"id":87140,"date":"2017-10-18T12:19:41","date_gmt":"2017-10-18T10:19:41","guid":{"rendered":"https:\/\/www.seaflowerstore.com\/nl\/ati-carbo-ex-15-liter-airfilter-for-skimmers\/"},"modified":"2026-03-01T16:20:09","modified_gmt":"2026-03-01T15:20:09","slug":"ati-carbo-ex-15-liter-airfilter-for-skimmers","status":"publish","type":"product","link":"https:\/\/www.seaflowerstore.com\/de\/ati-carbo-ex-15-liter-airfilter-for-skimmers\/","title":{"rendered":"ATI Carbo-Ex 1,5 Liter- airfilter for skimmers"},"content":{"rendered":"<h2>ATI Carbo-Ex 1,5 Liter- airfilter for skimmers<\/h2>\n<p>Carbo Ex ist ein praktischer Luftfilter f\u00fcr Absch\u00e4umer, der neben dem Granulat zur CO2-Entfernung auch einen Feinstaubfilter beinhaltet. Dadurch wird nicht nur die CO2-Konzentration in der Luft reduziert, sondern auch Staub und Pollen werden herausgefiltert.<\/p>\n<p><strong>Hier sind einige der Vorteile der Verwendung von Carbo Ex:<\/strong><\/p>\n<ul>\n<li>Es hilft, einen h\u00f6heren und stabileren pH-Wert zu erreichen, \u00e4hnlich wie er in der Natur vorkommt.<\/li>\n<li>Es reduziert das Algenwachstum aufgrund der geringeren CO2-Konzentration im Wasser.<\/li>\n<li>Das Korallenwachstum wird dank des verbesserten und stabilen pH-Werts gef\u00f6rdert.<\/li>\n<li>Carbo Ex ist eine gebrauchsfertige Kartusche, sodass Sie sofort mit der Verwendung beginnen k\u00f6nnen.<\/li>\n<li>Der Filter ist in Kombination mit einem geeigneten Absch\u00e4umer perfekt f\u00fcr Aquarien bis zu ca. 700 Litern geeignet.<\/li>\n<li>Die Anschlussspezifikationen sind 8 x 10 mm \u00d8, mit Adaptern f\u00fcr 7 mm innen \/ 12 mm au\u00dfen und 9 mm innen \/ 14 mm au\u00dfen.<\/li>\n<\/ul>\n<p><strong>Bitte Hinweis:<\/strong> Die F\u00fcllung kann nicht auf herk\u00f6mmliche Weise ausgetauscht werden, da der Kanister verklebt ist. Die 4-Liter-Variante ist jedoch nachf\u00fcllbar.<\/p>\n","protected":false},"excerpt":{"rendered":"<p>ATI Carbo-Ex suction filter for skimmers (not refillable) increases the suction air pH value<\/p>\n","protected":false},"featured_media":79989,"template":"","meta":[],"pwb-brand":[2131],"product_cat":[1434,1395,1389],"product_tag":[],"class_list":{"0":"post-87140","1":"product","2":"type-product","3":"status-publish","4":"has-post-thumbnail","6":"pwb-brand-ati","7":"product_cat-teile-de","8":"product_cat-ati-de","9":"product_cat-wervelbedfilter-media-filter-de","10":"pa_show-myparcel-options-male-de","12":"first","13":"outofstock","14":"sale","15":"taxable","16":"shipping-taxable","17":"purchasable","18":"product-type-simple"},"acf":[],"brands":[{"id":2131,"name":"ATI","slug":"ati"}],"_links":{"self":[{"href":"https:\/\/www.seaflowerstore.com\/de\/wp-json\/wp\/v2\/product\/87140","targetHints":{"allow":["GET"]}}],"collection":[{"href":"https:\/\/www.seaflowerstore.com\/de\/wp-json\/wp\/v2\/product"}],"about":[{"href":"https:\/\/www.seaflowerstore.com\/de\/wp-json\/wp\/v2\/types\/product"}],"wp:featuredmedia":[{"embeddable":true,"href":"https:\/\/www.seaflowerstore.com\/de\/wp-json\/wp\/v2\/media\/79989"}],"wp:attachment":[{"href":"https:\/\/www.seaflowerstore.com\/de\/wp-json\/wp\/v2\/media?parent=87140"}],"wp:term":[{"taxonomy":"pwb-brand","embeddable":true,"href":"https:\/\/www.seaflowerstore.com\/de\/wp-json\/wp\/v2\/pwb-brand?post=87140"},{"taxonomy":"product_cat","embeddable":true,"href":"https:\/\/www.seaflowerstore.com\/de\/wp-json\/wp\/v2\/product_cat?post=87140"},{"taxonomy":"product_tag","embeddable":true,"href":"https:\/\/www.seaflowerstore.com\/de\/wp-json\/wp\/v2\/product_tag?post=87140"}],"curies":[{"name":"wp","href":"https:\/\/api.w.org\/{rel}","templated":true}]}}