{"id":87144,"date":"2017-10-01T09:52:58","date_gmt":"2017-10-01T07:52:58","guid":{"rendered":"https:\/\/www.seaflowerstore.com\/nl\/sulfur-pearls-am\/"},"modified":"2024-03-20T16:46:44","modified_gmt":"2024-03-20T15:46:44","slug":"sulfur-pearls-am","status":"publish","type":"product","link":"https:\/\/www.seaflowerstore.com\/de\/sulfur-pearls-am\/","title":{"rendered":"Sulfur pearls (AM)"},"content":{"rendered":"<h2>Aqua Medic sulfur pearls Filter medium for Sulphur denitrification reactors<\/h2>\n<p><strong>Schwefelperlen<\/strong> sind spezielle Perlen aus reinem Schwefel. Sie dienen sowohl als Filtermedium als auch als Energiequelle f\u00fcr Bakterien in Schwefelnitratreduzierern. Es ist wichtig zu beachten, dass diese Perlen regelm\u00e4\u00dfig ausgetauscht werden m\u00fcssen, da die Bakterien sie nach und nach verbrauchen.<\/p>\n<p><strong>Achtung:<\/strong> Bitte verwenden Sie Schwefelperlen nur in anaeroben Filtern zur Nitratentfernung mit geringer Wasserdurchflussrate.<\/p>\n","protected":false},"excerpt":{"rendered":"<p>filter medium and energy source for the bacteria<\/p>\n","protected":false},"featured_media":79979,"template":"","meta":[],"pwb-brand":[2149],"product_cat":[1421,1537,1493,741],"product_tag":[],"class_list":{"0":"post-87144","1":"product","2":"type-product","3":"status-publish","4":"has-post-thumbnail","6":"pwb-brand-aqua-medic","7":"product_cat-aqua-medic-de","8":"product_cat-aquarientechnik","9":"product_cat-vulling-de","10":"product_cat-brands","11":"pa_inhoud-1000-ml-de","12":"pa_inhoud-5-l-de","13":"pa_show-myparcel-options-male-de","15":"first","16":"instock","17":"taxable","18":"shipping-taxable","19":"purchasable","20":"product-type-variable"},"acf":[],"brands":[{"id":2149,"name":"Aqua Medic","slug":"aqua-medic"}],"_links":{"self":[{"href":"https:\/\/www.seaflowerstore.com\/de\/wp-json\/wp\/v2\/product\/87144","targetHints":{"allow":["GET"]}}],"collection":[{"href":"https:\/\/www.seaflowerstore.com\/de\/wp-json\/wp\/v2\/product"}],"about":[{"href":"https:\/\/www.seaflowerstore.com\/de\/wp-json\/wp\/v2\/types\/product"}],"wp:featuredmedia":[{"embeddable":true,"href":"https:\/\/www.seaflowerstore.com\/de\/wp-json\/wp\/v2\/media\/79979"}],"wp:attachment":[{"href":"https:\/\/www.seaflowerstore.com\/de\/wp-json\/wp\/v2\/media?parent=87144"}],"wp:term":[{"taxonomy":"pwb-brand","embeddable":true,"href":"https:\/\/www.seaflowerstore.com\/de\/wp-json\/wp\/v2\/pwb-brand?post=87144"},{"taxonomy":"product_cat","embeddable":true,"href":"https:\/\/www.seaflowerstore.com\/de\/wp-json\/wp\/v2\/product_cat?post=87144"},{"taxonomy":"product_tag","embeddable":true,"href":"https:\/\/www.seaflowerstore.com\/de\/wp-json\/wp\/v2\/product_tag?post=87144"}],"curies":[{"name":"wp","href":"https:\/\/api.w.org\/{rel}","templated":true}]}}