{"id":87147,"date":"2017-09-27T17:57:38","date_gmt":"2017-09-27T17:57:38","guid":{"rendered":"https:\/\/www.seaflowerstore.com\/nl\/ez-trace\/"},"modified":"2024-03-20T16:44:21","modified_gmt":"2024-03-20T15:44:21","slug":"ez-trace","status":"publish","type":"product","link":"https:\/\/www.seaflowerstore.com\/de\/ez-trace\/","title":{"rendered":"EZ-Trace"},"content":{"rendered":"<h2>DSR EZ Trace is a mixture of Magnesium, Potassium, Sulphate, Boron, Iodine and Manganese<\/h2>\n<p>DSR EZ Trace ist eine sofort dosierbare L\u00f6sung, die wichtige Spurenelemente f\u00fcr den t\u00e4glichen Gebrauch liefert. Sie ist f\u00fcr die Verwendung in den Programmen Full-DSR und EZ-DSR konzipiert. Die Dosierung wird auf der Grundlage von 50 % des EZ-Calciumverbrauchs berechnet.<\/p>\n<p>Hier ist das ideale EZ-Set:<\/p>\n<ul>\n<li>500 ml EZ Carbon<\/li>\n<li>5000 ml EZ Buffer<\/li>\n<li>1000 ml EZ Calcium<\/li>\n<li>500 ml EZ Trace<\/li>\n<\/ul>\n","protected":false},"excerpt":{"rendered":"<p>DSR EZ Trace is a mixture of Magnesium, Potassium, Sulphate, Boron, Iodine and Manganese<\/p>\n","protected":false},"featured_media":79975,"template":"","meta":[],"pwb-brand":[2183],"product_cat":[1391,1409],"product_tag":[],"class_list":{"0":"post-87147","1":"product","2":"type-product","3":"status-publish","4":"has-post-thumbnail","6":"pwb-brand-dsr","7":"product_cat-ergaenzungen","8":"product_cat-dsr-de","9":"pa_inhoud-1000-ml-de","10":"pa_inhoud-5-l-de","11":"pa_inhoud-500-ml-de","12":"pa_show-myparcel-options-male-de","14":"first","15":"outofstock","16":"sale","17":"taxable","18":"shipping-taxable","19":"purchasable","20":"product-type-variable"},"acf":[],"brands":[{"id":2183,"name":"DSR","slug":"dsr"}],"_links":{"self":[{"href":"https:\/\/www.seaflowerstore.com\/de\/wp-json\/wp\/v2\/product\/87147","targetHints":{"allow":["GET"]}}],"collection":[{"href":"https:\/\/www.seaflowerstore.com\/de\/wp-json\/wp\/v2\/product"}],"about":[{"href":"https:\/\/www.seaflowerstore.com\/de\/wp-json\/wp\/v2\/types\/product"}],"wp:featuredmedia":[{"embeddable":true,"href":"https:\/\/www.seaflowerstore.com\/de\/wp-json\/wp\/v2\/media\/79975"}],"wp:attachment":[{"href":"https:\/\/www.seaflowerstore.com\/de\/wp-json\/wp\/v2\/media?parent=87147"}],"wp:term":[{"taxonomy":"pwb-brand","embeddable":true,"href":"https:\/\/www.seaflowerstore.com\/de\/wp-json\/wp\/v2\/pwb-brand?post=87147"},{"taxonomy":"product_cat","embeddable":true,"href":"https:\/\/www.seaflowerstore.com\/de\/wp-json\/wp\/v2\/product_cat?post=87147"},{"taxonomy":"product_tag","embeddable":true,"href":"https:\/\/www.seaflowerstore.com\/de\/wp-json\/wp\/v2\/product_tag?post=87147"}],"curies":[{"name":"wp","href":"https:\/\/api.w.org\/{rel}","templated":true}]}}