{"id":87167,"date":"2017-09-06T16:10:39","date_gmt":"2017-09-06T14:10:39","guid":{"rendered":"https:\/\/www.seaflowerstore.com\/nl\/mini-deniballs-05-l\/"},"modified":"2024-03-20T16:43:54","modified_gmt":"2024-03-20T15:43:54","slug":"mini-deniballs-05-l","status":"publish","type":"product","link":"https:\/\/www.seaflowerstore.com\/de\/mini-deniballs-05-l\/","title":{"rendered":"Mini Deniballs &#8211; 0,5 L"},"content":{"rendered":"<h2>Aqua Medic Mini-Deniballs Are filter material and bacteria feed for the Nitratereductor<\/h2>\n<p>Mini-Deniballs werden aus einem einzigartigen biologisch basierten Kunststoff hergestellt. Eine Packung mit 0,5 Litern (ungef\u00e4hr 0,2 Gallonen) enth\u00e4lt genug Material, um einem Nitratreductor volle 12 Monate lang als einzige Nahrungsquelle zu dienen. <\/p>\n<p>Wir empfehlen, die Mini-Deniballs nach etwa 12 Monaten auszutauschen, um eine sichere und problemlose Denitrifikation sowohl in S\u00fc\u00df- als auch in Salzwasseraquarien zu gew\u00e4hrleisten.<\/p>\n","protected":false},"excerpt":{"rendered":"<p>Aqua Medic Mini-Deniballs Are filter material and bacteria feed for the Nitratereductor<\/p>\n","protected":false},"featured_media":83470,"template":"","meta":[],"pwb-brand":[2149],"product_cat":[1421,1537,741],"product_tag":[],"class_list":{"0":"post-87167","1":"product","2":"type-product","3":"status-publish","4":"has-post-thumbnail","6":"pwb-brand-aqua-medic","7":"product_cat-aqua-medic-de","8":"product_cat-aquarientechnik","9":"product_cat-brands","10":"pa_show-myparcel-options-male-de","12":"first","13":"outofstock","14":"taxable","15":"shipping-taxable","16":"purchasable","17":"product-type-simple"},"acf":[],"brands":[{"id":2149,"name":"Aqua Medic","slug":"aqua-medic"}],"_links":{"self":[{"href":"https:\/\/www.seaflowerstore.com\/de\/wp-json\/wp\/v2\/product\/87167","targetHints":{"allow":["GET"]}}],"collection":[{"href":"https:\/\/www.seaflowerstore.com\/de\/wp-json\/wp\/v2\/product"}],"about":[{"href":"https:\/\/www.seaflowerstore.com\/de\/wp-json\/wp\/v2\/types\/product"}],"wp:featuredmedia":[{"embeddable":true,"href":"https:\/\/www.seaflowerstore.com\/de\/wp-json\/wp\/v2\/media\/83470"}],"wp:attachment":[{"href":"https:\/\/www.seaflowerstore.com\/de\/wp-json\/wp\/v2\/media?parent=87167"}],"wp:term":[{"taxonomy":"pwb-brand","embeddable":true,"href":"https:\/\/www.seaflowerstore.com\/de\/wp-json\/wp\/v2\/pwb-brand?post=87167"},{"taxonomy":"product_cat","embeddable":true,"href":"https:\/\/www.seaflowerstore.com\/de\/wp-json\/wp\/v2\/product_cat?post=87167"},{"taxonomy":"product_tag","embeddable":true,"href":"https:\/\/www.seaflowerstore.com\/de\/wp-json\/wp\/v2\/product_tag?post=87167"}],"curies":[{"name":"wp","href":"https:\/\/api.w.org\/{rel}","templated":true}]}}