{"id":87168,"date":"2017-09-06T15:49:27","date_gmt":"2017-09-06T13:49:27","guid":{"rendered":"https:\/\/www.seaflowerstore.com\/nl\/denimar-150gr\/"},"modified":"2024-03-20T16:43:50","modified_gmt":"2024-03-20T15:43:50","slug":"denimar-150gr","status":"publish","type":"product","link":"https:\/\/www.seaflowerstore.com\/de\/denimar-150gr\/","title":{"rendered":"Denimar &#8211; 150gr"},"content":{"rendered":"<h2>Aqua Medic Denimar 150gr (410.76-1)<\/h2>\n<p>Um Nitrat effektiv zu entfernen, ben\u00f6tigen die Bakterien in einem anaeroben Biofilter organische N\u00e4hrstoffe als Energie. Durch die t\u00e4gliche Dosierung von <strong>Denimar<\/strong> k\u00f6nnen Sie im Nitratreductor beeindruckende Nitratentfernungsraten erzielen. <strong>Denimar<\/strong> ist sowohl f\u00fcr Meerwasser- als auch f\u00fcr S\u00fc\u00dfwasseraquarien geeignet. Es enth\u00e4lt keine D\u00fcngemittel und f\u00f6rdert kein Algenwachstum.<\/p>\n<p>Detailliertere Informationen finden Sie im <a href=\"https:\/\/www.aqua-medic.de\/manuals\/76-%20D-ENG-F_14247907490.pdf\" target=\"_blank\" rel=\"noopener nofollow\">Handbuch<\/a>.<\/p>\n","protected":false},"excerpt":{"rendered":"<p>Aqua Medic Denimar 150gr high nitrate removal rates can be achieved<\/p>\n","protected":false},"featured_media":79944,"template":"","meta":[],"pwb-brand":[2149],"product_cat":[1421,1453,515,741],"product_tag":[],"class_list":{"0":"post-87168","1":"product","2":"type-product","3":"status-publish","4":"has-post-thumbnail","6":"pwb-brand-aqua-medic","7":"product_cat-aqua-medic-de","8":"product_cat-nitrat-und-phosphatentferner","9":"product_cat-additives","10":"product_cat-brands","11":"pa_show-myparcel-options-male-de","13":"first","14":"instock","15":"taxable","16":"shipping-taxable","17":"purchasable","18":"product-type-simple"},"acf":[],"brands":[{"id":2149,"name":"Aqua Medic","slug":"aqua-medic"}],"_links":{"self":[{"href":"https:\/\/www.seaflowerstore.com\/de\/wp-json\/wp\/v2\/product\/87168","targetHints":{"allow":["GET"]}}],"collection":[{"href":"https:\/\/www.seaflowerstore.com\/de\/wp-json\/wp\/v2\/product"}],"about":[{"href":"https:\/\/www.seaflowerstore.com\/de\/wp-json\/wp\/v2\/types\/product"}],"wp:featuredmedia":[{"embeddable":true,"href":"https:\/\/www.seaflowerstore.com\/de\/wp-json\/wp\/v2\/media\/79944"}],"wp:attachment":[{"href":"https:\/\/www.seaflowerstore.com\/de\/wp-json\/wp\/v2\/media?parent=87168"}],"wp:term":[{"taxonomy":"pwb-brand","embeddable":true,"href":"https:\/\/www.seaflowerstore.com\/de\/wp-json\/wp\/v2\/pwb-brand?post=87168"},{"taxonomy":"product_cat","embeddable":true,"href":"https:\/\/www.seaflowerstore.com\/de\/wp-json\/wp\/v2\/product_cat?post=87168"},{"taxonomy":"product_tag","embeddable":true,"href":"https:\/\/www.seaflowerstore.com\/de\/wp-json\/wp\/v2\/product_tag?post=87168"}],"curies":[{"name":"wp","href":"https:\/\/api.w.org\/{rel}","templated":true}]}}