{"id":87192,"date":"2017-08-08T09:04:36","date_gmt":"2017-08-08T07:04:36","guid":{"rendered":"https:\/\/www.seaflowerstore.com\/nl\/aquaforest-kh-test\/"},"modified":"2024-03-20T16:43:40","modified_gmt":"2024-03-20T15:43:40","slug":"aquaforest-kh-test","status":"publish","type":"product","link":"https:\/\/www.seaflowerstore.com\/de\/aquaforest-kh-test\/","title":{"rendered":"Aquaforest KH test"},"content":{"rendered":"<h2>Aquaforest kh test is designed to quickly measure Carbonate Hardness(dKH) and Alkalinity(meq \/L) in marine water<\/h2>\n<p>Der Aquaforest KH-Test ist ein fantastisches Werkzeug zur schnellen Messung der Karbonath\u00e4rte (dKH) und Alkalinit\u00e4t (meq\/L) in Meerwasser. Regelm\u00e4\u00dfige Analysen der Alkalinit\u00e4t sind ebenso wichtig wie die \u00dcberwachung anderer wichtiger Wasserparameter wie Kalzium und Magnesium.<\/p>\n<p><strong>Empfohlener Karbonath\u00e4rtegrad:<\/strong> 6,5 \u2013 8,0 dKH.<\/p>\n<p>Dieses Testkit enth\u00e4lt gen\u00fcgend Reagenzien, um ungef\u00e4hr 78 bis 100 Einzeltests innerhalb dieses empfohlenen Bereichs durchzuf\u00fchren. Es ist eine hervorragende Investition zur Erhaltung einer gesunden Meeresumwelt.<\/p>\n","protected":false},"excerpt":{"rendered":"<p>Aquaforest Alkalinity test is designed to quickly measure Carbonate Hardness(dKH) and Alkalinity(meq \/L) in marine water<\/p>\n","protected":false},"featured_media":79870,"template":"","meta":[],"pwb-brand":[2199],"product_cat":[1400,1414],"product_tag":[],"class_list":{"0":"post-87192","1":"product","2":"type-product","3":"status-publish","4":"has-post-thumbnail","6":"pwb-brand-aquaforest","7":"product_cat-tester","8":"product_cat-aquaforest-de","9":"pa_show-myparcel-options-male-de","11":"first","12":"instock","13":"taxable","14":"shipping-taxable","15":"purchasable","16":"product-type-simple"},"acf":[],"brands":[{"id":2199,"name":"Aquaforest","slug":"aquaforest"}],"_links":{"self":[{"href":"https:\/\/www.seaflowerstore.com\/de\/wp-json\/wp\/v2\/product\/87192","targetHints":{"allow":["GET"]}}],"collection":[{"href":"https:\/\/www.seaflowerstore.com\/de\/wp-json\/wp\/v2\/product"}],"about":[{"href":"https:\/\/www.seaflowerstore.com\/de\/wp-json\/wp\/v2\/types\/product"}],"wp:featuredmedia":[{"embeddable":true,"href":"https:\/\/www.seaflowerstore.com\/de\/wp-json\/wp\/v2\/media\/79870"}],"wp:attachment":[{"href":"https:\/\/www.seaflowerstore.com\/de\/wp-json\/wp\/v2\/media?parent=87192"}],"wp:term":[{"taxonomy":"pwb-brand","embeddable":true,"href":"https:\/\/www.seaflowerstore.com\/de\/wp-json\/wp\/v2\/pwb-brand?post=87192"},{"taxonomy":"product_cat","embeddable":true,"href":"https:\/\/www.seaflowerstore.com\/de\/wp-json\/wp\/v2\/product_cat?post=87192"},{"taxonomy":"product_tag","embeddable":true,"href":"https:\/\/www.seaflowerstore.com\/de\/wp-json\/wp\/v2\/product_tag?post=87192"}],"curies":[{"name":"wp","href":"https:\/\/api.w.org\/{rel}","templated":true}]}}