{"id":87193,"date":"2017-07-19T09:51:52","date_gmt":"2017-07-19T07:51:52","guid":{"rendered":"https:\/\/www.seaflowerstore.com\/nl\/redsea-filterbag\/"},"modified":"2024-03-20T16:44:19","modified_gmt":"2024-03-20T15:44:19","slug":"redsea-filterbag","status":"publish","type":"product","link":"https:\/\/www.seaflowerstore.com\/de\/redsea-filterbag\/","title":{"rendered":"RedSea filterbag"},"content":{"rendered":"<h2>RedSea filterbag<\/h2>\n<p><strong>Red Sea Filterbeutel<\/strong> bieten eine Vielzahl hochwertiger, wiederverwendbarer Aquarienfilterbeutel, die unterschiedliche Stufen der mechanischen Filterung bieten. Mit einer L\u00e4nge von 10,5 Zoll (26 cm) sind diese Filterbeutel f\u00fcr die Aquarien REEFER und MAX-S von Red Sea konzipiert, passen aber auch in jeden Standard-Filterbeutelhalter mit 9 cm Durchmesser.<\/p>\n<h4>Filzfilterbeutel f\u00fcr Aquarien von Red Sea mit 100 und 225 Mikron<\/h4>\n<p>Die Filzfilterbeutel sind in zwei Porosit\u00e4ten erh\u00e4ltlich und fangen Partikel \u00e4u\u00dferst effektiv in der dicken Wand des Beutels ein.<\/p>\n<ul>\n<li><strong>Filzfilterbeutel mit 100 Mikron<\/strong> sind so gefertigt, dass sie eine feine \u201ePolitur\u201c von Wasser bieten, das bereits wenig Partikel enth\u00e4lt, und sind daher ideal f\u00fcr reife Aquarien.<\/li>\n<li><strong>Filzfilterbeutel mit 225 Mikron<\/strong> sind perfekt f\u00fcr den regelm\u00e4\u00dfigen t\u00e4glichen Gebrauch und erm\u00f6glichen im Vergleich zu den Beuteln mit 100 Mikron l\u00e4ngere Reinigungsintervalle.<\/li>\n<\/ul>\n<p><strong>Red Seas 225 Mikron-Aquarienfilter mit d\u00fcnnem Netz Beutel<\/strong><\/p>\n<ul>\n<li>Diese 225 Mikron feinmaschigen Aquarienfilterbeutel eignen sich hervorragend f\u00fcr neue Einrichtungen und nach intensiver Wartung oder immer dann, wenn sich im Wasser eine erhebliche Menge an Partikeln befindet. Sie k\u00f6nnen auch als Halter f\u00fcr andere mechanische oder chemische Filtermedien dienen. Dank ihrer Monofilament-Konstruktion sind diese Beutel sehr leicht zu reinigen und werden derzeit in REEFER\u2122- und MAX-S\u2122-Systemen verwendet.<\/li>\n<\/ul>\n<p><strong>*Lieferumfang: 1 Beutel<\/strong><\/p>\n","protected":false},"excerpt":{"rendered":"<p>RedSea filterbags providing different levels of mechanical filtration for Red Sea aquaria<\/p>\n","protected":false},"featured_media":83152,"template":"","meta":[],"pwb-brand":[2125],"product_cat":[1403,1404],"product_tag":[],"class_list":{"0":"post-87193","1":"product","2":"type-product","3":"status-publish","4":"has-post-thumbnail","6":"pwb-brand-red-sea","7":"product_cat-beutel-filterung","8":"product_cat-redsea-de","9":"pa_gafzak-l26-100micron-de","10":"pa_gafzak-l26-225-thin-micron-de","11":"pa_gafzak-l26-225micron-de","12":"pa_show-myparcel-options-male-de","14":"first","15":"instock","16":"sale","17":"taxable","18":"shipping-taxable","19":"purchasable","20":"product-type-variable"},"acf":[],"brands":[{"id":2125,"name":"Red Sea","slug":"red-sea"}],"_links":{"self":[{"href":"https:\/\/www.seaflowerstore.com\/de\/wp-json\/wp\/v2\/product\/87193","targetHints":{"allow":["GET"]}}],"collection":[{"href":"https:\/\/www.seaflowerstore.com\/de\/wp-json\/wp\/v2\/product"}],"about":[{"href":"https:\/\/www.seaflowerstore.com\/de\/wp-json\/wp\/v2\/types\/product"}],"wp:featuredmedia":[{"embeddable":true,"href":"https:\/\/www.seaflowerstore.com\/de\/wp-json\/wp\/v2\/media\/83152"}],"wp:attachment":[{"href":"https:\/\/www.seaflowerstore.com\/de\/wp-json\/wp\/v2\/media?parent=87193"}],"wp:term":[{"taxonomy":"pwb-brand","embeddable":true,"href":"https:\/\/www.seaflowerstore.com\/de\/wp-json\/wp\/v2\/pwb-brand?post=87193"},{"taxonomy":"product_cat","embeddable":true,"href":"https:\/\/www.seaflowerstore.com\/de\/wp-json\/wp\/v2\/product_cat?post=87193"},{"taxonomy":"product_tag","embeddable":true,"href":"https:\/\/www.seaflowerstore.com\/de\/wp-json\/wp\/v2\/product_tag?post=87193"}],"curies":[{"name":"wp","href":"https:\/\/api.w.org\/{rel}","templated":true}]}}