{"id":87198,"date":"2017-07-12T17:48:21","date_gmt":"2017-07-12T15:48:21","guid":{"rendered":"https:\/\/www.seaflowerstore.com\/nl\/platinum-line-plus-24v-aquamedic\/"},"modified":"2024-03-20T16:43:30","modified_gmt":"2024-03-20T15:43:30","slug":"platinum-line-plus-24v-aquamedic","status":"publish","type":"product","link":"https:\/\/www.seaflowerstore.com\/de\/platinum-line-plus-24v-aquamedic\/","title":{"rendered":"Platinum line plus 24v (AquaMedic)"},"content":{"rendered":"<h2>Aquamedic Platinum line plus 24v is a reverse osmosis device incl. High pressure pump for the production of 400 liters of water \/ day<\/h2>\n<p>Das Umkehrosmosesystem <strong>Aquamedic Platinum line plus<\/strong> ist f\u00fcr die Produktion von weichem Wasser mit geringem Salzgehalt konzipiert und eignet sich daher perfekt f\u00fcr S\u00fc\u00df- und Salzwasseraquarien sowie zum Bespr\u00fchen von Terrarien und f\u00fcr verschiedene andere Anwendungen.<\/p>\n<p>Diese kompakte und vielseitige Einheit verf\u00fcgt \u00fcber drei gro\u00dfe 10-Zoll-Filtergeh\u00e4use. Die Filter, die <strong>Aktivkohle, Feinfilter und Demineralisierungsharz<\/strong> enthalten, k\u00f6nnen bei Bedarf einfach ausgetauscht werden. Dar\u00fcber hinaus bietet das mitgelieferte Druckmessger\u00e4t eine kontinuierliche R\u00fcckmeldung \u00fcber den Betriebsdruck.<\/p>\n<p>Alle Komponenten, einschlie\u00dflich der Filtergeh\u00e4use und des Membranmoduls, sind sicher auf einer langlebigen pulverbeschichteten Halterung montiert. Das System ist mit einer Hochdruckpumpe ausgestattet, die mit sicheren <strong>24 Volt<\/strong> betrieben wird und \u00fcber ein Sp\u00fclventil verf\u00fcgt, sodass es reines Wasser mit beeindruckender Effizienz liefert und ein Verh\u00e4ltnis von Abfall zu reinem Wasser von ungef\u00e4hr 1:1 erreicht. Dieses Ger\u00e4t entfernt etwa 99 % des Salzes und gew\u00e4hrleistet so eine hohe Qualit\u00e4t der Ergebnisse.<\/p>\n<p>Dank der vollautomatischen R\u00fccksp\u00fclung und der st\u00e4ndigen \u00dcberwachung des Reinwassers erfordert dieses System nur minimalen Wartungsaufwand und ist daher benutzerfreundlich.<\/p>\n<table border=\"1\">\n<tbody>\n<tr>\n<td>Abmessungen (L x B x H)<\/td>\n<td>38 x 22 x 47 cm<\/td>\n<\/tr>\n<tr>\n<td>Schlauchdurchmesser<\/td>\n<td>1\/4 Zoll<\/td>\n<\/tr>\n<tr>\n<td>F\u00fcllkapazit\u00e4t f\u00fcr Harz<\/td>\n<td>600 ml<\/td>\n<\/tr>\n<\/tbody>\n<\/table>\n<p>Bitte beachten Sie, dass das Ger\u00e4t ohne Schl\u00e4uche geliefert wird. \u00dcberpr\u00fcfen Sie die Verpackung sorgf\u00e4ltig, da die Membran in einer gefalteten Ecke der Schachtel verstaut ist.<\/p>\n","protected":false},"excerpt":{"rendered":"<p>Aquamedic Platinum line plus 24v is a reverse osmosis device incl. High pressure pump for the production of 400 liters of water \/ day<\/p>\n","protected":false},"featured_media":79860,"template":"","meta":[],"pwb-brand":[2149],"product_cat":[1468,1421],"product_tag":[],"class_list":{"0":"post-87198","1":"product","2":"type-product","3":"status-publish","4":"has-post-thumbnail","6":"pwb-brand-aqua-medic","7":"product_cat-osmose-ionenaustauscher","8":"product_cat-aqua-medic-de","9":"pa_show-myparcel-options-male-de","11":"first","12":"instock","13":"sale","14":"taxable","15":"shipping-taxable","16":"purchasable","17":"product-type-simple"},"acf":[],"brands":[{"id":2149,"name":"Aqua Medic","slug":"aqua-medic"}],"_links":{"self":[{"href":"https:\/\/www.seaflowerstore.com\/de\/wp-json\/wp\/v2\/product\/87198","targetHints":{"allow":["GET"]}}],"collection":[{"href":"https:\/\/www.seaflowerstore.com\/de\/wp-json\/wp\/v2\/product"}],"about":[{"href":"https:\/\/www.seaflowerstore.com\/de\/wp-json\/wp\/v2\/types\/product"}],"wp:featuredmedia":[{"embeddable":true,"href":"https:\/\/www.seaflowerstore.com\/de\/wp-json\/wp\/v2\/media\/79860"}],"wp:attachment":[{"href":"https:\/\/www.seaflowerstore.com\/de\/wp-json\/wp\/v2\/media?parent=87198"}],"wp:term":[{"taxonomy":"pwb-brand","embeddable":true,"href":"https:\/\/www.seaflowerstore.com\/de\/wp-json\/wp\/v2\/pwb-brand?post=87198"},{"taxonomy":"product_cat","embeddable":true,"href":"https:\/\/www.seaflowerstore.com\/de\/wp-json\/wp\/v2\/product_cat?post=87198"},{"taxonomy":"product_tag","embeddable":true,"href":"https:\/\/www.seaflowerstore.com\/de\/wp-json\/wp\/v2\/product_tag?post=87198"}],"curies":[{"name":"wp","href":"https:\/\/api.w.org\/{rel}","templated":true}]}}