{"id":87203,"date":"2017-07-09T21:56:34","date_gmt":"2017-07-09T21:56:34","guid":{"rendered":"https:\/\/www.seaflowerstore.com\/nl\/bali-sand-05-12-mm\/"},"modified":"2025-12-25T20:15:14","modified_gmt":"2025-12-25T19:15:14","slug":"bali-sand-05-12-mm","status":"publish","type":"product","link":"https:\/\/www.seaflowerstore.com\/de\/bali-sand-05-12-mm\/","title":{"rendered":"Bali Sand &#8211; 0,5 &#8211; 1,2 mm"},"content":{"rendered":"<h2>Bali Sand &#8211; 0,5 &#8211; 1,2 mm<\/h2>\n<p><strong>Aqua Medic Bali Sand 0,5\u20131,2 mm<\/strong> ist die perfekte Wahl f\u00fcr Ihr Salzwasseraquarium. Dieses Naturprodukt ist frei von Zusatzstoffen und bietet mehrere Vorteile f\u00fcr Ihre Wasserumgebung.<\/p>\n<ul>\n<li>Es unterst\u00fctzt den biologischen Abbau von Detritus.<\/li>\n<li>Es ist f\u00fcr den Einsatz in allen Salzwasseraquarien geeignet.<\/li>\n<li>Vor dem Gebrauch unbedingt gr\u00fcndlich aussp\u00fclen.<\/li>\n<\/ul>\n<p><strong>Bali Sand<\/strong> besteht zu etwa 98 % aus Kalziumkarbonat und enth\u00e4lt einige zeolith\u00e4hnliche Mineralien. Seine feine Textur und strahlend wei\u00dfe Farbe machen ihn zu einer hervorragenden Option f\u00fcr Salzwasserumgebungen.<\/p>\n<p>Dieses Substrat ist freundlich zu Wirbellosen wie Anemonen und R\u00f6hrenw\u00fcrmern sowie Lippenfischen und erm\u00f6glicht ihnen ein bequemes Eingraben. Au\u00dferdem k\u00f6nnen Grundeln ihn leicht umstellen.<\/p>\n<p><strong>Bali Sand<\/strong> spiegelt den nat\u00fcrlichen Lebensraum von Korallenriffen wider und bietet eine solide Grundlage f\u00fcr ein bl\u00fchendes Aquarium. Es ist ein fossiliertes Naturmaterial, das nicht aus den Ozeanen gewonnen wird, was es zu einer umweltfreundlichen Wahl macht. Dieses Substrat f\u00f6rdert nicht nur optimale biologische Bedingungen f\u00fcr alle Aquarienbewohner, sondern tr\u00e4gt auch zum Schutz unserer nat\u00fcrlichen \u00d6kosysteme bei.<\/p>\n","protected":false},"excerpt":{"rendered":"<p>Aqua Medic Bali Sand its texture and its very white appearance, it is ideal for saltwater aquaria<\/p>\n","protected":false},"featured_media":79853,"template":"","meta":[],"pwb-brand":[2149],"product_cat":[1473,1421],"product_tag":[],"class_list":{"0":"post-87203","1":"product","2":"type-product","3":"status-publish","4":"has-post-thumbnail","6":"pwb-brand-aqua-medic","7":"product_cat-korallensand-kies-brueche","8":"product_cat-aqua-medic-de","9":"pa_inhoud-10-kg-de","10":"pa_inhoud-5-kg-de","11":"pa_show-myparcel-options-male-de","13":"first","14":"instock","15":"taxable","16":"shipping-taxable","17":"purchasable","18":"product-type-variable"},"acf":[],"brands":[{"id":2149,"name":"Aqua Medic","slug":"aqua-medic"}],"_links":{"self":[{"href":"https:\/\/www.seaflowerstore.com\/de\/wp-json\/wp\/v2\/product\/87203","targetHints":{"allow":["GET"]}}],"collection":[{"href":"https:\/\/www.seaflowerstore.com\/de\/wp-json\/wp\/v2\/product"}],"about":[{"href":"https:\/\/www.seaflowerstore.com\/de\/wp-json\/wp\/v2\/types\/product"}],"wp:featuredmedia":[{"embeddable":true,"href":"https:\/\/www.seaflowerstore.com\/de\/wp-json\/wp\/v2\/media\/79853"}],"wp:attachment":[{"href":"https:\/\/www.seaflowerstore.com\/de\/wp-json\/wp\/v2\/media?parent=87203"}],"wp:term":[{"taxonomy":"pwb-brand","embeddable":true,"href":"https:\/\/www.seaflowerstore.com\/de\/wp-json\/wp\/v2\/pwb-brand?post=87203"},{"taxonomy":"product_cat","embeddable":true,"href":"https:\/\/www.seaflowerstore.com\/de\/wp-json\/wp\/v2\/product_cat?post=87203"},{"taxonomy":"product_tag","embeddable":true,"href":"https:\/\/www.seaflowerstore.com\/de\/wp-json\/wp\/v2\/product_tag?post=87203"}],"curies":[{"name":"wp","href":"https:\/\/api.w.org\/{rel}","templated":true}]}}