{"id":87222,"date":"2017-04-30T18:54:19","date_gmt":"2017-04-30T18:54:19","guid":{"rendered":"https:\/\/www.seaflowerstore.com\/nl\/colony-bacteria-saltwater\/"},"modified":"2025-12-10T16:26:50","modified_gmt":"2025-12-10T15:26:50","slug":"colony-rapid-cycle-saltwater","status":"publish","type":"product","link":"https:\/\/www.seaflowerstore.com\/de\/colony-rapid-cycle-saltwater\/","title":{"rendered":"Colony Rapid Cycle (Saltwater)"},"content":{"rendered":"<h2>Blue Shark Colony <span class=\"base\" data-ui-id=\"page-title-wrapper\">Rapid Cycle <\/span>Bacteria (Saltwater) Utilizing authentic true nitrifying bacteria, Colony establishes bio-filtration in days instead of weeks<\/h2>\n<p><strong>Beschleunigen Sie den Stickstoffkreislauf Ihres Aquariums mit echten nitrifizierenden Bakterien.<\/strong><\/p>\n<p>Blue Shark Colony Marine f\u00fchrt authentische aerobe Autotrophen, speziell die St\u00e4mme Nitrococcus und Nitrosococcus, ein, um eine effektive Biofiltration in Ihrem Meerwasseraquarium zu etablieren. Diese schnelle Einf\u00fchrung reduziert die traditionelle Zykluszeit von 6\u20138 Wochen auf nur wenige Tage und sorgt f\u00fcr eine ges\u00fcndere Umgebung f\u00fcr Ihre aquatischen Lebewesen.<\/p>\n<p><strong>Hauptvorteile:<\/strong><\/p>\n<ul>\n<li>Schneller Aufbau der Biofiltration in neuen Aquarien<\/li>\n<li>Stellt das bakterielle Gleichgewicht nach Medikamentenbehandlungen wieder her<\/li>\n<li>Unterst\u00fctzt erh\u00f6hte Biobelastung beim Hinzuf\u00fcgen neuer Fische<\/li>\n<li>Erg\u00e4nzt n\u00fctzliche Bakterien nach dem Austausch von Filtermedien<\/li>\n<\/ul>\n<p><strong>Anwendungshinweise:<\/strong><\/p>\n<ul>\n<li>Wassertemperaturen zwischen 23\u201330\u00b0C aufrechterhalten<\/li>\n<li>pH-Werte zwischen 7,9\u20138,3 sicherstellen<\/li>\n<li>Mindestens 90 ppm Gesamtkohlenstoffgehalt aufrechterhalten<\/li>\n<li>Flasche vor Gebrauch kr\u00e4ftig sch\u00fctteln<\/li>\n<li>118 ml pro 45 Liter dechloriertem Wasser hinzuf\u00fcgen<\/li>\n<li>UV-Sterilisatoren, Eiwei\u00dfabsch\u00e4umer und Ozongeneratoren w\u00e4hrend und 4\u20135 Tage nach der Anwendung ausschalten<\/li>\n<li>Wasserwechsel f\u00fcr mindestens 4 Tage nach der Anwendung vermeiden<\/li>\n<li>Fische in den ersten Tagen leicht f\u00fcttern, um Ammoniak- und Nitritspitzen zu vermeiden<\/li>\n<\/ul>\n<p><em>Hinweis: F\u00fcr eine fischlose Einfahrphase nicht mehr als 0,5 ppm Ammoniak verwenden, um den Prozess zu starten.<\/em><\/p>\n<p><strong>Produktspezifikationen:<\/strong><\/p>\n<ul>\n<li>Verf\u00fcgbare Gr\u00f6\u00dfen:\n<ul>\n<li>118 ml \u2013 behandelt bis zu 45 Liter<\/li>\n<li>236 ml \u2013 behandelt bis zu 95 Liter<\/li>\n<li>473 ml \u2013 behandelt bis zu 189 Liter<\/li>\n<li>946 ml \u2013 behandelt bis zu 378 Liter<\/li>\n<li>3,78 Liter \u2013 behandelt bis zu 1.514 Liter<\/li>\n<\/ul>\n<\/li>\n<li>Haltbarkeit: 12 Monate<\/li>\n<li>Lagerung: Bei Raumtemperatur aufbewahren; nicht einfrieren oder \u00fcber 43\u00b0C lagern<\/li>\n<\/ul>\n","protected":false},"excerpt":{"rendered":"<p>Blue Shark Colony Bacteria (Saltwater) Utilizing authentic true nitrifying bacteria, Colony establishes bio-filtration in days instead of weeks<\/p>\n","protected":false},"featured_media":126246,"template":"","meta":[],"pwb-brand":[2255],"product_cat":[1484],"product_tag":[],"class_list":{"0":"post-87222","1":"product","2":"type-product","3":"status-publish","4":"has-post-thumbnail","6":"pwb-brand-atm","7":"product_cat-bakterien","8":"pa_inhoud-118-ml-de","9":"pa_inhoud-236-ml-de","10":"pa_inhoud-38-l-de","11":"pa_inhoud-473-ml-de","12":"pa_inhoud-946-ml-de","14":"first","15":"instock","16":"sale","17":"taxable","18":"shipping-taxable","19":"purchasable","20":"product-type-variable"},"acf":[],"brands":[{"id":2255,"name":"ATM","slug":"atm"}],"_links":{"self":[{"href":"https:\/\/www.seaflowerstore.com\/de\/wp-json\/wp\/v2\/product\/87222","targetHints":{"allow":["GET"]}}],"collection":[{"href":"https:\/\/www.seaflowerstore.com\/de\/wp-json\/wp\/v2\/product"}],"about":[{"href":"https:\/\/www.seaflowerstore.com\/de\/wp-json\/wp\/v2\/types\/product"}],"wp:featuredmedia":[{"embeddable":true,"href":"https:\/\/www.seaflowerstore.com\/de\/wp-json\/wp\/v2\/media\/126246"}],"wp:attachment":[{"href":"https:\/\/www.seaflowerstore.com\/de\/wp-json\/wp\/v2\/media?parent=87222"}],"wp:term":[{"taxonomy":"pwb-brand","embeddable":true,"href":"https:\/\/www.seaflowerstore.com\/de\/wp-json\/wp\/v2\/pwb-brand?post=87222"},{"taxonomy":"product_cat","embeddable":true,"href":"https:\/\/www.seaflowerstore.com\/de\/wp-json\/wp\/v2\/product_cat?post=87222"},{"taxonomy":"product_tag","embeddable":true,"href":"https:\/\/www.seaflowerstore.com\/de\/wp-json\/wp\/v2\/product_tag?post=87222"}],"curies":[{"name":"wp","href":"https:\/\/api.w.org\/{rel}","templated":true}]}}