{"id":87227,"date":"2017-04-14T09:14:00","date_gmt":"2017-04-14T07:14:00","guid":{"rendered":"https:\/\/www.seaflowerstore.com\/nl\/custom-reef-salt\/"},"modified":"2024-03-20T16:43:13","modified_gmt":"2024-03-20T15:43:13","slug":"custom-reef-salt","status":"publish","type":"product","link":"https:\/\/www.seaflowerstore.com\/de\/custom-reef-salt\/","title":{"rendered":"Custom Reef Salt"},"content":{"rendered":"<h2>Custom Reef Salt<\/h2>\n<h3><strong>Kundenspezifisches Riffsalz f\u00fcr 250 Liter gem\u00e4\u00df DSR-Spezifikationen<\/strong><\/h3>\n<p><strong>Eigenschaften:<\/strong><\/p>\n<ul>\n<li>Enth\u00e4lt keinen unerw\u00fcnschten Schmutz und keine Schwermetalle.<\/li>\n<li>Die vereinfachte Produktion erm\u00f6glicht die unabh\u00e4ngige Einstellung von 6 Elementen.<\/li>\n<li>Komplette Produktion (ohne Wiegen) f\u00fcr 250 Liter mit perfekten Werten.<\/li>\n<li>Sie k\u00f6nnen auch weniger Wasser herstellen, was sich mithilfe der bereitgestellten Tabelle leicht ermitteln l\u00e4sst.<\/li>\n<\/ul>\n<p><strong>Anwendung:<\/strong><\/p>\n<ul>\n<li>Vollst\u00e4ndiger DSR-Start.<\/li>\n<li>Zur\u00fccksetzen schlecht funktionierender Systeme.<\/li>\n<li>Verd\u00fcnnung von Schwermetallen in Systemen mit \u00dcberschuss.<\/li>\n<li>Ausgleich von Ungleichgewichten.<\/li>\n<\/ul>\n<p>Probleme mit \u00fcberm\u00e4\u00dfigen Schwermetallen k\u00f6nnen effektiv gel\u00f6st werden. Ein \u00dcberschuss l\u00e4sst sich am besten durch Verd\u00fcnnung mit einem Salz beseitigen, das keine Schwermetalle enth\u00e4lt. CRS250 wurde speziell f\u00fcr diesen Zweck entwickelt. Die Identifizierung der Verunreinigungsquelle bleibt jedoch oberste Priorit\u00e4t, da das Wasser sonst weiterhin beeintr\u00e4chtigt wird.<\/p>\n<p><strong>So stellen Sie das Salzwasser mit CRS250 her:<\/strong><\/p>\n<ul>\n<li>Gie\u00dfen Sie die gew\u00fcnschte Anzahl Liter <strong>(-3,6 % weniger als ben\u00f6tigt, da sich durch Zugabe der Stoffe das Volumen erh\u00f6ht)<\/strong> Osmosewasser in einen Beh\u00e4lter und bringen Sie es auf die entsprechende Temperatur.<\/li>\n<li>Verwenden Sie einen Streamer oder eine starke Pumpe, um das Wasser zirkulieren zu lassen.<\/li>\n<li>Beachten Sie die Tabelle auf der CRS-Flasche, um die folgenden Produkte abzuwiegen: NaCl +, Ca +, Mg + und CRS250 fl\u00fcssig. Diese Stoffe k\u00f6nnen dem Wasser auf einmal zugegeben werden.<\/li>\n<li>MgSO4 und KH+ abwechselnd verabreichen, nachdem sich alle anderen Salze gel\u00f6st haben und das Wasser klar ist (das sollte etwa 5-10 Minuten dauern).<\/li>\n<\/ul>\n<p>Bei einem Teilwasserwechsel kann das neu entstandene Salzwasser sofort verwendet werden, sobald es klar und temperiert ist (ca. 1-2 Stunden). Bei einer Komplettneubef\u00fcllung oder einem Austausch 12 Stunden mit einer Str\u00f6mungspumpe bel\u00fcften. Bei den angegebenen Werten ist mit keinem Niederschlag zu rechnen!<\/p>\n","protected":false},"excerpt":{"rendered":"<p>Custom Reef Salt for 250 liters<\/p>\n","protected":false},"featured_media":79830,"template":"","meta":[],"pwb-brand":[2183],"product_cat":[1409,1391,1443],"product_tag":[],"class_list":{"0":"post-87227","1":"product","2":"type-product","3":"status-publish","4":"has-post-thumbnail","6":"pwb-brand-dsr","7":"product_cat-dsr-de","8":"product_cat-ergaenzungen","9":"product_cat-salzig","11":"first","12":"instock","13":"taxable","14":"shipping-taxable","15":"purchasable","16":"product-type-simple"},"acf":[],"brands":[{"id":2183,"name":"DSR","slug":"dsr"}],"_links":{"self":[{"href":"https:\/\/www.seaflowerstore.com\/de\/wp-json\/wp\/v2\/product\/87227","targetHints":{"allow":["GET"]}}],"collection":[{"href":"https:\/\/www.seaflowerstore.com\/de\/wp-json\/wp\/v2\/product"}],"about":[{"href":"https:\/\/www.seaflowerstore.com\/de\/wp-json\/wp\/v2\/types\/product"}],"wp:featuredmedia":[{"embeddable":true,"href":"https:\/\/www.seaflowerstore.com\/de\/wp-json\/wp\/v2\/media\/79830"}],"wp:attachment":[{"href":"https:\/\/www.seaflowerstore.com\/de\/wp-json\/wp\/v2\/media?parent=87227"}],"wp:term":[{"taxonomy":"pwb-brand","embeddable":true,"href":"https:\/\/www.seaflowerstore.com\/de\/wp-json\/wp\/v2\/pwb-brand?post=87227"},{"taxonomy":"product_cat","embeddable":true,"href":"https:\/\/www.seaflowerstore.com\/de\/wp-json\/wp\/v2\/product_cat?post=87227"},{"taxonomy":"product_tag","embeddable":true,"href":"https:\/\/www.seaflowerstore.com\/de\/wp-json\/wp\/v2\/product_tag?post=87227"}],"curies":[{"name":"wp","href":"https:\/\/api.w.org\/{rel}","templated":true}]}}