{"id":87228,"date":"2017-04-08T11:45:35","date_gmt":"2017-04-08T09:45:35","guid":{"rendered":"https:\/\/www.seaflowerstore.com\/nl\/neptune-systems-wav-pump\/"},"modified":"2025-06-21T17:23:16","modified_gmt":"2025-06-21T15:23:16","slug":"neptune-systems-wav-pump","status":"publish","type":"product","link":"https:\/\/www.seaflowerstore.com\/de\/neptune-systems-wav-pump\/","title":{"rendered":"Neptune Systems WAV pump"},"content":{"rendered":"<h2>Neptune Systems WAV Extreme flow for your aquarium<\/h2>\n<p>Das Neptune Systems WAV ist f\u00fcr die effiziente Wasserbewegung ausgelegt und liefert \u00fcber 4.000 Gallonen pro Stunde! Noch besser ist, dass die WAV trotz dieser beeindruckenden Durchflussrate kompakt und energieeffizient ist und im Vergleich zu vielen heute erh\u00e4ltlichen Powerhead-Pumpen leise arbeitet.<\/p>\n<div class=\"one_half last\">\n<h3>Ein Powerhead, der alle Ihre Anforderungen erf\u00fcllt:<\/h3>\n<ul>\n<li><strong>Extremer Durchfluss:<\/strong> Ungef\u00e4hr 4000+ gph (15.120 lph)<\/li>\n<li><strong>Kompakte Gr\u00f6\u00dfe:<\/strong> Geringere Gesamtmasse im Vergleich zu fast allen \u00e4hnlichen Durchflusspumpen<\/li>\n<li><strong>Richtungsfluss:<\/strong> Schwenkbar mit einem Bewegungsbereich von 40 Grad und drehbar \u2013 perfekt f\u00fcr die Installation an der R\u00fcckwand<\/li>\n<li><strong>Sicherer Betrieb:<\/strong> L\u00e4uft mit 24-V-Gleichstrom<\/li>\n<li><strong>Geringer Stromverbrauch:<\/strong> Weniger als 35 W an der Wand<\/li>\n<li><strong>Mehrere Betriebsarten Modi:<\/strong> Beinhaltet zuf\u00e4llige Str\u00f6mungsmodi, Spiegel, Umkehrung und mehr<\/li>\n<li><strong>Einfach zu reinigen:<\/strong> Die Pumpe schaltet sich automatisch ab, wenn sie aus dem Wasser genommen wird<\/li>\n<li><strong>Unglaublich leise:<\/strong> Wahrscheinlich der leiseste Antrieb auf dem Markt<\/li>\n<li><strong>Magnetische Halterung:<\/strong> Funktioniert auf Glas mit einer Dicke von bis zu 1 Zoll<\/li>\n<li><strong>Einfache Installation:<\/strong> Erfordert nur ein d\u00fcnnes Kabel f\u00fcr die gesamte Stromversorgung und Steuerung (1LINK-Schnittstelle macht es einfach!)<\/li>\n<\/ul>\n<h2>Richtungsfluss erm\u00f6glicht verdeckte Montageoptionen<\/h2>\n<p>Leider richten viele der besten Wasserpumpen auf dem Markt den Fluss nur senkrecht zum Glas aus. Diese Einschr\u00e4nkung kann die Optionen eines Aquarianers einschr\u00e4nken und sogar die Sicht auf das Aquarium behindern. Obwohl es nichts Neues ist, einen Pumpenkopf zu haben, der in verschiedene Richtungen zeigen kann, nehmen herk\u00f6mmliche Designs oft zu viel Platz ein und k\u00f6nnen optisch unattraktiv sein. Die WAV l\u00f6st diese Probleme mit einer innovativen Gelenkhalterung.<\/p>\n<p>Unsere Untersuchungen haben ergeben, dass die meisten Kunden keine extremen Winkel f\u00fcr ihre Pumpe ben\u00f6tigen; normalerweise reicht eine Einstellung von 20 Grad aus. Daher haben wir die WAV mit einer flachen Magnethalterung entwickelt, die einen Bewegungsbereich von 40 Grad am Drehpunkt sowie eine volle 360-Grad-Drehfunktion bietet. Dies bietet deutlich mehr Flexibilit\u00e4t als ein Durchfluss, der nur von der Seite oder R\u00fcckseite des Aquariums kommt. Stellen Sie sich vor, Sie montieren die WAV an der R\u00fcckscheibe oder Wand, richten sie richtig aus und leiten den Durchfluss auf die Seiten- oder Frontscheibe. Sie k\u00f6nnen den Durchfluss genau dort positionieren, wo Sie ihn haben m\u00f6chten, ohne die sch\u00f6ne Aussicht auf Ihr Aquarium zu beeintr\u00e4chtigen!<\/p>\n<\/div>\n<div class=\"two_third\">\n<h3>Endlose Durchflussoptionen f\u00fcr jeden Aquarianer<\/h3>\n<p>Wir wissen, dass jeder Aquarianer einzigartige Vorlieben hat, wenn es um den Wasserdurchfluss geht. Deshalb ist der WAV mit Apex Fusion kompatibel und bietet eine gro\u00dfe Auswahl an gemusterten Durchfluss- und Zufallseinstellungen. Sie k\u00f6nnen eine oder mehrere Pumpen problemlos so konfigurieren, dass sie sich gegenseitig spiegeln oder umkehren. Mit dem benutzerfreundlichen Apex Fusion-Planungsdiagramm k\u00f6nnen Sie dynamische Str\u00f6me erstellen, z. B. morgens gro\u00dfe Wellen erzeugen, nachmittags Schmutz aufwirbeln und den Durchfluss nachts verlangsamen. Der Durchfluss in Ihrem Aquarium kann so unverwechselbar sein wie Ihre Lieblingskoralle!<\/p>\n<\/div>\n","protected":false},"excerpt":{"rendered":"<p>This is a single Neptune Systems WAV pump for the Apex Neptune System, 1LINK module is not included<\/p>\n","protected":false},"featured_media":79828,"template":"","meta":[],"pwb-brand":[2179],"product_cat":[1388,1408,1423],"product_tag":[],"class_list":{"0":"post-87228","1":"product","2":"type-product","3":"status-publish","4":"has-post-thumbnail","6":"pwb-brand-neptune-systems","7":"product_cat-stroemungspumpen","8":"product_cat-computer-de","9":"product_cat-neptune-systems-de","11":"first","12":"outofstock","13":"taxable","14":"shipping-taxable","15":"purchasable","16":"product-type-simple"},"acf":[],"brands":[{"id":2179,"name":"Neptune Systems","slug":"neptune-systems"}],"_links":{"self":[{"href":"https:\/\/www.seaflowerstore.com\/de\/wp-json\/wp\/v2\/product\/87228","targetHints":{"allow":["GET"]}}],"collection":[{"href":"https:\/\/www.seaflowerstore.com\/de\/wp-json\/wp\/v2\/product"}],"about":[{"href":"https:\/\/www.seaflowerstore.com\/de\/wp-json\/wp\/v2\/types\/product"}],"wp:featuredmedia":[{"embeddable":true,"href":"https:\/\/www.seaflowerstore.com\/de\/wp-json\/wp\/v2\/media\/79828"}],"wp:attachment":[{"href":"https:\/\/www.seaflowerstore.com\/de\/wp-json\/wp\/v2\/media?parent=87228"}],"wp:term":[{"taxonomy":"pwb-brand","embeddable":true,"href":"https:\/\/www.seaflowerstore.com\/de\/wp-json\/wp\/v2\/pwb-brand?post=87228"},{"taxonomy":"product_cat","embeddable":true,"href":"https:\/\/www.seaflowerstore.com\/de\/wp-json\/wp\/v2\/product_cat?post=87228"},{"taxonomy":"product_tag","embeddable":true,"href":"https:\/\/www.seaflowerstore.com\/de\/wp-json\/wp\/v2\/product_tag?post=87228"}],"curies":[{"name":"wp","href":"https:\/\/api.w.org\/{rel}","templated":true}]}}