{"id":87229,"date":"2017-04-08T11:26:00","date_gmt":"2017-04-08T09:26:00","guid":{"rendered":"https:\/\/www.seaflowerstore.com\/nl\/1link-power-comm-module\/"},"modified":"2024-03-20T16:43:08","modified_gmt":"2024-03-20T15:43:08","slug":"1link-power-comm-module","status":"publish","type":"product","link":"https:\/\/www.seaflowerstore.com\/de\/1link-power-comm-module\/","title":{"rendered":"1Link Power \/ Comm Module"},"content":{"rendered":"<h2> Wav 1Link Power \/ Comm Module <\/h2>\n<p> Das 1Link-System ist auf Einfachheit ausgelegt. Sie ben\u00f6tigen nur ein Netzteil, ein Modul, das bis zu drei 1Link-Ger\u00e4te und zwei Zubeh\u00f6rger\u00e4te unterst\u00fctzen kann, und eine unkomplizierte Kabelinstallation, die sowohl Strom als auch bidirektionale Kommunikation mit Ihrem Apex bereitstellt. <\/p>\n<p> Die Installation ist so einfach wie ein Mausklick. <\/p>\n<p> Ein 1Link-Produkt k\u00f6nnte beispielsweise eine Wav-Pumpe sein, w\u00e4hrend ein Zubeh\u00f6rprodukt das PMUPv2 sein k\u00f6nnte. <\/p>\n","protected":false},"excerpt":{"rendered":"<p>Module for an apex system for up to 3x 1LINK devices and 2 accessory devices<\/p>\n","protected":false},"featured_media":79826,"template":"","meta":[],"pwb-brand":[2179],"product_cat":[1423,1408],"product_tag":[],"class_list":{"0":"post-87229","1":"product","2":"type-product","3":"status-publish","4":"has-post-thumbnail","6":"pwb-brand-neptune-systems","7":"product_cat-neptune-systems-de","8":"product_cat-computer-de","10":"first","11":"instock","12":"taxable","13":"shipping-taxable","14":"purchasable","15":"product-type-simple"},"acf":[],"brands":[{"id":2179,"name":"Neptune Systems","slug":"neptune-systems"}],"_links":{"self":[{"href":"https:\/\/www.seaflowerstore.com\/de\/wp-json\/wp\/v2\/product\/87229","targetHints":{"allow":["GET"]}}],"collection":[{"href":"https:\/\/www.seaflowerstore.com\/de\/wp-json\/wp\/v2\/product"}],"about":[{"href":"https:\/\/www.seaflowerstore.com\/de\/wp-json\/wp\/v2\/types\/product"}],"wp:featuredmedia":[{"embeddable":true,"href":"https:\/\/www.seaflowerstore.com\/de\/wp-json\/wp\/v2\/media\/79826"}],"wp:attachment":[{"href":"https:\/\/www.seaflowerstore.com\/de\/wp-json\/wp\/v2\/media?parent=87229"}],"wp:term":[{"taxonomy":"pwb-brand","embeddable":true,"href":"https:\/\/www.seaflowerstore.com\/de\/wp-json\/wp\/v2\/pwb-brand?post=87229"},{"taxonomy":"product_cat","embeddable":true,"href":"https:\/\/www.seaflowerstore.com\/de\/wp-json\/wp\/v2\/product_cat?post=87229"},{"taxonomy":"product_tag","embeddable":true,"href":"https:\/\/www.seaflowerstore.com\/de\/wp-json\/wp\/v2\/product_tag?post=87229"}],"curies":[{"name":"wp","href":"https:\/\/api.w.org\/{rel}","templated":true}]}}