{"id":87230,"date":"2017-04-08T10:55:05","date_gmt":"2017-04-08T08:55:05","guid":{"rendered":"https:\/\/www.seaflowerstore.com\/nl\/wav-starter-kit-2-wavs-1-link-module-powersupply\/"},"modified":"2024-03-20T16:43:02","modified_gmt":"2024-03-20T15:43:02","slug":"wav-starter-kit-2-wavs-1-link-module-powersupply","status":"publish","type":"product","link":"https:\/\/www.seaflowerstore.com\/de\/wav-starter-kit-2-wavs-1-link-module-powersupply\/","title":{"rendered":"WAV Starter Kit (2 WAV&#8217;s, 1 LINK Module, Powersupply)"},"content":{"rendered":"<h2>WAV Starter Kit (2 WAV&#8217;s, 1 LINK Module, Powersupply)<\/h2>\n<h2>WAV\u2122 Extreme Str\u00f6mung f\u00fcr Ihr Aquarium<\/h2>\n<p>Der WAV ist f\u00fcr eine effiziente Wasserbewegung konzipiert. Er kann mehr als 4000 Gallonen pro Stunde bew\u00e4ltigen! Noch besser ist, dass sie kleiner ist, weniger Strom verbraucht und leiser l\u00e4uft als viele heute erh\u00e4ltliche Powerhead-Pumpen.<\/p>\n<h3>Ein Powerhead, der all Ihre Anforderungen erf\u00fcllt:<\/h3>\n<ul>\n<li><strong>Extremer Durchfluss:<\/strong> Ungef\u00e4hr 4000+ gph (15.120 lph)<\/li>\n<li><strong>Kompakte Gr\u00f6\u00dfe:<\/strong> Kleiner als die meisten \u00e4hnlichen Durchflusspumpen<\/li>\n<li><strong>Richtungsfluss:<\/strong> Schwenkt innerhalb eines Bereichs von 40 Grad und kann gedreht werden \u2013 perfekt f\u00fcr die Installation an der R\u00fcckwand<\/li>\n<li><strong>Sicherer Betrieb:<\/strong> L\u00e4uft mit 24\u00a0V\u00a0Gleichstrom<\/li>\n<li><strong>Geringe Leistungsaufnahme:<\/strong> Weniger als 35\u00a0W an der Wand<\/li>\n<li><strong>Mehrere Betriebsmodi:<\/strong> Zuf\u00e4llige Durchflussmodi, Spiegelung, Umkehrung usw.<\/li>\n<li><strong>Einfach zu sauber:<\/strong> Schaltet sich automatisch ab, wenn es aus dem Wasser genommen wird<\/li>\n<li><strong>Unglaublich leise:<\/strong> M\u00f6glicherweise der leiseste Antrieb auf dem Markt<\/li>\n<li><strong>Magnethalterung:<\/strong> Funktioniert auf Glas mit einer Dicke von bis zu 1 Zoll<\/li>\n<li><strong>Einfache Installation:<\/strong> Nur ein einziges d\u00fcnnes Kabel f\u00fcr Stromversorgung und Steuerung (1LINK-Schnittstelle macht es einfach!)<\/li>\n<\/ul>\n<h2>Richtungsfluss erm\u00f6glicht verdeckte Montageoptionen<\/h2>\n<p>Leider leiten viele f\u00fchrende Wasserbewegungspumpen den Fluss nur senkrecht zum Glas, was die M\u00f6glichkeiten f\u00fcr Aquarianer einschr\u00e4nkt und die Sicht behindern kann. Ein Antriebskopf, der in alle Richtungen ausgerichtet werden kann, ist kein neues Konzept, aber die meiste Hardware f\u00fcr diesen Zweck kann sperrig und unattraktiv sein. Der WAV behebt beide Probleme mit einer innovativen Gelenkhalterung. Untersuchungen haben gezeigt, dass die meisten Kunden ihre Pumpe nicht in extreme Winkel ausrichten m\u00fcssen; normalerweise reicht eine Einstellung von 20 Grad aus.<\/p>\n<p>Mit seiner flachen Magnethalterung bietet der WAV einen Bewegungsbereich von 40 Grad auf dem Drehpunkt und kann um 360 Grad gedreht werden. Diese Flexibilit\u00e4t erm\u00f6glicht eine bessere Str\u00f6mungssteuerung, ohne die sch\u00f6ne Aussicht auf Ihr Aquarium zu beeintr\u00e4chtigen.<\/p>\n<h3>Endlose Str\u00f6mungsoptionen f\u00fcr jeden Aquarianer<\/h3>\n<p>Wir wissen, dass Aquarianer unterschiedliche Str\u00f6mungspr\u00e4ferenzen haben. Deshalb steuert Apex Fusion den WAV mit verschiedenen gemusterten Str\u00f6mungs- und Zufallseinstellungen. Sie k\u00f6nnen sogar mehrere Pumpen so einstellen, dass sie einander spiegeln oder umgekehrt entsprechen. Das benutzerfreundliche Apex Fusion-Planungsdiagramm macht es einfach, morgens starke Wellen zu erzeugen, nachmittags Detritus aufzuwirbeln und nachts die Str\u00f6mung zu reduzieren. Die Str\u00f6mung in Ihrem Aquarium kann Ihren einzigartigen Stil widerspiegeln.<\/p>\n<div class=\"one_third last\">\n<img loading=\"lazy\" decoding=\"async\" alt=\"\" height=\"667\" src=\"https:\/\/www.seaflowerstore.com\/nl\/wp-content\/uploads\/content\/Wav-Fusion-Graph.png\" width=\"741\"\/>\n<\/div>\n<h2>Detaillierter Pumpenstatus und KI in Echtzeit<\/h2>\n<p>Diese Funktion ist eine Premiere f\u00fcr dieses Produktsegment. Innerhalb von Apex Fusion k\u00f6nnen Sie die Betriebsdetails jedes WAV in Ihrem Tank \u00fcberwachen. Sie k\u00f6nnen den Modus, die Drehzahl, den Temperaturbereich und den aktuellen Status der Pumpe anzeigen. Apex Fusion geht noch einen Schritt weiter, indem es die Pumpenparameter \u00fcberwacht und mithilfe von KI Korrekturma\u00dfnahmen ergreift, z. B. die Pumpe stoppt und Sie per SMS oder E-Mail benachrichtigt, wenn eine Fehlfunktion auftritt.<\/p>\n<div class=\"one_third\">\n<img loading=\"lazy\" decoding=\"async\" alt=\"\" height=\"662\" src=\"https:\/\/www.seaflowerstore.com\/nl\/wp-content\/uploads\/content\/Wav-Fusion-Graph.png\" width=\"735\"\/><\/p>\n<h3>Schnecken, St\u00fcrze, Stillst\u00e4nde \u2013 keine Sorge!<\/h3>\n<\/div>\n<div class=\"two_third\">\n<p>Schnecken und andere Verstopfungen k\u00f6nnen f\u00fcr Pumpenk\u00f6pfe ein Albtraum sein. Sie k\u00f6nnen Sch\u00e4den verursachen und ein Durcheinander verursachen. Viele Pumpen erkennen nicht einmal, wenn sie kein Wasser mehr haben, was beim Wasserwechsel zu Kavitation oder Selbstsch\u00e4den f\u00fchrt. Die WAV ist mit fortschrittlichen Sensoren ausgestattet, die diese Vorkommnisse deutlich reduzieren. Selbst wenn die Pumpe zum Reinigen aus dem Wasser genommen wird, schaltet sie sich automatisch ab, ohne dass sie ausgeschaltet werden muss.<\/p>\n<\/div>\n<h2>Verabschieden Sie sich vom Kabelsalat.<\/h2>\n<p>Kabel k\u00f6nnen ziemlich l\u00e4stig sein. Selbst sogenannte \u201edrahtlose\u201c Ger\u00e4te werden oft mit einem Wirrwarr an Kabeln und Netzteilen geliefert, die die Tankst\u00e4nder \u00fcberladen. Das 1LINK-System vereinfacht dies, indem es Ihnen erm\u00f6glicht, bis zu f\u00fcnf Ger\u00e4te an ein Netzteil anzuschlie\u00dfen, die alle \u00fcber Ihren Apex steuerbar sind. Es umfasst drei 1LINK-Quellenanschl\u00fcsse f\u00fcr die Stromversorgung und Kommunikation mit WAV-Pumpen, einem <a href=\"https:\/\/www.neptunesystems.com\/dos\/\" rel=\"nofollow noopener\" target=\"_blank\">D\u014cS<\/a> oder zuk\u00fcnftigen 1LINK-Ger\u00e4ten. Au\u00dferdem gibt es zwei 24-V-DC-Schaltanschl\u00fcsse f\u00fcr zuk\u00fcnftige Add-Ons oder DIY-L\u00f6sungen.<\/p>\n<div class=\"one_third last\">\n<img loading=\"lazy\" decoding=\"async\" alt=\"Screenshot 2015-08-09 at 8.22.59 AM\" height=\"220\" src=\"https:\/\/www.seaflowerstore.com\/nl\/wp-content\/uploads\/content\/Screen-Shot-2015-08-09-at-8.22.59-AM-300x300.png\" width=\"220\"\/>\n<\/div>\n<h3>VIELF\u00c4LTIGE MODI<\/h3>\n<p>Die WAV-Pumpen k\u00f6nnen nahezu unendlich viele Kombinationen von Str\u00f6mungsarten, Intensit\u00e4ten und Interaktionen zwischen den Pumpen erzeugen. Und das Beste daran? Es ist keine Programmierung erforderlich! Es ist so einfach wie das Verschieben von Punkten auf einem Diagramm und die Auswahl aus einem Men\u00fc mit Durchflussoptionen.<\/p>\n<h2>1LINK\u2122 \u2013 Einfache Installation mit einem Klick<\/h2>\n<div class=\"two_third\">\n<p>Das WAV ist das erste einer Reihe von Aquarienprodukten von Neptune Systems, die eine v\u00f6llig neue Schnittstelle verwenden. W\u00e4hrend viele in der Aquariengemeinschaft zur drahtlosen Technologie tendieren, haben wir uns f\u00fcr den umgekehrten Weg mit einer kabelgebundenen Verbindung entschieden. Die drahtlose Verbindung von Ihrem Smartphone oder Tablet zu Ihrem Apex (oder anderen Controllern) ist praktisch, und wir unterst\u00fctzen das. Die Verwendung einer drahtlosen Verbindung f\u00fcr die Verbindung zwischen Ger\u00e4ten in Aquarien \u2013 oft weniger als 6 Fu\u00df lang \u2013 ist jedoch unn\u00f6tig und kann die Zuverl\u00e4ssigkeit beeintr\u00e4chtigen.<\/p>\n<p>Unsere Philosophie ist, dass drahtlose Verbindungen f\u00fcr kurze Entfernungen eher eine L\u00f6sung auf der Suche nach einem Problem sind. Dar\u00fcber hinaus ben\u00f6tigen drahtlose Ger\u00e4te immer noch ein Kabel zur Stromversorgung und sind oft mit komplizierten Einrichtungsprozessen verbunden, die frustrierend sein k\u00f6nnen.<\/p>\n<p>Nach gr\u00fcndlicher \u00dcberlegung haben wir 1LINK eingef\u00fchrt. Es kombiniert eine Stromversorgung, ein Modul (das bis zu drei 1LINK-Ger\u00e4te unterst\u00fctzt) und ein One-Click-Verbindungskabel, das Ihrem Apex sowohl Strom als auch bidirektionale Kommunikation bietet. Die Einrichtung ist so einfach wie Klicken und Loslegen.<\/p>\n<h4>Weniger Kabel, weniger Konfigurationsaufwand und letztlich geringere Kosten f\u00fcr Sie!<\/h4>\n<\/div>\n<div class=\"one_third last\">\n<span class=\"image_styled aligncenter\"><br \/>\n<span class=\"image_frame effect-icon\"><br \/>\n<a class=\"image_size_medium lightbox cboxElement\" data-fittoview=\"true\" href=\"https:\/\/www.neptunesystems.com\/wp-content\/uploads\/2014\/09\/1LINK-Module-1024.jpg\" rel=\"1link nofollow noopener\" title=\"\" target=\"_blank\"><br \/>\n<img loading=\"lazy\" decoding=\"async\" alt=\"WAV\" height=\"200\" src=\"https:\/\/www.seaflowerstore.com\/nl\/wp-content\/uploads\/content\/1LINK-Module-1024-300x200.jpg\" width=\"300\"\/><br \/>\n<\/a><br \/>\n<a class=\"image_size_medium lightbox cboxElement\" data-fittoview=\"true\" href=\"https:\/\/www.neptunesystems.com\/wp-content\/uploads\/2014\/09\/1LINK-Connectors-1024.jpg\" rel=\"1link nofollow noopener\" title=\"\" target=\"_blank\"><br \/>\n<img loading=\"lazy\" decoding=\"async\" alt=\"WAV\" height=\"200\" src=\"https:\/\/www.seaflowerstore.com\/nl\/wp-content\/uploads\/content\/1LINK-Connectors-1024-300x200.jpg\" width=\"300\"\/><br \/>\n<\/a><br \/>\n<a class=\"image_size_medium lightbox cboxElement\" data-fittoview=\"true\" href=\"https:\/\/www.neptunesystems.com\/wp-content\/uploads\/2014\/09\/1LINK-Top-1024.jpg\" rel=\"1link nofollow noopener\" title=\"\" target=\"_blank\"><br \/>\n<img loading=\"lazy\" decoding=\"async\" alt=\"WAV\" height=\"200\" src=\"https:\/\/www.seaflowerstore.com\/nl\/wp-content\/uploads\/content\/1LINK-Top-1024-300x200.jpg\" width=\"300\"\/><br \/>\n<\/a><br \/>\n<\/span><br \/>\n<\/span>\n<\/div>\n<h2>Bei der Pumpenleitung kommt es auf die Gr\u00f6\u00dfe an<\/h2>\n<p>Bei Powerhead-Pumpen gilt: Je d\u00fcnner die Leitung, desto besser l\u00e4sst sie sich verstecken. Dies gilt sowohl innerhalb als auch au\u00dferhalb des Aquariums. Manche Pumpen haben au\u00dfen gr\u00f6\u00dfere Leitungen und Motoren, aber sie sind trotzdem optisch st\u00f6rend. Die Kabel vieler anderer Hersteller haben gr\u00f6\u00dfere Durchmesser, manchmal fast das Dreifache der Masse.<\/p>\n<div class=\"one_third\">\n<img loading=\"lazy\" decoding=\"async\" alt=\"pump-wire-comparison\" class=\"aligncenter size-medium wp-image-5977\" height=\"186\" src=\"https:\/\/www.seaflowerstore.com\/nl\/wp-content\/uploads\/content\/pump-wire-comparison-300x186.jpg\" width=\"300\"\/>\n<\/div>\n<h2>Leiser Betrieb<\/h2>\n<p>Viele der heute beliebten Wasserpumpen sind alles andere als leise. Die Ger\u00e4usche k\u00f6nnen durch den Fu\u00dfboden dringen und in anderen R\u00e4umen zu h\u00f6ren sein. Unsere Tests haben gezeigt, dass das WAV \u00fcber eines der leisesten Treibersysteme auf dem Markt verf\u00fcgt.<\/p>\n<p><img loading=\"lazy\" decoding=\"async\" alt=\"sound-level\" height=\"210\" src=\"https:\/\/www.seaflowerstore.com\/nl\/wp-content\/uploads\/content\/Screen-Shot-2014-08-24-at-8.27.40-PM-238x300.png\" width=\"167\"\/><\/p>\n<h2>FLO\u2122 \u2013 Eine neue Messung f\u00fcr Ihr Aquarium<\/h2>\n<p>Um die Gesundheit Ihres Aquariums zu erhalten, ist es entscheidend zu verstehen, was in ihm vor sich geht. Durch die Beobachtung der Bedingungen und Ergebnisse k\u00f6nnen Sie lernen und fundierte Entscheidungen treffen. Traditionell haben wir uns auf Messungen wie Temperatur, pH-Wert, ORP und Salzgehalt verlassen, um die besten Parameter f\u00fcr unsere Becken zu finden. Es gibt zwar keine Zauberformel, aber diese Daten sind f\u00fcr eine effektive Aquarienverwaltung unerl\u00e4sslich.<\/p>\n<h3>Licht und Str\u00f6mung \u2013 Die beiden wichtigsten Anforderungen eines erfolgreichen Riffaquariums<\/h3>\n<p>Eine neue Messung, die in der Riffaquaristik an Bedeutung gewinnt, ist PAR, das die Lichtintensit\u00e4t misst. Mit PAR k\u00f6nnen Sie beurteilen, wie sich die Beleuchtung auf Ihr Aquarium auswirkt, und Setups mit anderen Aquarianern vergleichen. Wir bieten sogar ein Produkt zum Messen und Protokollieren von PAR mit Ihrem APEX an \u2013 das <a href=\"https:\/\/www.neptunesystems.com\/pmk\/\" rel=\"nofollow noopener\" target=\"_blank\">PMK \u2013 PAR Monitoring Kit<\/a>.<\/p>\n<p>Aber was ist mit der Str\u00f6mung? Erfahrene Aquarianer betonen oft, dass sowohl die Beleuchtung als auch die Str\u00f6mung f\u00fcr ein bl\u00fchendes Riffaquarium entscheidend sind. Bis jetzt gab es keine Echtzeitmethode, um die Leistung von Str\u00f6mungsger\u00e4ten (Powerheads\/Wellengeneratoren) in Ihrem Aquarium zu \u00fcberwachen. WAV und Apex Fusion \u00e4ndern das.<\/p>\n<p>Da WAV kontinuierlich mit Apex Fusion kommuniziert, verfolgt es, wie viel Str\u00f6mung es erzeugt, und f\u00fchrt einen neuen Messstandard ein, den wir FLO nennen. Dar\u00fcber hinaus tragen alle WAVs in Ihrem Aquarium zu einer Gesamt-FLO-Messung bei, sodass Sie den Durchfluss Ihres Aquariums mit anderen vergleichen oder Ihren eigenen FLO-Verlauf verfolgen k\u00f6nnen.<\/p>\n<p><strong><span style=\"font-size: 1.5em\">WAV-Starterkit beinhaltet:<\/span><\/strong><\/p>\n<ul>\n<li>Zwei (2) WAVs<\/li>\n<li>1LINK-Modul<\/li>\n<li>100 W 24 VDC-Stromversorgung<\/li>\n<li>3\u2032 AquaBus-Kabel<\/li>\n<\/ul>\n<h2>WAV-Starterkit erfordert:<\/h2>\n<ul>\n<li>Apex, Apex Lite oder Apex Jr.<\/li>\n<\/ul>\n<h2>Einzeln erworbenes WAV erfordert:<\/h2>\n<ul>\n<li>1LINK-Modul mit freiem 1LINK-Quellport<\/li>\n<li>Apex, Apex Lite oder Apex Jr.<\/li>\n<\/ul>\n","protected":false},"excerpt":{"rendered":"<p>Neptune Systems WAV Starter Kit Only <strong>works only with an apex computer<\/strong><\/p>\n","protected":false},"featured_media":79820,"template":"","meta":[],"pwb-brand":[2179],"product_cat":[1537,1423,741],"product_tag":[],"class_list":{"0":"post-87230","1":"product","2":"type-product","3":"status-publish","4":"has-post-thumbnail","6":"pwb-brand-neptune-systems","7":"product_cat-aquarientechnik","8":"product_cat-neptune-systems-de","9":"product_cat-brands","11":"first","12":"outofstock","13":"taxable","14":"shipping-taxable","15":"purchasable","16":"product-type-simple"},"acf":[],"brands":[{"id":2179,"name":"Neptune Systems","slug":"neptune-systems"}],"_links":{"self":[{"href":"https:\/\/www.seaflowerstore.com\/de\/wp-json\/wp\/v2\/product\/87230","targetHints":{"allow":["GET"]}}],"collection":[{"href":"https:\/\/www.seaflowerstore.com\/de\/wp-json\/wp\/v2\/product"}],"about":[{"href":"https:\/\/www.seaflowerstore.com\/de\/wp-json\/wp\/v2\/types\/product"}],"wp:featuredmedia":[{"embeddable":true,"href":"https:\/\/www.seaflowerstore.com\/de\/wp-json\/wp\/v2\/media\/79820"}],"wp:attachment":[{"href":"https:\/\/www.seaflowerstore.com\/de\/wp-json\/wp\/v2\/media?parent=87230"}],"wp:term":[{"taxonomy":"pwb-brand","embeddable":true,"href":"https:\/\/www.seaflowerstore.com\/de\/wp-json\/wp\/v2\/pwb-brand?post=87230"},{"taxonomy":"product_cat","embeddable":true,"href":"https:\/\/www.seaflowerstore.com\/de\/wp-json\/wp\/v2\/product_cat?post=87230"},{"taxonomy":"product_tag","embeddable":true,"href":"https:\/\/www.seaflowerstore.com\/de\/wp-json\/wp\/v2\/product_tag?post=87230"}],"curies":[{"name":"wp","href":"https:\/\/api.w.org\/{rel}","templated":true}]}}