{"id":87238,"date":"2017-03-24T15:12:44","date_gmt":"2017-03-24T14:12:44","guid":{"rendered":"https:\/\/www.seaflowerstore.com\/nl\/bacto-blend-all-in-one-bacteria-fauna-marin\/"},"modified":"2024-03-20T16:43:19","modified_gmt":"2024-03-20T15:43:19","slug":"bacto-blend-all-in-one-bacteria-fauna-marin","status":"publish","type":"product","link":"https:\/\/www.seaflowerstore.com\/de\/bacto-blend-all-in-one-bacteria-fauna-marin\/","title":{"rendered":"Bacto Blend &#8211; all in one bacteria  (Fauna Marin)"},"content":{"rendered":"<h2>Fauna Marin Bacto Blend is a super efficient and concentrated mixed-culture of the most important bacterial strains<\/h2>\n<p>Wir stellen Ihnen unseren erstklassigen Bakterienmix vor, der speziell f\u00fcr moderne Meerwasseraquarien entwickelt wurde. Diese innovative Kombination aus halophilen und phototrophen Bakterienkulturen aktiviert und stabilisiert schnell alle wichtigen biologischen N\u00e4hrstoffkreisl\u00e4ufe in Ihrem Aquarium. Mit Fauna Marin Bacto Blend k\u00f6nnen Sie das ges\u00fcndeste und lebensfreundlichste Wasser f\u00fcr Ihre Wasserumgebung genie\u00dfen.<\/p>\n<ul>\n<li><strong>Klares, kristallklares Wasser<\/strong><\/li>\n<li><strong>Gesunde Korallen und Fische<\/strong><\/li>\n<li><strong>Keine unangenehmen Ger\u00fcche<\/strong><\/li>\n<li><strong>Effektiveres Absch\u00e4umen<\/strong><\/li>\n<li><strong>Reduzierung von Detritus und Schlamm<\/strong><\/li>\n<li><strong>Extrem konzentrierte Mischung aus halophilen und phototrophen Bakterien<\/strong><\/li>\n<li><strong>Hydrolytische Enzyme und spezielle nitrifizierende\/denitrifizierende Bakterien f\u00fcr eine schnelle N\u00e4hrstoffentfernung<\/strong><\/li>\n<li><strong>Entwickelt einen frischen Geruch im Wasser und intensiviert gleichzeitig die Proteinabsch\u00e4umung<\/strong><\/li>\n<li><strong>Enth\u00e4lt direkt aktive lebende Bakterien<\/strong><\/li>\n<li><strong>Sehr hoher Zellgehalt Dichte (600 Milliarden\/ml), was kleine Dosierungen und eine hervorragende Kostenkontrolle erm\u00f6glicht<\/strong><\/li>\n<\/ul>\n<p>Fauna Marin Bacto Reef Blend macht es deutlich \u2013 die besten Ergebnisse werden in Kombination mit Marine Bacto Therapy erzielt. Beide Produkte weisen im Vergleich zu anderen f\u00fchrenden Produkten auf dem Markt eine bis zu hundertmal h\u00f6here Bakterienzahl auf. Diese Kombination bietet die kosteng\u00fcnstigste L\u00f6sung, um Ihr Riffaquarium auf h\u00f6chstem Niveau zu halten.<\/p>\n<p>Entwickelt und hergestellt in Deutschland von Fauna Marin.<\/p>\n<p><strong>Dosierung f\u00fcr neues Aquarium\/Behandlung:<\/strong><\/p>\n<p>F\u00fcr die Tage 1 bis 3: Verwenden Sie t\u00e4glich 10 ml pro 100 Liter (26 US-Gallonen). Wechseln Sie danach zu einer w\u00f6chentlichen Dosierung von 5 ml pro 100 Liter (26 US-Gallonen).<\/p>\n<p><strong>Regul\u00e4re Dosierung:<\/strong><\/p>\n<p>3 ml pro 100 Liter (26 US-Gallonen) pro Woche. Bei Aquarien, die \u00e4lter als 2 Jahre sind, bitte 30 % der oben genannten Dosierung nicht \u00fcberschreiten. F\u00fcr optimale Ergebnisse in Kombination mit Fauna Marin Bacto Therapy verwenden.<\/p>\n<p><strong>Inhaltsstoffe:<\/strong><\/p>\n<p>Wasser, Milliarden leistungsstarker schadstoffabbauender Bakterien pro ml, Enzymverbindungen.<\/p>\n<p><strong>Sicherheitshinweise:<\/strong><\/p>\n<p>Au\u00dferhalb der Reichweite von Kindern aufbewahren. Nicht einatmen oder verschlucken. Kontakt mit Haut und Augen vermeiden.<\/p>\n","protected":false},"excerpt":{"rendered":"<p>Fauna Marin Bacto Blend is a super efficient and concentrated mixed-culture of the most important bacterial strains<\/p>\n","protected":false},"featured_media":83472,"template":"","meta":[],"pwb-brand":[2177],"product_cat":[1484,1437],"product_tag":[],"class_list":{"0":"post-87238","1":"product","2":"type-product","3":"status-publish","4":"has-post-thumbnail","6":"pwb-brand-fauna-marin","7":"product_cat-bakterien","8":"product_cat-fauna-marin-de","9":"pa_inhoud-1000-ml-de","10":"pa_inhoud-250-ml-de","11":"pa_inhoud-500-ml-de","13":"first","14":"outofstock","15":"taxable","16":"shipping-taxable","17":"purchasable","18":"product-type-variable"},"acf":[],"brands":[{"id":2177,"name":"Fauna Marin","slug":"fauna-marin"}],"_links":{"self":[{"href":"https:\/\/www.seaflowerstore.com\/de\/wp-json\/wp\/v2\/product\/87238","targetHints":{"allow":["GET"]}}],"collection":[{"href":"https:\/\/www.seaflowerstore.com\/de\/wp-json\/wp\/v2\/product"}],"about":[{"href":"https:\/\/www.seaflowerstore.com\/de\/wp-json\/wp\/v2\/types\/product"}],"wp:featuredmedia":[{"embeddable":true,"href":"https:\/\/www.seaflowerstore.com\/de\/wp-json\/wp\/v2\/media\/83472"}],"wp:attachment":[{"href":"https:\/\/www.seaflowerstore.com\/de\/wp-json\/wp\/v2\/media?parent=87238"}],"wp:term":[{"taxonomy":"pwb-brand","embeddable":true,"href":"https:\/\/www.seaflowerstore.com\/de\/wp-json\/wp\/v2\/pwb-brand?post=87238"},{"taxonomy":"product_cat","embeddable":true,"href":"https:\/\/www.seaflowerstore.com\/de\/wp-json\/wp\/v2\/product_cat?post=87238"},{"taxonomy":"product_tag","embeddable":true,"href":"https:\/\/www.seaflowerstore.com\/de\/wp-json\/wp\/v2\/product_tag?post=87238"}],"curies":[{"name":"wp","href":"https:\/\/api.w.org\/{rel}","templated":true}]}}