{"id":87241,"date":"2017-03-20T19:53:39","date_gmt":"2017-03-20T18:53:39","guid":{"rendered":"https:\/\/www.seaflowerstore.com\/nl\/aquaforest-probios\/"},"modified":"2025-10-12T14:59:22","modified_gmt":"2025-10-12T12:59:22","slug":"aquaforest-probios","status":"publish","type":"product","link":"https:\/\/www.seaflowerstore.com\/de\/aquaforest-probios\/","title":{"rendered":"Aquaforest ProBioS"},"content":{"rendered":"<h2>Aquaforest ProBioS probiotic bacteria Supplement for reeftanks<\/h2>\n<p><strong>Aquaforest ProBioS<\/strong> ist ein hochkonzentriertes probiotisches Bakterienpr\u00e4parat, das speziell f\u00fcr Riffaquarien entwickelt wurde. Dieses Pr\u00e4parat enth\u00e4lt mehrere speziell ausgew\u00e4hlte Bakterienst\u00e4mme. Seine Hauptfunktion besteht darin, Phosphate und Nitrate in Biomasse umzuwandeln, die dann leicht vom Absch\u00e4umer entfernt oder von Korallen, Schw\u00e4mmen, Muscheln und anderen Organismen aufgenommen werden kann. Diese Bakterien spielen eine wichtige Rolle bei der Reduzierung von organischem Sediment, das sich im Substrat und in den Aquascaping-Elementen ansammelt.<\/p>\n<p>F\u00fcr noch bessere Ergebnisse wird empfohlen, ein zus\u00e4tzliches Bakterienmedium wie <em>Life Bio Fil<\/em> oder Sand in den Sumpf zu geben. ProBioS verbessert nicht nur die Gesundheit Ihres Aquariums, sondern sch\u00fctzt es auch vor pathogenen Organismen. F\u00fcr eine optimale Leistung empfiehlt es sich, dieses Produkt in Verbindung mit <em>NP Pro<\/em> oder <em>Pro Bio F<\/em> zu verwenden.<\/p>\n<p><strong>Dosierung:<\/strong> Verwenden Sie t\u00e4glich 1 Tropfen pro 100 Liter (27 US-Gallonen). Denken Sie daran, vor Gebrauch gut zu sch\u00fctteln. Nach dem \u00d6ffnen sollte es im K\u00fchlschrank aufbewahrt werden. Wenn die Temperatur in Ihrem Zimmer jedoch 24 Grad Celsius nicht \u00fcberschreitet, k\u00f6nnen Sie es bei Raumtemperatur statt im K\u00fchlschrank aufbewahren.<\/p>\n<p><strong>Kapazit\u00e4t:<\/strong> Erh\u00e4ltlich in Flaschen mit 10 ml (0,35 fl. oz.) und 50 ml (1,7 fl. oz.).<\/p>\n","protected":false},"excerpt":{"rendered":"<p>Aquaforest ProBioS probiotic bacteria Supplement for reeftanks<br \/>\nAvailable in 10ml and 50ml<\/p>\n","protected":false},"featured_media":83060,"template":"","meta":[],"pwb-brand":[2199],"product_cat":[1414,1484],"product_tag":[],"class_list":{"0":"post-87241","1":"product","2":"type-product","3":"status-publish","4":"has-post-thumbnail","6":"pwb-brand-aquaforest","7":"product_cat-aquaforest-de","8":"product_cat-bakterien","9":"pa_inhoud-10-ml-de","10":"pa_inhoud-50-ml-de","12":"first","13":"instock","14":"taxable","15":"shipping-taxable","16":"purchasable","17":"product-type-variable"},"acf":[],"brands":[{"id":2199,"name":"Aquaforest","slug":"aquaforest"}],"_links":{"self":[{"href":"https:\/\/www.seaflowerstore.com\/de\/wp-json\/wp\/v2\/product\/87241","targetHints":{"allow":["GET"]}}],"collection":[{"href":"https:\/\/www.seaflowerstore.com\/de\/wp-json\/wp\/v2\/product"}],"about":[{"href":"https:\/\/www.seaflowerstore.com\/de\/wp-json\/wp\/v2\/types\/product"}],"wp:featuredmedia":[{"embeddable":true,"href":"https:\/\/www.seaflowerstore.com\/de\/wp-json\/wp\/v2\/media\/83060"}],"wp:attachment":[{"href":"https:\/\/www.seaflowerstore.com\/de\/wp-json\/wp\/v2\/media?parent=87241"}],"wp:term":[{"taxonomy":"pwb-brand","embeddable":true,"href":"https:\/\/www.seaflowerstore.com\/de\/wp-json\/wp\/v2\/pwb-brand?post=87241"},{"taxonomy":"product_cat","embeddable":true,"href":"https:\/\/www.seaflowerstore.com\/de\/wp-json\/wp\/v2\/product_cat?post=87241"},{"taxonomy":"product_tag","embeddable":true,"href":"https:\/\/www.seaflowerstore.com\/de\/wp-json\/wp\/v2\/product_tag?post=87241"}],"curies":[{"name":"wp","href":"https:\/\/api.w.org\/{rel}","templated":true}]}}