{"id":87244,"date":"2017-03-20T19:41:02","date_gmt":"2017-03-20T18:41:02","guid":{"rendered":"https:\/\/www.seaflowerstore.com\/nl\/aquaforest-bios\/"},"modified":"2025-10-12T14:59:22","modified_gmt":"2025-10-12T12:59:22","slug":"aquaforest-bios","status":"publish","type":"product","link":"https:\/\/www.seaflowerstore.com\/de\/aquaforest-bios\/","title":{"rendered":"Aquaforest BioS"},"content":{"rendered":"<h2>Aquaforest BioS Recommended for newly established aquariums to start the nitrogen cycle<\/h2>\n<p>Aquaforest BioS ist ein Produkt, das n\u00fctzliche Bakterien enth\u00e4lt, die eine Umgebung f\u00fcr das Wachstum von <em>Nitrospirae<\/em>&#8211; und <em>Nitrobacter<\/em>-Familien schaffen sollen. Es ist ideal f\u00fcr neu eingerichtete Aquarien, um den Stickstoffkreislauf anzukurbeln. Dar\u00fcber hinaus kann BioS effektiv in Tanks eingesetzt werden, deren Filtersystem auf probiotische Bakterien angewiesen ist.<\/p>\n<p><strong>Dosierung:<\/strong> Verwenden Sie in den ersten zwei Wochen t\u00e4glich 1 Tropfen pro 100 Liter Wasser. Bei bereits in Betrieb befindlichen Aquarien ist es ratsam, BioS nach dem Wasserwechsel anzuwenden. Denken Sie daran, die Flasche vor Gebrauch zu sch\u00fctteln.<\/p>\n<p>Dieses Produkt ist speziell nur f\u00fcr die Verwendung in Aquarien formuliert. Bitte lagern Sie es an einem trockenen, dunklen Ort und au\u00dferhalb der Reichweite von Kindern.<\/p>\n","protected":false},"excerpt":{"rendered":"<p>Aquaforest BioS Recommended for newly established aquariums to start the nitrogen cycle<\/p>\n","protected":false},"featured_media":79780,"template":"","meta":[],"pwb-brand":[2199],"product_cat":[1414,1484,515,741],"product_tag":[],"class_list":{"0":"post-87244","1":"product","2":"type-product","3":"status-publish","4":"has-post-thumbnail","6":"pwb-brand-aquaforest","7":"product_cat-aquaforest-de","8":"product_cat-bakterien","9":"product_cat-additives","10":"product_cat-brands","11":"pa_inhoud-10-ml-de","12":"pa_inhoud-50-ml-de","14":"first","15":"instock","16":"taxable","17":"shipping-taxable","18":"purchasable","19":"product-type-variable"},"acf":[],"brands":[{"id":2199,"name":"Aquaforest","slug":"aquaforest"}],"_links":{"self":[{"href":"https:\/\/www.seaflowerstore.com\/de\/wp-json\/wp\/v2\/product\/87244","targetHints":{"allow":["GET"]}}],"collection":[{"href":"https:\/\/www.seaflowerstore.com\/de\/wp-json\/wp\/v2\/product"}],"about":[{"href":"https:\/\/www.seaflowerstore.com\/de\/wp-json\/wp\/v2\/types\/product"}],"wp:featuredmedia":[{"embeddable":true,"href":"https:\/\/www.seaflowerstore.com\/de\/wp-json\/wp\/v2\/media\/79780"}],"wp:attachment":[{"href":"https:\/\/www.seaflowerstore.com\/de\/wp-json\/wp\/v2\/media?parent=87244"}],"wp:term":[{"taxonomy":"pwb-brand","embeddable":true,"href":"https:\/\/www.seaflowerstore.com\/de\/wp-json\/wp\/v2\/pwb-brand?post=87244"},{"taxonomy":"product_cat","embeddable":true,"href":"https:\/\/www.seaflowerstore.com\/de\/wp-json\/wp\/v2\/product_cat?post=87244"},{"taxonomy":"product_tag","embeddable":true,"href":"https:\/\/www.seaflowerstore.com\/de\/wp-json\/wp\/v2\/product_tag?post=87244"}],"curies":[{"name":"wp","href":"https:\/\/api.w.org\/{rel}","templated":true}]}}