{"id":87247,"date":"2017-03-20T19:19:11","date_gmt":"2017-03-20T18:19:11","guid":{"rendered":"https:\/\/www.seaflowerstore.com\/nl\/aquaforest-np-pro\/"},"modified":"2025-10-12T14:59:22","modified_gmt":"2025-10-12T12:59:22","slug":"aquaforest-np-pro","status":"publish","type":"product","link":"https:\/\/www.seaflowerstore.com\/de\/aquaforest-np-pro\/","title":{"rendered":"Aquaforest NP Pro"},"content":{"rendered":"<h2>AquaForest NP Pro will let grow bacteria grow rapidly and will in this way unwanted nutrients such as nitrate and phosphate to be put into biomass<\/h2>\n<p><strong>AquaForest NP Pro<\/strong> wurde entwickelt, um das Wachstum probiotischer Bakterien effektiv zu f\u00f6rdern. Wenn Sie <strong>NP Pro<\/strong> hinzuf\u00fcgen, gedeihen die Bakterien schnell und wandeln unerw\u00fcnschte N\u00e4hrstoffe wie Nitrat und Phosphat in Biomasse um.<\/p>\n<p>Durch diesen Prozess k\u00f6nnen die Bakterien abgesch\u00f6pft oder von Korallen und Filtrierern aufgenommen werden, was eine zus\u00e4tzliche nat\u00fcrliche Nahrungsquelle darstellt.<\/p>\n<p><strong>Empfohlene Verwendung:<\/strong><\/p>\n<ul>\n<li>In Verbindung mit <strong>Pro Bio S<\/strong> verwenden.<\/li>\n<li>Dosierung: 1 Tropfen pro 100 Liter (27 US-Gallonen) t\u00e4glich.<\/li>\n<\/ul>\n<p>F\u00fcr eine optimale Wirksamkeit empfehlen wir die Dosierung mit <strong>Pro Bio S<\/strong>. Nach dem \u00d6ffnen bitte im K\u00fchlschrank aufbewahren, wenn die Temperatur 24 \u00b0C (75 \u00b0F) \u00fcbersteigt.<\/p>\n","protected":false},"excerpt":{"rendered":"<p>AquaForest NP Pro will let grow bacteria grow rapidly and will in this way unwanted nutrients such as nitrate and phosphate to be put into biomass<\/p>\n","protected":false},"featured_media":83124,"template":"","meta":[],"pwb-brand":[2199],"product_cat":[1414,1484,1453,515,741],"product_tag":[],"class_list":{"0":"post-87247","1":"product","2":"type-product","3":"status-publish","4":"has-post-thumbnail","6":"pwb-brand-aquaforest","7":"product_cat-aquaforest-de","8":"product_cat-bakterien","9":"product_cat-nitrat-und-phosphatentferner","10":"product_cat-additives","11":"product_cat-brands","12":"pa_inhoud-10-ml-de","13":"pa_inhoud-50-ml-de","15":"first","16":"instock","17":"taxable","18":"shipping-taxable","19":"purchasable","20":"product-type-variable"},"acf":[],"brands":[{"id":2199,"name":"Aquaforest","slug":"aquaforest"}],"_links":{"self":[{"href":"https:\/\/www.seaflowerstore.com\/de\/wp-json\/wp\/v2\/product\/87247","targetHints":{"allow":["GET"]}}],"collection":[{"href":"https:\/\/www.seaflowerstore.com\/de\/wp-json\/wp\/v2\/product"}],"about":[{"href":"https:\/\/www.seaflowerstore.com\/de\/wp-json\/wp\/v2\/types\/product"}],"wp:featuredmedia":[{"embeddable":true,"href":"https:\/\/www.seaflowerstore.com\/de\/wp-json\/wp\/v2\/media\/83124"}],"wp:attachment":[{"href":"https:\/\/www.seaflowerstore.com\/de\/wp-json\/wp\/v2\/media?parent=87247"}],"wp:term":[{"taxonomy":"pwb-brand","embeddable":true,"href":"https:\/\/www.seaflowerstore.com\/de\/wp-json\/wp\/v2\/pwb-brand?post=87247"},{"taxonomy":"product_cat","embeddable":true,"href":"https:\/\/www.seaflowerstore.com\/de\/wp-json\/wp\/v2\/product_cat?post=87247"},{"taxonomy":"product_tag","embeddable":true,"href":"https:\/\/www.seaflowerstore.com\/de\/wp-json\/wp\/v2\/product_tag?post=87247"}],"curies":[{"name":"wp","href":"https:\/\/api.w.org\/{rel}","templated":true}]}}