{"id":87256,"date":"2017-03-09T21:00:15","date_gmt":"2017-03-09T20:00:15","guid":{"rendered":"https:\/\/www.seaflowerstore.com\/nl\/rowacarbon\/"},"modified":"2024-03-20T16:42:30","modified_gmt":"2024-03-20T15:42:30","slug":"rowacarbon","status":"publish","type":"product","link":"https:\/\/www.seaflowerstore.com\/de\/rowacarbon\/","title":{"rendered":"ROWAcarbon"},"content":{"rendered":"<h2>ROWAcarbon A high performance activated carbon for crystal clear water in freshwater and saltwater aquariums<\/h2>\n<p>RowaCarbon ist eine au\u00dfergew\u00f6hnlich leistungsstarke Aktivkohle, die aus Steinkohle h\u00f6chster Qualit\u00e4t hergestellt wird und einen extrem niedrigen Phosphatgehalt aufweist. In Ihrem Aquarium beseitigt diese Aktivkohle Giftstoffe und Vergilbungen im Wasser, was die Gesundheit Ihrer Wasserlebewesen f\u00f6rdert und die Lichtdurchl\u00e4ssigkeit verbessert, sodass Ihr Aquarium kristallklar aussieht.<\/p>\n<p>Viele auf dem Markt erh\u00e4ltliche, preisg\u00fcnstige Kohleprodukte werden bei ihrer Endverarbeitung mit Phosphors\u00e4ure behandelt, wodurch h\u00e4ufig hohe Phosphatwerte ins Wasser abgegeben werden. RowaCarbon enth\u00e4lt jedoch sehr niedrige Phosphatwerte. Algenprobleme sind h\u00e4ufig mit der Freisetzung von Phosphat aus Aktivkohle mit hohen Phosphate Output Index (POI)-Werten verbunden, die bis zu 14,0 erreichen k\u00f6nnen. Solche Werte hemmen die Kalksynthese in Kalkalgen, Korallen und anderen Organismen, die Kalk f\u00fcr ihre Entwicklung ben\u00f6tigen. RowaCarbon zeichnet sich durch seinen bemerkenswert niedrigen POI-Wert von nur 1,3 aus, der deutlich unter den Nachweisgrenzen von Phosphat-Testkits liegt, die von Hobby-Anbauern verwendet werden.<\/p>\n<h3>Spezifikationen<\/h3>\n<ul>\n<li>Hochaktiv<\/li>\n<li>pH-neutral<\/li>\n<li>Als Pellet erh\u00e4ltlich<\/li>\n<li>Minimale Phosphatwerte<\/li>\n<li>Gro\u00dfe Oberfl\u00e4che<\/li>\n<li><strong style=\"color: #555555;\">225 g \u2013 500 ml<\/strong><\/li>\n<li><strong style=\"color: #555555;\">450 g \u2013 1000 ml<\/strong><\/li>\n<li><strong style=\"color: #555555;\">2250 g \u2013 5000 ml<\/strong><\/li>\n<\/ul>\n","protected":false},"excerpt":{"rendered":"<p>ROWAcarbon A high performance activated carbon for crystal clear water in freshwater and saltwater aquariums<\/p>\n","protected":false},"featured_media":79762,"template":"","meta":[],"pwb-brand":[2219],"product_cat":[1394,1488],"product_tag":[],"class_list":{"0":"post-87256","1":"product","2":"type-product","3":"status-publish","4":"has-post-thumbnail","6":"pwb-brand-rowa","7":"product_cat-aktivkohle","8":"product_cat-pflege","9":"pa_inhoud-1000-ml-de","10":"pa_inhoud-20-kg-de","11":"pa_inhoud-500-ml-de","12":"pa_inhoud-5000-ml-de","14":"first","15":"instock","16":"taxable","17":"shipping-taxable","18":"purchasable","19":"product-type-variable"},"acf":[],"brands":[{"id":2219,"name":"Rowa","slug":"rowa"}],"_links":{"self":[{"href":"https:\/\/www.seaflowerstore.com\/de\/wp-json\/wp\/v2\/product\/87256","targetHints":{"allow":["GET"]}}],"collection":[{"href":"https:\/\/www.seaflowerstore.com\/de\/wp-json\/wp\/v2\/product"}],"about":[{"href":"https:\/\/www.seaflowerstore.com\/de\/wp-json\/wp\/v2\/types\/product"}],"wp:featuredmedia":[{"embeddable":true,"href":"https:\/\/www.seaflowerstore.com\/de\/wp-json\/wp\/v2\/media\/79762"}],"wp:attachment":[{"href":"https:\/\/www.seaflowerstore.com\/de\/wp-json\/wp\/v2\/media?parent=87256"}],"wp:term":[{"taxonomy":"pwb-brand","embeddable":true,"href":"https:\/\/www.seaflowerstore.com\/de\/wp-json\/wp\/v2\/pwb-brand?post=87256"},{"taxonomy":"product_cat","embeddable":true,"href":"https:\/\/www.seaflowerstore.com\/de\/wp-json\/wp\/v2\/product_cat?post=87256"},{"taxonomy":"product_tag","embeddable":true,"href":"https:\/\/www.seaflowerstore.com\/de\/wp-json\/wp\/v2\/product_tag?post=87256"}],"curies":[{"name":"wp","href":"https:\/\/api.w.org\/{rel}","templated":true}]}}