{"id":87261,"date":"2017-03-09T20:47:56","date_gmt":"2017-03-09T19:47:56","guid":{"rendered":"https:\/\/www.seaflowerstore.com\/nl\/reef-spec-carbon-red-sea\/"},"modified":"2024-03-20T16:42:29","modified_gmt":"2024-03-20T15:42:29","slug":"reef-spec-carbon-red-sea","status":"publish","type":"product","link":"https:\/\/www.seaflowerstore.com\/de\/reef-spec-carbon-red-sea\/","title":{"rendered":"REEF SPEC Carbon (Red Sea)"},"content":{"rendered":"<h2>Red Sea REEF SPEC Carbon is the ultimate choice for marine &#038; reef aquariums due to its unique technical characteristics<\/h2>\n<p>Red Sea REEF-SPEC\u2122 Carbon ist aufgrund seiner einzigartigen technischen Eigenschaften eine ausgezeichnete Option f\u00fcr Meerwasser- und Riffaquarien. Die Granulatgr\u00f6\u00dfe und die mikro-\/makropor\u00f6se Struktur sorgen f\u00fcr eine sehr hohe Gesamtadsorptionskapazit\u00e4t und erm\u00f6glichen so die schnelle Entfernung spezifischer organischer Schadstoffe, die h\u00e4ufig in Riffaquarien vorkommen.<\/p>\n<p>Dieses Kohlenstoffprodukt zeichnet sich durch eine extrem geringe Phosphatauswaschung und einen minimalen Aschegehalt aus, sodass der pH-Wert Ihres Aquarienwassers nicht beeintr\u00e4chtigt wird. Einer der besten Aspekte ist, dass Red Sea REEF-SPEC\u2122 Carbon im Vergleich zu nicht riffspezifischen oder qualitativ minderwertigeren Alternativen weniger h\u00e4ufig ausgetauscht werden muss. Dies macht es zu einer kosteng\u00fcnstigen L\u00f6sung, um eine optimale Wasserqualit\u00e4t in Ihren Meeres- und Riffanlagen zu erreichen.<\/p>\n<p><strong>Hauptmerkmale:<\/strong><\/p>\n<ul>\n<li>Schnelle Entfernung organischer Schadstoffe<\/li>\n<li>Hohe Gesamtadsorptionskapazit\u00e4t<\/li>\n<li>Extrem niedriger Phosphataussto\u00df<\/li>\n<li>Extrem niedriger Aschegehalt<\/li>\n<li>Geeignet f\u00fcr Meer- und S\u00fc\u00dfwasser<\/li>\n<li>Filterbeutel enthalten (250 g, 500 g, 1000 g)<\/li>\n<\/ul>\n","protected":false},"excerpt":{"rendered":"<p>Red Sea REEF-SPEC\u2122 Carbon is the ultimate choice for marine &amp; reef aquariums due to its unique technical characteristics<\/p>\n","protected":false},"featured_media":79756,"template":"","meta":[],"pwb-brand":[2125],"product_cat":[1394,1488,1404,741],"product_tag":[],"class_list":{"0":"post-87261","1":"product","2":"type-product","3":"status-publish","4":"has-post-thumbnail","6":"pwb-brand-red-sea","7":"product_cat-aktivkohle","8":"product_cat-pflege","9":"product_cat-redsea-de","10":"product_cat-brands","11":"pa_inhoud-1000-ml-500gr-de","12":"pa_inhoud-200-ml-100gr-de","13":"pa_inhoud-2000-ml-1000gr-de","14":"pa_inhoud-500-ml-250gr-de","16":"first","17":"instock","18":"taxable","19":"shipping-taxable","20":"purchasable","21":"product-type-variable"},"acf":[],"brands":[{"id":2125,"name":"Red Sea","slug":"red-sea"}],"_links":{"self":[{"href":"https:\/\/www.seaflowerstore.com\/de\/wp-json\/wp\/v2\/product\/87261","targetHints":{"allow":["GET"]}}],"collection":[{"href":"https:\/\/www.seaflowerstore.com\/de\/wp-json\/wp\/v2\/product"}],"about":[{"href":"https:\/\/www.seaflowerstore.com\/de\/wp-json\/wp\/v2\/types\/product"}],"wp:featuredmedia":[{"embeddable":true,"href":"https:\/\/www.seaflowerstore.com\/de\/wp-json\/wp\/v2\/media\/79756"}],"wp:attachment":[{"href":"https:\/\/www.seaflowerstore.com\/de\/wp-json\/wp\/v2\/media?parent=87261"}],"wp:term":[{"taxonomy":"pwb-brand","embeddable":true,"href":"https:\/\/www.seaflowerstore.com\/de\/wp-json\/wp\/v2\/pwb-brand?post=87261"},{"taxonomy":"product_cat","embeddable":true,"href":"https:\/\/www.seaflowerstore.com\/de\/wp-json\/wp\/v2\/product_cat?post=87261"},{"taxonomy":"product_tag","embeddable":true,"href":"https:\/\/www.seaflowerstore.com\/de\/wp-json\/wp\/v2\/product_tag?post=87261"}],"curies":[{"name":"wp","href":"https:\/\/api.w.org\/{rel}","templated":true}]}}