{"id":87266,"date":"2017-03-09T20:39:04","date_gmt":"2017-03-09T19:39:04","guid":{"rendered":"https:\/\/www.seaflowerstore.com\/nl\/aquaforest-carbon\/"},"modified":"2025-07-04T16:54:20","modified_gmt":"2025-07-04T14:54:20","slug":"aquaforest-carbon","status":"publish","type":"product","link":"https:\/\/www.seaflowerstore.com\/de\/aquaforest-carbon\/","title":{"rendered":"Aquaforest Carbon"},"content":{"rendered":"<h2>Aquaforest Carbon High quality granulated active carbon<\/h2>\n<p>Aquaforest Carbon entfernt effektiv unerw\u00fcnschte chemische Verbindungen aus Meer- und S\u00fc\u00dfwasseraquarien. F\u00fcr optimale Ergebnisse wird empfohlen, 100 ml Kohlenstoff pro 100 Liter (27 US-Gallonen) Wasser in einem Meerwasseraquarium oder 200 Liter (54 US-Gallonen) in einem S\u00fc\u00dfwasseraquarium zu verwenden.<\/p>\n<p>Um eine gesunde Aquarienumgebung aufrechtzuerhalten, ist es wichtig, den Kohlenstoffeinsatz alle 4 Wochen auszutauschen.<\/p>\n","protected":false},"excerpt":{"rendered":"<p>Aquaforest Carbon eliminates unwanted compounds in marine aquariums and freshwater aquariums.<br \/>\nAvailable in 500ml, 1L and 5L<\/p>\n","protected":false},"featured_media":83273,"template":"","meta":[],"pwb-brand":[2199],"product_cat":[1394,1414],"product_tag":[],"class_list":{"0":"post-87266","1":"product","2":"type-product","3":"status-publish","4":"has-post-thumbnail","6":"pwb-brand-aquaforest","7":"product_cat-aktivkohle","8":"product_cat-aquaforest-de","9":"pa_inhoud-1000-ml-de","10":"pa_inhoud-250-ml-de","11":"pa_inhoud-5-l-de","13":"first","14":"instock","15":"sale","16":"taxable","17":"shipping-taxable","18":"purchasable","19":"product-type-variable"},"acf":[],"brands":[{"id":2199,"name":"Aquaforest","slug":"aquaforest"}],"_links":{"self":[{"href":"https:\/\/www.seaflowerstore.com\/de\/wp-json\/wp\/v2\/product\/87266","targetHints":{"allow":["GET"]}}],"collection":[{"href":"https:\/\/www.seaflowerstore.com\/de\/wp-json\/wp\/v2\/product"}],"about":[{"href":"https:\/\/www.seaflowerstore.com\/de\/wp-json\/wp\/v2\/types\/product"}],"wp:featuredmedia":[{"embeddable":true,"href":"https:\/\/www.seaflowerstore.com\/de\/wp-json\/wp\/v2\/media\/83273"}],"wp:attachment":[{"href":"https:\/\/www.seaflowerstore.com\/de\/wp-json\/wp\/v2\/media?parent=87266"}],"wp:term":[{"taxonomy":"pwb-brand","embeddable":true,"href":"https:\/\/www.seaflowerstore.com\/de\/wp-json\/wp\/v2\/pwb-brand?post=87266"},{"taxonomy":"product_cat","embeddable":true,"href":"https:\/\/www.seaflowerstore.com\/de\/wp-json\/wp\/v2\/product_cat?post=87266"},{"taxonomy":"product_tag","embeddable":true,"href":"https:\/\/www.seaflowerstore.com\/de\/wp-json\/wp\/v2\/product_tag?post=87266"}],"curies":[{"name":"wp","href":"https:\/\/api.w.org\/{rel}","templated":true}]}}