{"id":87269,"date":"2017-03-09T20:32:12","date_gmt":"2017-03-09T19:32:12","guid":{"rendered":"https:\/\/www.seaflowerstore.com\/nl\/ams-super-carbon-coarse\/"},"modified":"2024-03-20T16:42:26","modified_gmt":"2024-03-20T15:42:26","slug":"ams-super-carbon-coarse","status":"publish","type":"product","link":"https:\/\/www.seaflowerstore.com\/de\/ams-super-carbon-coarse\/","title":{"rendered":"AMS Super Carbon Coarse"},"content":{"rendered":"<h2>AMS Super Carbon Coarse<\/h2>\n<p>AMS Super Carbon Coarse wurde entwickelt, um Ihr Aquarienwasser klar und gesund zu halten. Es entfernt effektiv Schadstoffe, absorbiert organische Molek\u00fcle und beseitigt R\u00fcckst\u00e4nde von Ozon. Dar\u00fcber hinaus hilft es, das Wasser zu entf\u00e4rben und verbessert die Lichtdurchl\u00e4ssigkeit. Dieses Produkt k\u00fcmmert sich auch um Medikamentenr\u00fcckst\u00e4nde in Ihrem Aquarienwasser.<\/p>\n<p><strong>Anleitung:<\/strong><\/p>\n<p>Verwenden Sie 70 ml pro 100 Liter Wasser in einem Wirbelschichtfilter f\u00fcr optimale Effizienz. Nachdem Sie Ihren Fl\u00fcssigkeitsfilter mit AMS Super Carbon gef\u00fcllt haben, sp\u00fclen Sie ihn unbedingt mit <span style=\"text-decoration: underline\">Osmosewasser<\/span>, bis das Wasser im Filter klar ist. Sie sollten dies tun, bevor Sie den Wirbelschichtfilter an Ihr Aquariumsystem anschlie\u00dfen.<\/p>\n<p><strong>Hinweis:<\/strong> Bei Bypassfiltern oder Wirbelschichtfiltern ohne Top Punch und\/oder offenen Designs ist es wichtig, den AMS Super Carbon mehrere Wochen lang in <span style=\"text-decoration: underline\">Osmosewasser<\/span> einzuweichen. Dieser Vorgang hilft dabei, eingeschlossene Luft aus den por\u00f6sen Granulaten zu entfernen.<\/p>\n<p>Wenn Sie nach zweiw\u00f6chigem Gebrauch eine Ver\u00e4nderung der Farbe Ihres Aquarienwassers feststellen, ist es wahrscheinlich Zeit, die F\u00fcllung auszutauschen, da sie ges\u00e4ttigt sein k\u00f6nnte.<\/p>\n","protected":false},"excerpt":{"rendered":"<p>For clear and healthy aquarium water. Removes harmful substances and absorb organic molecules.<br \/>\nAvailable in 1L and 5L<\/p>\n","protected":false},"featured_media":79749,"template":"","meta":[],"pwb-brand":[2207],"product_cat":[1394,1488],"product_tag":[],"class_list":{"0":"post-87269","1":"product","2":"type-product","3":"status-publish","4":"has-post-thumbnail","6":"pwb-brand-ams-aqua-marine-supply","7":"product_cat-aktivkohle","8":"product_cat-pflege","9":"pa_inhoud-1000-ml-de","10":"pa_inhoud-5-l-de","12":"first","13":"instock","14":"taxable","15":"shipping-taxable","16":"purchasable","17":"product-type-variable"},"acf":[],"brands":[{"id":2207,"name":"AMS &#8211; Aqua Marine Supply","slug":"ams-aqua-marine-supply"}],"_links":{"self":[{"href":"https:\/\/www.seaflowerstore.com\/de\/wp-json\/wp\/v2\/product\/87269","targetHints":{"allow":["GET"]}}],"collection":[{"href":"https:\/\/www.seaflowerstore.com\/de\/wp-json\/wp\/v2\/product"}],"about":[{"href":"https:\/\/www.seaflowerstore.com\/de\/wp-json\/wp\/v2\/types\/product"}],"wp:featuredmedia":[{"embeddable":true,"href":"https:\/\/www.seaflowerstore.com\/de\/wp-json\/wp\/v2\/media\/79749"}],"wp:attachment":[{"href":"https:\/\/www.seaflowerstore.com\/de\/wp-json\/wp\/v2\/media?parent=87269"}],"wp:term":[{"taxonomy":"pwb-brand","embeddable":true,"href":"https:\/\/www.seaflowerstore.com\/de\/wp-json\/wp\/v2\/pwb-brand?post=87269"},{"taxonomy":"product_cat","embeddable":true,"href":"https:\/\/www.seaflowerstore.com\/de\/wp-json\/wp\/v2\/product_cat?post=87269"},{"taxonomy":"product_tag","embeddable":true,"href":"https:\/\/www.seaflowerstore.com\/de\/wp-json\/wp\/v2\/product_tag?post=87269"}],"curies":[{"name":"wp","href":"https:\/\/api.w.org\/{rel}","templated":true}]}}