{"id":87272,"date":"2017-03-09T20:20:12","date_gmt":"2017-03-09T19:20:12","guid":{"rendered":"https:\/\/www.seaflowerstore.com\/nl\/hydrocarbon2\/"},"modified":"2026-01-03T22:45:46","modified_gmt":"2026-01-03T21:45:46","slug":"hydrocarbon2","status":"publish","type":"product","link":"https:\/\/www.seaflowerstore.com\/de\/hydrocarbon2\/","title":{"rendered":"HydroCarbon2"},"content":{"rendered":"<h2>HydroCarbon2 Granular activated carbon designed specifically for water purification<\/h2>\n<p style=\"color: #333333; font-family: Helvetica Neue, Helvetica, Arial, sans-serif; font-size: 12px; line-height: 24px;\">\nHydroCarbon2\u00ae Granular Aktivkohle wurde speziell f\u00fcr die Wasserreinigung entwickelt. Sie entfernt wirksam gel\u00f6ste organische Verbindungen, die eine Verf\u00e4rbung des Wassers verursachen. Die hochpor\u00f6sen Granulate haben die perfekte Gr\u00f6\u00dfe f\u00fcr Hochleistungsfilter und erm\u00f6glichen einen effizienten Wasserfluss mit minimalem Gegendruck. Wichtig ist, dass keine Phosphate ausgewaschen werden.\n<\/p>\n<p style=\"color: #333333; font-family: Helvetica Neue, Helvetica, Arial, sans-serif; font-size: 12px; line-height: 24px;\">\n<strong>Anleitung:<\/strong> Verwenden Sie ungef\u00e4hr 125 ml HydroCarbon 2 G.A.C. pro 189 Liter Wasser.\n<\/p>\n<p style=\"color: #333333; font-family: Helvetica Neue, Helvetica, Arial, sans-serif; font-size: 12px; line-height: 24px;\">\nGie\u00dfen Sie zun\u00e4chst die erforderliche Menge in einen Filterbeutel aus Polyester oder Nylon. Nehmen Sie den Trockenbeutel HydroCarbon 2 G.A.C. zusammen mit einem Beh\u00e4lter, der zum Sp\u00fclen teilweise mit Leitungswasser gef\u00fcllt ist, nach drau\u00dfen. Tauchen Sie den geschlossenen Beutel in den Wasserbeh\u00e4lter. Sie werden bemerken, dass der por\u00f6se Kohlenstoff beim Hydratisieren brutzelt und Kohlenstaub in die Luft und das Sp\u00fclwasser freisetzt. Bitte atmen Sie den Staub nicht ein! Sch\u00fctteln Sie den Beutel unter Wasser und heben und tauchen Sie ihn wiederholt ein, um den gr\u00f6\u00dften Teil des Feinstaubs wegzusp\u00fclen. Das entstehende Schwarzwasser kann bedenkenlos in einen Abfluss oder in den Boden im Freien gegossen werden.\n<\/p>\n<p style=\"color: #333333; font-family: Helvetica Neue, Helvetica, Arial, sans-serif; font-size: 12px; line-height: 24px;\">\n<p><strong>So finden Sie HydroCarbon:<\/strong> Um wasserfleckige organische Materialien und andere Schadstoffe schnell zu entfernen, legen Sie den vorgesp\u00fclten HydroCarbon 2 G.A.C.-Beutel in eine Filterkammer, durch die Wasser flie\u00dft. Die Verwendung von Filterwatte vor dem Beutel hilft dabei, feine Partikel abzufangen, die ihn verstopfen k\u00f6nnten. Sie k\u00f6nnen ihn auch ohne Filterbeutel in externen Kraftfiltern verwenden, indem Sie Filterwatte \u00fcber und unter der Kohle platzieren, um sie festzuhalten.\n<\/p>\n<p style=\"color: #333333; font-family: Helvetica Neue, Helvetica, Arial, sans-serif; font-size: 12px; line-height: 24px;\">\nWichtig: Achten Sie bei der Verwendung in einer Filterkammer mit hohem Durchfluss darauf, den Beutel fest zu verschlie\u00dfen, damit die Kohlegranulate gepackt bleiben. Dadurch wird verhindert, dass sie herumwirbeln, wodurch Kohlestaub ins Wasser gelangen k\u00f6nnte. HydroCarbon 2 G.A.C. kann auch passiv ohne Filterwatte verwendet werden, indem es in eine Filterkammer gelegt wird, wo das Wasser \u00fcber und durch den Beutel flie\u00dft, aber nicht ausschlie\u00dflich durch ihn hindurchgedr\u00fcckt wird. Die kontinuierliche passive Verwendung verhindert immer noch effektiv die Ansammlung von vergilbenden Substanzen und h\u00e4lt Ihr Wasser strahlend klar. Ersetzen Sie es bei Bedarf durch neues HydroCarbon 2 G.A.C., um klares Wasser zu erhalten; es ist normalerweise mehrere Monate lang wirksam.\n<\/p>\n<p style=\"color: #333333; font-family: Helvetica Neue, Helvetica, Arial, sans-serif; font-size: 12px; line-height: 24px;\">\n<strong>Wichtig:<\/strong> Halten Sie diesen Beh\u00e4lter fest verschlossen, um die Aufnahme von Luftverschmutzung zu verhindern. Verwenden Sie HydroCarbon 2 G.A.C. nicht, w\u00e4hrend Sie das Aquarium mit Medikamenten behandeln. Es kann verwendet werden, um Medikamente nach Abschluss der Behandlung aus dem Wasser zu entfernen, sollte danach jedoch entsorgt werden.<\/p>\n<p style=\"color: #333333; font-family: Helvetica Neue, Helvetica, Arial, sans-serif; font-size: 12px; line-height: 24px;\">\n<strong>Ozon:<\/strong> HydroCarbon 2 G.A.C. beseitigt Ozon effektiv, wenn es in den Wasserstrom gegeben wird, der aus einer Ozonkontaktkammer, wie einem Eiwei\u00dfabsch\u00e4umer oder einem Sauerstoffreaktor, austritt. Zu diesem Zweck sollte es einmal im Monat gewechselt werden.\n<\/p>\n<p style=\"color: #333333; font-family: Helvetica Neue, Helvetica, Arial, sans-serif; font-size: 12px; line-height: 24px;\">\n<p><strong>Warnung:<\/strong> Eine schnelle Entfernung von vergilbenden Substanzen beeintr\u00e4chtigt die Lichtdurchl\u00e4ssigkeit des Wassers, insbesondere von UV-Licht, erheblich. Dies kann sich negativ auf Korallen auswirken, die sich an das durch gelbes Wasser ver\u00e4nderte Lichtspektrum angepasst haben. Korallen vertragen m\u00f6glicherweise keine pl\u00f6tzliche Einwirkung von UV-Wellenl\u00e4ngen. Wenn \u00fcber einen l\u00e4ngeren Zeitraum keine Aktivkohle ohne Wasserwechsel verwendet wurde, beschatten Sie die Korallen bitte, wenn Sie die Kohle wieder verwenden, und gew\u00f6hnen Sie sie \u00fcber einige Wochen hinweg allm\u00e4hlich an das Licht. Au\u00dferhalb der Reichweite von Kindern aufbewahren. Nur f\u00fcr den Gebrauch im Aquarium.\n<\/p>\n<ul style=\"color: #333333; font-family: Helvetica Neue, Helvetica, Arial, sans-serif; font-size: 12px; line-height: 24px;\">\n<li>Granul\u00e4re Aktivkohle zur Aquarienwasserreinigung<\/li>\n<li>Chemisches Filtermedium entfernt gel\u00f6ste organische Verbindungen<\/li>\n<li>HydroCarbon2 l\u00f6st den Aquarienschadstoff Phosphat nicht aus<\/li>\n<\/ul>\n","protected":false},"excerpt":{"rendered":"<p>HydroCarbon2 Granular activated carbon designed specifically for water purification. Available in 1L and 4L<\/p>\n","protected":false},"featured_media":79746,"template":"","meta":[],"pwb-brand":[2231],"product_cat":[1488],"product_tag":[],"class_list":{"0":"post-87272","1":"product","2":"type-product","3":"status-publish","4":"has-post-thumbnail","6":"pwb-brand-two-little-fishies","7":"product_cat-pflege","8":"pa_inhoud-1000-ml-de","9":"pa_inhoud-4-l-de","11":"first","12":"instock","13":"taxable","14":"shipping-taxable","15":"purchasable","16":"product-type-variable"},"acf":[],"brands":[{"id":2231,"name":"Two Little Fishies","slug":"two-little-fishies"}],"_links":{"self":[{"href":"https:\/\/www.seaflowerstore.com\/de\/wp-json\/wp\/v2\/product\/87272","targetHints":{"allow":["GET"]}}],"collection":[{"href":"https:\/\/www.seaflowerstore.com\/de\/wp-json\/wp\/v2\/product"}],"about":[{"href":"https:\/\/www.seaflowerstore.com\/de\/wp-json\/wp\/v2\/types\/product"}],"wp:featuredmedia":[{"embeddable":true,"href":"https:\/\/www.seaflowerstore.com\/de\/wp-json\/wp\/v2\/media\/79746"}],"wp:attachment":[{"href":"https:\/\/www.seaflowerstore.com\/de\/wp-json\/wp\/v2\/media?parent=87272"}],"wp:term":[{"taxonomy":"pwb-brand","embeddable":true,"href":"https:\/\/www.seaflowerstore.com\/de\/wp-json\/wp\/v2\/pwb-brand?post=87272"},{"taxonomy":"product_cat","embeddable":true,"href":"https:\/\/www.seaflowerstore.com\/de\/wp-json\/wp\/v2\/product_cat?post=87272"},{"taxonomy":"product_tag","embeddable":true,"href":"https:\/\/www.seaflowerstore.com\/de\/wp-json\/wp\/v2\/product_tag?post=87272"}],"curies":[{"name":"wp","href":"https:\/\/api.w.org\/{rel}","templated":true}]}}