{"id":87276,"date":"2017-03-07T19:53:59","date_gmt":"2017-03-07T19:53:59","guid":{"rendered":"https:\/\/www.seaflowerstore.com\/nl\/ams-superphos\/"},"modified":"2026-02-03T14:40:51","modified_gmt":"2026-02-03T13:40:51","slug":"ams-superphos","status":"publish","type":"product","link":"https:\/\/www.seaflowerstore.com\/de\/ams-superphos\/","title":{"rendered":"AMS SuperPhos (strong)"},"content":{"rendered":"<h2>AMS SuperPhos <span style=\"color: #000000; font-family: Verdana, Arial, Helvetica, sans-serif; line-height: normal; text-align: justify;\">Removes Arsenic, phosphates and silicates from pond, freshwater and seawater<\/span><\/h2>\n<p><strong>AMS SuperPhos<\/strong> entfernt effektiv Arsen, Phosphate und Silikate aus Teichen, S\u00fc\u00dfwasser und Meerwasser. Die aufgef\u00fchrten Stoffe werden nicht wieder ins Wasser abgegeben, was eine sauberere Umwelt gew\u00e4hrleistet.<\/p>\n<p>Dieses Produkt zielt auch auf sehr aktive Phosphate und Silikate in verschiedenen Wasserumgebungen ab.<\/p>\n<p><strong>Anleitung:<\/strong><\/p>\n<ul>\n<li>Verwenden Sie 30 g pro 100 l Wasser f\u00fcr optimale Ergebnisse in einem Fl\u00fcssigkeitsfilter.<\/li>\n<li>Nachdem Sie Ihren Fl\u00fcssigkeitsfilter mit AMS SuperPhos gef\u00fcllt haben, sp\u00fclen Sie ihn mit <span style=\"text-decoration: underline;\">Osmosewasser<\/span>, bis das Wasser im Filter klar ist.<\/li>\n<li>Stellen Sie sicher, dass der Filter erst nach dem Sp\u00fclen an Ihr Aquariensystem angeschlossen wird.<\/li>\n<\/ul>\n<p><strong>Hinweis:<\/strong><\/p>\n<ul>\n<li>Die empfohlene Menge dient als Richtlinie.<\/li>\n<li>Bitte bedenken Sie, dass einige Korallen auf pl\u00f6tzliche Abf\u00e4lle des Phosphatspiegels negativ reagieren k\u00f6nnen.<\/li>\n<\/ul>\n<p>Die Rate bei Welcher Phosphatgehalt im Wasser reduziert wird, h\u00e4ngt von mehreren Faktoren ab:<\/p>\n<ul>\n<li>Die anf\u00e4ngliche Menge an Phosphat im Wasser.<\/li>\n<li>Die Kontaktzeit und -fl\u00e4che des Aquarienwassers mit SuperPhos.<\/li>\n<li>Wie lange das Phosphatproblem im Aquarium besteht, unter Ber\u00fccksichtigung der Speicherkapazit\u00e4t von Kalzium in den Substraten und Strukturen.<\/li>\n<\/ul>\n<p>Wenn Sie einen deutlichen Anstieg des Phosphatgehalts feststellen, ist dies ein Zeichen daf\u00fcr, dass die F\u00fcllung ihren S\u00e4ttigungspunkt erreicht hat und ersetzt werden muss. Normalerweise m\u00fcssen Sie sie nach etwa einem Monat Gebrauch ersetzen.<\/p>\n","protected":false},"excerpt":{"rendered":"<p>AMS SuperPhos Removes Arsenic, phosphates and silicates from pond, freshwater and seawater.<br \/>\nAvailable in 1000ml and 5000ml<\/p>\n","protected":false},"featured_media":79743,"template":"","meta":[],"pwb-brand":[2207],"product_cat":[1453],"product_tag":[],"class_list":{"0":"post-87276","1":"product","2":"type-product","3":"status-publish","4":"has-post-thumbnail","6":"pwb-brand-ams-aqua-marine-supply","7":"product_cat-nitrat-und-phosphatentferner","8":"pa_inhoud-1000-ml-de","9":"pa_inhoud-5-l-de","11":"first","12":"instock","13":"taxable","14":"shipping-taxable","15":"purchasable","16":"product-type-variable"},"acf":[],"brands":[{"id":2207,"name":"AMS &#8211; Aqua Marine Supply","slug":"ams-aqua-marine-supply"}],"_links":{"self":[{"href":"https:\/\/www.seaflowerstore.com\/de\/wp-json\/wp\/v2\/product\/87276","targetHints":{"allow":["GET"]}}],"collection":[{"href":"https:\/\/www.seaflowerstore.com\/de\/wp-json\/wp\/v2\/product"}],"about":[{"href":"https:\/\/www.seaflowerstore.com\/de\/wp-json\/wp\/v2\/types\/product"}],"wp:featuredmedia":[{"embeddable":true,"href":"https:\/\/www.seaflowerstore.com\/de\/wp-json\/wp\/v2\/media\/79743"}],"wp:attachment":[{"href":"https:\/\/www.seaflowerstore.com\/de\/wp-json\/wp\/v2\/media?parent=87276"}],"wp:term":[{"taxonomy":"pwb-brand","embeddable":true,"href":"https:\/\/www.seaflowerstore.com\/de\/wp-json\/wp\/v2\/pwb-brand?post=87276"},{"taxonomy":"product_cat","embeddable":true,"href":"https:\/\/www.seaflowerstore.com\/de\/wp-json\/wp\/v2\/product_cat?post=87276"},{"taxonomy":"product_tag","embeddable":true,"href":"https:\/\/www.seaflowerstore.com\/de\/wp-json\/wp\/v2\/product_tag?post=87276"}],"curies":[{"name":"wp","href":"https:\/\/api.w.org\/{rel}","templated":true}]}}