{"id":87279,"date":"2017-03-07T19:39:35","date_gmt":"2017-03-07T18:39:35","guid":{"rendered":"https:\/\/www.seaflowerstore.com\/nl\/ams-superphos-sps\/"},"modified":"2024-03-20T16:42:22","modified_gmt":"2024-03-20T15:42:22","slug":"ams-superphos-sps","status":"publish","type":"product","link":"https:\/\/www.seaflowerstore.com\/de\/ams-superphos-sps\/","title":{"rendered":"AMS SuperPhos SPS"},"content":{"rendered":"<h2>AMS SuperPhos SPS Preventive phosphate remover that takes low phosphate content of this very slowly lowers, at SPS aquariums<\/h2>\n<p>AMS SuperPhos SPS ist ein vorbeugender Phosphat-Entferner, der den Phosphatgehalt in SPS-Aquarien schrittweise senkt. Er stellt sicher, dass die aufgef\u00fchrten Stoffe nicht ins Wasser gelangen.<\/p>\n<p><strong>Anleitung:<\/strong><\/p>\n<ul>\n<li>Verwenden Sie 30 g pro 100 l Wasser f\u00fcr optimale Ergebnisse.<\/li>\n<li>Geben Sie das Produkt in einen Fl\u00fcssigkeitsfilter, um maximale Effizienz zu erzielen.<\/li>\n<li>Nach dem Bef\u00fcllen Ihres Fl\u00fcssigkeitsfilters mit AMS SuperPhos SPS sp\u00fclen Sie ihn immer mit <span style=\"text-decoration: underline\">Osmosewasser<\/span>, bis das Wasser im Filter wieder klar ist.<\/li>\n<li>Schlie\u00dfen Sie den Wirbelbettfilter anschlie\u00dfend an Ihr Aquariensystem an.<\/li>\n<\/ul>\n<p><strong>Betriebshinweis:<\/strong><\/p>\n<p>Die empfohlene Menge ist lediglich ein Richtwert. Wenn Sie einen deutlichen Anstieg des Phosphatgehalts feststellen, deutet dies darauf hin, dass die F\u00fcllung ges\u00e4ttigt ist und ausgetauscht werden muss.<\/p>\n<p>Nach etwa einem Monat Gebrauch sollten Sie \u00fcber einen Austausch des Materials nachdenken.<\/p>\n","protected":false},"excerpt":{"rendered":"<p>AMS SuperPhos SPS Preventive phosphate remover that takes low phosphate content of this very slowly lowers, at SPS aquariums<\/p>\n","protected":false},"featured_media":79740,"template":"","meta":[],"pwb-brand":[2207],"product_cat":[1453,515],"product_tag":[],"class_list":{"0":"post-87279","1":"product","2":"type-product","3":"status-publish","4":"has-post-thumbnail","6":"pwb-brand-ams-aqua-marine-supply","7":"product_cat-nitrat-und-phosphatentferner","8":"product_cat-additives","9":"pa_inhoud-1000-ml-de","10":"pa_inhoud-5-l-de","12":"first","13":"instock","14":"taxable","15":"shipping-taxable","16":"purchasable","17":"product-type-variable"},"acf":[],"brands":[{"id":2207,"name":"AMS &#8211; Aqua Marine Supply","slug":"ams-aqua-marine-supply"}],"_links":{"self":[{"href":"https:\/\/www.seaflowerstore.com\/de\/wp-json\/wp\/v2\/product\/87279","targetHints":{"allow":["GET"]}}],"collection":[{"href":"https:\/\/www.seaflowerstore.com\/de\/wp-json\/wp\/v2\/product"}],"about":[{"href":"https:\/\/www.seaflowerstore.com\/de\/wp-json\/wp\/v2\/types\/product"}],"wp:featuredmedia":[{"embeddable":true,"href":"https:\/\/www.seaflowerstore.com\/de\/wp-json\/wp\/v2\/media\/79740"}],"wp:attachment":[{"href":"https:\/\/www.seaflowerstore.com\/de\/wp-json\/wp\/v2\/media?parent=87279"}],"wp:term":[{"taxonomy":"pwb-brand","embeddable":true,"href":"https:\/\/www.seaflowerstore.com\/de\/wp-json\/wp\/v2\/pwb-brand?post=87279"},{"taxonomy":"product_cat","embeddable":true,"href":"https:\/\/www.seaflowerstore.com\/de\/wp-json\/wp\/v2\/product_cat?post=87279"},{"taxonomy":"product_tag","embeddable":true,"href":"https:\/\/www.seaflowerstore.com\/de\/wp-json\/wp\/v2\/product_tag?post=87279"}],"curies":[{"name":"wp","href":"https:\/\/api.w.org\/{rel}","templated":true}]}}