{"id":87323,"date":"2017-02-21T15:33:51","date_gmt":"2017-02-21T14:33:51","guid":{"rendered":"https:\/\/www.seaflowerstore.com\/nl\/polyplab-reef-roids\/"},"modified":"2025-07-16T13:53:55","modified_gmt":"2025-07-16T11:53:55","slug":"polyplab-reef-roids","status":"publish","type":"product","link":"https:\/\/www.seaflowerstore.com\/de\/polyplab-reef-roids\/","title":{"rendered":"Polyplab Reef Roids"},"content":{"rendered":"<h2>Polyplab Reef Roids \u2013 Das ultimative Koralensuperfood<\/h2>\n<p>Reef Roids von Polyp Lab ist das ideale Koralennahrung f\u00fcr Riff-Aquarienliebhaber. Urspr\u00fcnglich f\u00fcr das <strong>Goniopora<\/strong> -Genus entwickelt, hat dieses Produkt unter Hobbyisten gro\u00dfe Beliebtheit erlangt und ist eine ausgezeichnete Nahrungsquelle f\u00fcr <strong>alle filterf\u00fctternden Korallen<\/strong>.<\/p>\n<h2>Warum Reef Roids w\u00e4hlen?<\/h2>\n<ul>\n<li><strong>Perfekte Partikelgr\u00f6\u00dfe:<\/strong> Mit einer Partikelgr\u00f6\u00dfe von etwa 150-200 Mikron ist Reef Roids ideal f\u00fcr Goniopora und andere Filterf\u00fctterer.<\/li>\n<li><strong>Beeindruckende Polypenerweiterung:<\/strong> Bei der Verwendung werden Sie eine verst\u00e4rkte Polypenerweiterung bei Filterf\u00fctternden Korallen, wie Zoanthiden, Pilzen und Ricordia beobachten.<\/li>\n<li><strong>F\u00f6rderung des Wachstums und lebendiger Farben:<\/strong> Regelm\u00e4\u00dfige Anwendung f\u00f6rdert das gesunde Wachstum und die lebendige F\u00e4rbung Ihrer Korallen.<\/li>\n<li><strong>Vermischt sich m\u00fchelos:<\/strong> Reef Roids l\u00e4sst sich nahtlos in Wasser mischen und bleibt l\u00e4nger in der Wassers\u00e4ule, wodurch Abfall im Vergleich zu anderen trockenen Korallenfuttermitteln reduziert wird.<\/li>\n<\/ul>\n<h2>Inhaltsstoffe<\/h2>\n<p>Im Gegensatz zu vielen anderen &#8222;Korallenfuttern&#8220; die verarbeitete Fischmehle verwenden, wird Reef Roids aus <strong>nat\u00fcrlich vorkommendem marinem Plankton<\/strong> hergestellt. Es enth\u00e4lt eine einzigartige Zooplanktonart, die nur in diesem Produkt vorkommt und stellt eine au\u00dfergew\u00f6hnliche Ern\u00e4hrung f\u00fcr Ihre Korallen sicher, w\u00e4hrend die Wasserqualit\u00e4t erhalten bleibt.<\/p>\n<h2>Garantierte Analyse<\/h2>\n<ul>\n<li>Rohprotein: 60% min<\/li>\n<li>Rohfett: 20% min<\/li>\n<li>Asche: 6% max<\/li>\n<li>Rohfaser: 8% max<\/li>\n<li>Feuchtigkeit: 6% max<\/li>\n<li>Astaxanthin: 150-200 ppm<\/li>\n<\/ul>\n<h2>Verwendungshinweise<\/h2>\n<ol>\n<li>F\u00fcr jedes <strong>380 Liter<\/strong> Aquariumwasser mischen Sie einen Teel\u00f6ffel Reef Roids mit Aquariumwasser.<\/li>\n<li>R\u00fchren Sie die Mischung kurz, um eine gleichm\u00e4\u00dfige Paste zu erhalten.<\/li>\n<li>F\u00fcttern Sie die Paste direkt an Ihre Korallen mit einer Spritze oder einem Truthahn-Absauger, w\u00e4hrend die Zirkulationspumpen ausgeschaltet sind.<\/li>\n<li>Alternativ k\u00f6nnen Sie die Paste in einem Hochstrombereich gie\u00dfen, bevor Sie die Zirkulationspumpen im Tank ausschalten.<\/li>\n<\/ol>\n<h2>Wichtige Vorteile<\/h2>\n<p>Reef Roids wird von Riffhaltern weltweit f\u00fcr seine un\u00fcbertroffene F\u00e4higkeit, die Gesundheit und Lebendigkeit von Korallen zu f\u00f6rdern, gesch\u00e4tzt. Egal ob Sie Goniopora oder eine Vielzahl von Filterf\u00fctterern pflegen, dieses Produkt liefert die N\u00e4hrstoffe, die Ihre Korallen ben\u00f6tigen, um zu gedeihen.<\/p>\n<p><strong>Jetzt bestellen<\/strong> und verwandeln Sie Ihr Rifftank mit der Kraft von Reef Roids!<\/p>\n","protected":false},"excerpt":{"rendered":"<p>Premium Korallenfutter f\u00fcr filtern\u00e4hrende Korallen, f\u00f6rdert Wachstum und Farben<\/p>\n","protected":false},"featured_media":83825,"template":"","meta":[],"pwb-brand":[2223],"product_cat":[1436],"product_tag":[],"class_list":{"0":"post-87323","1":"product","2":"type-product","3":"status-publish","4":"has-post-thumbnail","6":"pwb-brand-polyp-lab","7":"product_cat-korallenfutter","8":"pa_inhoud-120-gr-de","9":"pa_inhoud-150-gr-de","10":"pa_inhoud-37-gr-de","11":"pa_inhoud-60-gr-de","12":"pa_inhoud-75-gr-de","14":"first","15":"instock","16":"taxable","17":"shipping-taxable","18":"purchasable","19":"product-type-variable"},"acf":[],"brands":[{"id":2223,"name":"Polyp Lab","slug":"polyp-lab"}],"_links":{"self":[{"href":"https:\/\/www.seaflowerstore.com\/de\/wp-json\/wp\/v2\/product\/87323","targetHints":{"allow":["GET"]}}],"collection":[{"href":"https:\/\/www.seaflowerstore.com\/de\/wp-json\/wp\/v2\/product"}],"about":[{"href":"https:\/\/www.seaflowerstore.com\/de\/wp-json\/wp\/v2\/types\/product"}],"wp:featuredmedia":[{"embeddable":true,"href":"https:\/\/www.seaflowerstore.com\/de\/wp-json\/wp\/v2\/media\/83825"}],"wp:attachment":[{"href":"https:\/\/www.seaflowerstore.com\/de\/wp-json\/wp\/v2\/media?parent=87323"}],"wp:term":[{"taxonomy":"pwb-brand","embeddable":true,"href":"https:\/\/www.seaflowerstore.com\/de\/wp-json\/wp\/v2\/pwb-brand?post=87323"},{"taxonomy":"product_cat","embeddable":true,"href":"https:\/\/www.seaflowerstore.com\/de\/wp-json\/wp\/v2\/product_cat?post=87323"},{"taxonomy":"product_tag","embeddable":true,"href":"https:\/\/www.seaflowerstore.com\/de\/wp-json\/wp\/v2\/product_tag?post=87323"}],"curies":[{"name":"wp","href":"https:\/\/api.w.org\/{rel}","templated":true}]}}