{"id":87330,"date":"2017-02-20T16:39:35","date_gmt":"2017-02-20T15:39:35","guid":{"rendered":"https:\/\/www.seaflowerstore.com\/nl\/coral-balance-faunamarin\/"},"modified":"2024-03-20T16:42:12","modified_gmt":"2024-03-20T15:42:12","slug":"coral-balance-faunamarin","status":"publish","type":"product","link":"https:\/\/www.seaflowerstore.com\/de\/coral-balance-faunamarin\/","title":{"rendered":"Coral Balance (FaunaMarin)"},"content":{"rendered":"<h2>Fauna Marin Coral Balance is a coral food, nutrient and water conditioner in one product<\/h2>\n<p>Fauna Marin Coral Balance ist ein innovatives N\u00e4hrstoffkontrollsystem zur Verbesserung der Stoffwechselums\u00e4tze. Dieses Produkt wurde speziell entwickelt, um N\u00e4hrstoffkreisl\u00e4ufe und Alkalinit\u00e4tskontrolle in modernen Riffaquarien zu reaktivieren und zu stabilisieren. Es erh\u00f6ht und stabilisiert effektiv die Phosphatreduzierung, die oft schwierig zu handhaben ist, und f\u00fchrt zu konstant niedrigen Phosphatwerten.<\/p>\n<p>Fauna Marin Coral Balance nutzt die nat\u00fcrliche Kraft mariner Biopolymere und liefert selbst bei sehr geringen Dosen beeindruckende Ergebnisse. Es dient als Korallenfutter, N\u00e4hrstoff und Wasseraufbereiter in einem. Dank seiner einzigartigen Formel wirkt es schnell und effizient, beschleunigt die N\u00e4hrstoffreduzierung und f\u00f6rdert gleichzeitig das Korallenwachstum und den biologischen Elementkreislauf.<\/p>\n<p>Korallen werden widerstandsf\u00e4higer, indem sie eine nat\u00fcrliche Schutzschicht bilden und ihre F\u00e4rbung verbessern. Coral Balance liefert gel\u00f6ste und partikul\u00e4re N\u00e4hrstoffe wie Mineralien und gel\u00f6ste organische Stoffe direkt an Ihre Korallen. Dar\u00fcber hinaus reichern nat\u00fcrliche Biopolymere und marine organische Verbindungen das Wasser in Ihrem Aquarium mit essentiellen Elementen an. Es stabilisiert au\u00dferdem den S\u00e4ure-Basen-Haushalt, was zur Aufrechterhaltung stabiler biologischer und chemischer Bedingungen beitr\u00e4gt.<\/p>\n<p><strong>Coral Balance<\/strong><\/p>\n<ul>\n<li>Steigert das Korallenwachstum massiv<\/li>\n<li>Verbessert die Farbgebung rasch<\/li>\n<li>Sichtbare Zunahme der Polypenausdehnung und -f\u00e4rbung<\/li>\n<li>Senkt die PO4-Konzentration dauerhaft<\/li>\n<li>Stabilisiert den S\u00e4ure-Basen-Haushalt in Riffaquarien<\/li>\n<li>Steigert die nat\u00fcrliche Widerstandskraft der Korallen<\/li>\n<li>Wirksames Korallenfutter, das nicht zu N\u00e4hrstoffanreicherungen f\u00fchrt<\/li>\n<li>Hilft, das Wasser kristallklar zu halten<\/li>\n<li>Reduziert unerw\u00fcnschte Spurenelemente und entgiftet das Aquarienwasser<\/li>\n<li>Entfernt unerw\u00fcnschte Biofilme und reduziert Gelbf\u00e4rbung<\/li>\n<li>Steigert die Absch\u00e4umereffizienz und reduziert N\u00e4hrstoffdepots im Aquarium<\/li>\n<\/ul>\n<p><strong>Dosierungsempfehlung<\/strong><\/p>\n<p>Bei der Standarddosierung verwenden Sie alle 4 Tage 1 Messl\u00f6ffel pro 100 L. Mischen Sie Coral Balance mit etwas Aquarienwasser und geben Sie die Suspension an einen stark durchstr\u00f6mten Bereich, um eine schnelle Verteilung zu gew\u00e4hrleisten. Bei Aquarien, die \u00e4lter als 2 Jahre sind oder deren PO4-Werte h\u00f6her als 0,15 ppm sind, empfiehlt es sich, die Dosierung um 50 % zu reduzieren. Wenn Sie Coral Balance in Kombination mit Reef Vitality verwenden, halbieren Sie bitte die Dosierung beider Produkte.<\/p>\n<p><strong>Inhaltsstoffe:<\/strong><\/p>\n<p>Marine organische Polymere, mineralische Tr\u00e4gerstoffe, anorganische Hilfsstoffe, Spurenelemente.<\/p>\n","protected":false},"excerpt":{"rendered":"<p>Fauna Marin Coral Balance is a coral food, nutrient and water conditioner in one product<\/p>\n","protected":false},"featured_media":79664,"template":"","meta":[],"pwb-brand":[2177],"product_cat":[1424,1436],"product_tag":[],"class_list":{"0":"post-87330","1":"product","2":"type-product","3":"status-publish","4":"has-post-thumbnail","6":"pwb-brand-fauna-marin","7":"product_cat-futter","8":"product_cat-korallenfutter","9":"pa_inhoud-250-ml-de","10":"pa_inhoud-500-ml-de","12":"first","13":"instock","14":"sale","15":"taxable","16":"shipping-taxable","17":"purchasable","18":"product-type-variable"},"acf":[],"brands":[{"id":2177,"name":"Fauna Marin","slug":"fauna-marin"}],"_links":{"self":[{"href":"https:\/\/www.seaflowerstore.com\/de\/wp-json\/wp\/v2\/product\/87330","targetHints":{"allow":["GET"]}}],"collection":[{"href":"https:\/\/www.seaflowerstore.com\/de\/wp-json\/wp\/v2\/product"}],"about":[{"href":"https:\/\/www.seaflowerstore.com\/de\/wp-json\/wp\/v2\/types\/product"}],"wp:featuredmedia":[{"embeddable":true,"href":"https:\/\/www.seaflowerstore.com\/de\/wp-json\/wp\/v2\/media\/79664"}],"wp:attachment":[{"href":"https:\/\/www.seaflowerstore.com\/de\/wp-json\/wp\/v2\/media?parent=87330"}],"wp:term":[{"taxonomy":"pwb-brand","embeddable":true,"href":"https:\/\/www.seaflowerstore.com\/de\/wp-json\/wp\/v2\/pwb-brand?post=87330"},{"taxonomy":"product_cat","embeddable":true,"href":"https:\/\/www.seaflowerstore.com\/de\/wp-json\/wp\/v2\/product_cat?post=87330"},{"taxonomy":"product_tag","embeddable":true,"href":"https:\/\/www.seaflowerstore.com\/de\/wp-json\/wp\/v2\/product_tag?post=87330"}],"curies":[{"name":"wp","href":"https:\/\/api.w.org\/{rel}","templated":true}]}}