{"id":87333,"date":"2017-02-20T16:32:38","date_gmt":"2017-02-20T15:32:38","guid":{"rendered":"https:\/\/www.seaflowerstore.com\/nl\/vitality-aquaforest\/"},"modified":"2025-10-12T14:59:22","modified_gmt":"2025-10-12T12:59:22","slug":"vitality-aquaforest","status":"publish","type":"product","link":"https:\/\/www.seaflowerstore.com\/de\/vitality-aquaforest\/","title":{"rendered":"Vitality (Aquaforest)"},"content":{"rendered":"<h2>Aquaforest AF Vitality Supplement containing concentrated vitamins for corals<\/h2>\n<p>Aquaforest AF Vitality ist ein fantastisches Erg\u00e4nzungsmittel voller konzentrierter Vitamine, das speziell f\u00fcr Korallen entwickelt wurde. Dieses Produkt <strong>verbessert die Farbintensit\u00e4t<\/strong> und st\u00e4rkt die Widerstandskraft der Korallen, sodass sie sich von Stress oder Schw\u00e4che erholen k\u00f6nnen, die durch Importverfahren oder Krankheiten verursacht werden.<\/p>\n<p>Es ist wichtig zu beachten, dass Vitamine durch Absch\u00f6pfen, Ozoneinwirkung oder granulierte Kohle leicht entfernt werden k\u00f6nnen. AF Vitality ist mit lebenswichtigen Vitaminen angereichert, darunter:<\/p>\n<ul>\n<li><strong>Vitamin A<\/strong><\/li>\n<li><strong>Vitamin B1<\/strong><\/li>\n<li><strong>Vitamin B2<\/strong><\/li>\n<li><strong>Vitamin B6<\/strong><\/li>\n<li><strong>Vitamin B12<\/strong><\/li>\n<li><strong>Vitamin C<\/strong><\/li>\n<li><strong>Vitamin D3<\/strong><\/li>\n<li><strong>Vitamin E<\/strong><\/li>\n<li><strong>Vitamin K3<\/strong><\/li>\n<\/ul>\n<p>Die empfohlene Dosierung ist <strong>1 Tropfen pro 100 Liter (27 US-Gallonen)<\/strong> Wasser, verabreicht jeden zweiten Tag bei ausgeschaltetem Licht. F\u00fcr optimale Ergebnisse ist es ratsam, dieses Erg\u00e4nzungsmittel zusammen mit AF Amino Mix zu verwenden.<\/p>\n","protected":false},"excerpt":{"rendered":"<p>Aquaforest AF Vitality Supplement containing concentrated vitamins for corals<\/p>\n","protected":false},"featured_media":79660,"template":"","meta":[],"pwb-brand":[2199],"product_cat":[1414,1391,1424,1402,515,741],"product_tag":[],"class_list":{"0":"post-87333","1":"product","2":"type-product","3":"status-publish","4":"has-post-thumbnail","6":"pwb-brand-aquaforest","7":"product_cat-aquaforest-de","8":"product_cat-ergaenzungen","9":"product_cat-futter","10":"product_cat-verschieden","11":"product_cat-additives","12":"product_cat-brands","13":"pa_inhoud-10-ml-de","14":"pa_inhoud-50-ml-de","16":"first","17":"instock","18":"taxable","19":"shipping-taxable","20":"purchasable","21":"product-type-variable"},"acf":[],"brands":[{"id":2199,"name":"Aquaforest","slug":"aquaforest"}],"_links":{"self":[{"href":"https:\/\/www.seaflowerstore.com\/de\/wp-json\/wp\/v2\/product\/87333","targetHints":{"allow":["GET"]}}],"collection":[{"href":"https:\/\/www.seaflowerstore.com\/de\/wp-json\/wp\/v2\/product"}],"about":[{"href":"https:\/\/www.seaflowerstore.com\/de\/wp-json\/wp\/v2\/types\/product"}],"wp:featuredmedia":[{"embeddable":true,"href":"https:\/\/www.seaflowerstore.com\/de\/wp-json\/wp\/v2\/media\/79660"}],"wp:attachment":[{"href":"https:\/\/www.seaflowerstore.com\/de\/wp-json\/wp\/v2\/media?parent=87333"}],"wp:term":[{"taxonomy":"pwb-brand","embeddable":true,"href":"https:\/\/www.seaflowerstore.com\/de\/wp-json\/wp\/v2\/pwb-brand?post=87333"},{"taxonomy":"product_cat","embeddable":true,"href":"https:\/\/www.seaflowerstore.com\/de\/wp-json\/wp\/v2\/product_cat?post=87333"},{"taxonomy":"product_tag","embeddable":true,"href":"https:\/\/www.seaflowerstore.com\/de\/wp-json\/wp\/v2\/product_tag?post=87333"}],"curies":[{"name":"wp","href":"https:\/\/api.w.org\/{rel}","templated":true}]}}