{"id":87336,"date":"2017-02-20T13:48:25","date_gmt":"2017-02-20T12:48:25","guid":{"rendered":"https:\/\/www.seaflowerstore.com\/nl\/planktomarine-grotech\/"},"modified":"2024-03-20T16:42:05","modified_gmt":"2024-03-20T15:42:05","slug":"planktomarine-grotech","status":"publish","type":"product","link":"https:\/\/www.seaflowerstore.com\/de\/planktomarine-grotech\/","title":{"rendered":"PlanktoMarine (Grotech)"},"content":{"rendered":"<h2>Grotech PlanktoMarine Food for Corals, Clams &#038; Invertebrates<\/h2>\n<p>PlanktoMarine ist ein hochkonzentriertes, n\u00e4hrstoffreiches Phytoplankton aus Aquakultur. Es ist eine gesch\u00fctzte Mischung aus Nannochloropsis, Tetraselmis, Tahitian Isochrysis, Pavlova und Thalasiosira weissflogii. Mit f\u00fcnf verschiedenen Algenarten kann PlanktoMarine P aufgrund seiner Zellgr\u00f6\u00dfen von 2 bis 20 Mikrometern eine gr\u00f6\u00dfere Bandbreite an Organismen ern\u00e4hren.<\/p>\n<p>PlanktoMarine P liefert essentielle Proteine, Kohlenhydrate und Lipide f\u00fcr Weich- und Steinkorallen, R\u00f6hrenw\u00fcrmer, Muscheln, Lebendgestein und filtrierende Wirbellose. Es ist au\u00dferdem reich an OMEGA-3-Fetts\u00e4uren (EPA und DHA), die zur Krankheitsresistenz beitragen.<\/p>\n<p><strong>Dosierung:<\/strong> Geben Sie je nach Anzahl der Wirbellosen in Ihrem Aquarium jeden zweiten Abend 1 bis 2 Verschlusskappen (1 Verschlusskappe = 6 ml) pro 25 Gallonen (95 Liter) hinzu.<\/p>\n","protected":false},"excerpt":{"rendered":"<p>PlanktoMarine is a highly concentrated aquacultured, nutrient-rich phytoplankton<\/p>\n","protected":false},"featured_media":79657,"template":"","meta":[],"pwb-brand":[2135],"product_cat":[1424,1402],"product_tag":[],"class_list":{"0":"post-87336","1":"product","2":"type-product","3":"status-publish","4":"has-post-thumbnail","6":"pwb-brand-grotech","7":"product_cat-futter","8":"product_cat-verschieden","9":"pa_inhoud-250-ml-de","10":"pa_inhoud-500-ml-de","12":"first","13":"instock","14":"taxable","15":"shipping-taxable","16":"purchasable","17":"product-type-variable"},"acf":[],"brands":[{"id":2135,"name":"Grotech","slug":"grotech"}],"_links":{"self":[{"href":"https:\/\/www.seaflowerstore.com\/de\/wp-json\/wp\/v2\/product\/87336","targetHints":{"allow":["GET"]}}],"collection":[{"href":"https:\/\/www.seaflowerstore.com\/de\/wp-json\/wp\/v2\/product"}],"about":[{"href":"https:\/\/www.seaflowerstore.com\/de\/wp-json\/wp\/v2\/types\/product"}],"wp:featuredmedia":[{"embeddable":true,"href":"https:\/\/www.seaflowerstore.com\/de\/wp-json\/wp\/v2\/media\/79657"}],"wp:attachment":[{"href":"https:\/\/www.seaflowerstore.com\/de\/wp-json\/wp\/v2\/media?parent=87336"}],"wp:term":[{"taxonomy":"pwb-brand","embeddable":true,"href":"https:\/\/www.seaflowerstore.com\/de\/wp-json\/wp\/v2\/pwb-brand?post=87336"},{"taxonomy":"product_cat","embeddable":true,"href":"https:\/\/www.seaflowerstore.com\/de\/wp-json\/wp\/v2\/product_cat?post=87336"},{"taxonomy":"product_tag","embeddable":true,"href":"https:\/\/www.seaflowerstore.com\/de\/wp-json\/wp\/v2\/product_tag?post=87336"}],"curies":[{"name":"wp","href":"https:\/\/api.w.org\/{rel}","templated":true}]}}