{"id":87339,"date":"2017-02-20T13:36:38","date_gmt":"2017-02-20T12:36:38","guid":{"rendered":"https:\/\/www.seaflowerstore.com\/nl\/marinesnow-2lf\/"},"modified":"2025-05-24T17:19:30","modified_gmt":"2025-05-24T15:19:30","slug":"marinesnow-2lf","status":"publish","type":"product","link":"https:\/\/www.seaflowerstore.com\/de\/marinesnow-2lf\/","title":{"rendered":"Marinesnow (2LF)"},"content":{"rendered":"<h2>MarineSnow <span class=\"verdana75pt\">Planktonic solution offers optimum nutrition for filter-feeding invertebrates<\/span><\/h2>\n<ul>\n<li>Planktonische L\u00f6sung bietet hervorragende Nahrung f\u00fcr filtrierende Wirbellose.<\/li>\n<li>Eine einzigartige Mischung aus Meeresplankton und anderen Komponenten, die \u201eMeeresschnee\u201c imitiert.<\/li>\n<li>Schafft eine nat\u00fcrliche F\u00fctterungsumgebung in heimischen Riffaquarien.<\/li>\n<\/ul>\n<p>MarineSnow von Two Little Fishies ist ein bahnbrechendes Produkt: eine nat\u00fcrliche planktonische L\u00f6sung, die speziell f\u00fcr filtrierende wirbellose Meerestiere entwickelt wurde. Dieses Wirbellosenfutter imitiert die speziellen biogenen Schwebstoffe, die als \u201eMeeresschnee\u201c bekannt sind und h\u00e4ufig in nat\u00fcrlichem Meerwasser vorkommen. Marine Snow spielt eine entscheidende Rolle in der Nahrungskette mariner \u00d6kosysteme und kann nun auch Riffaquarien zu Hause bereichern!<\/p>\n<p>Dieses Produkt enth\u00e4lt nat\u00fcrliche Bestandteile von Marine Snow, darunter <strong>Zooplankton<\/strong>, <strong>Phytoplankton<\/strong> und sowohl partikul\u00e4res als auch gel\u00f6stes organisches Material, wodurch eine au\u00dfergew\u00f6hnliche Ern\u00e4hrung f\u00fcr filtrierende wirbellose Meerestiere sichergestellt wird.<\/p>\n<p><strong>Zutaten:<\/strong> Deionisiertes Wasser, Phytoplankton (Nannochloropsis, Tetraselmis, Isochrysis, Spirulina, Schyzochitrium), getrocknetes Meeresalgenmehl, Zooplankton, Zitronens\u00e4ure.<\/p>\n<table style=\"font-family: Arial, Helvetica, sans-serif; font-size: 12px; color: #000000; line-height: normal;\" border=\"0\" cellspacing=\"0\" cellpadding=\"5\" bgcolor=\"#dcdddf\">\n<tbody>\n<tr align=\"center\" bgcolor=\"#336699\">\n<td colspan=\"2\"><span class=\"Verdana12ptWhite\" style=\"color: #ffffff; font-size: 12px;\"><strong>Garantierte Analyse<\/strong><\/span><\/td>\n<\/tr>\n<tr>\n<td><span class=\"Jason11\" style=\"font-size: 11px;\"><strong>Protein<\/strong><\/span><\/td>\n<td><span class=\"Jason11\" style=\"font-size: 11px;\">min. 0,10 %<\/span><\/td>\n<\/tr>\n<tr bgcolor=\"#94c2dc\">\n<td><span class=\"Jason11\" style=\"font-size: 11px;\"><strong>Fett<\/strong><\/span><\/td>\n<td><span class=\"Jason11\" style=\"font-size: 11px;\">min. 0,01 %<\/span><\/td>\n<\/tr>\n<tr>\n<td><span class=\"Jason11\" style=\"font-size: 11px;\"><strong>Ballaststoffe<\/strong><\/span><\/td>\n<td><span class=\"Jason11\" style=\"font-size: 11px;\">max. 0,3 %<\/span><\/td>\n<\/tr>\n<tr bgcolor=\"#94c2dc\">\n<td><span class=\"Jason11\" style=\"font-size: 11px;\"><strong>Feuchtigkeit<\/strong><\/span><\/td>\n<td><span class=\"Jason11\" style=\"font-size: 11px;\">max. 99,6 %<\/span><\/td>\n<\/tr>\n<\/tbody>\n<\/table>\n<p><strong>Gebrauchsanweisung:<\/strong> Nach dem \u00d6ffnen bitte k\u00fchl lagern. Vor der Dosierung immer gut sch\u00fctteln. Sorgen Sie w\u00e4hrend der F\u00fctterung dieses Produkts f\u00fcr eine starke Wasserzirkulation im Aquarium, unterbrechen Sie jedoch die mechanische Filterung und Eiwei\u00dfabsch\u00e4umung eine Stunde nach der F\u00fctterung. Geben Sie die L\u00f6sung in eine starke Str\u00f6mung, damit sie sich schnell im Wasser verteilt.<\/p>\n<p>F\u00fcttern Sie pro F\u00fctterung mindestens eine Verschlusskappe pro 20 Gallonen. Sie k\u00f6nnen die Dosierung erh\u00f6hen, indem Sie mehrmals t\u00e4glich f\u00fcttern oder ein Tropfsystem oder eine Schlauchpumpe verwenden. Bitte NICHT mit Spurenelementen oder anderen chemischen Erg\u00e4nzungsmitteln in einem Dosierbeh\u00e4lter mischen. MarineSnow kann in einem bel\u00fcfteten Dosierbeh\u00e4lter mit lebendem Phytoplankton, R\u00e4dertierchen oder Artemia kombiniert werden und dient als geeignete Nahrungsquelle f\u00fcr Artemia. Regelm\u00e4\u00dfiges F\u00fcttern f\u00fchrt nicht zu einer \u00fcberm\u00e4\u00dfigen N\u00e4hrstoffansammlung.<\/p>\n","protected":false},"excerpt":{"rendered":"<p>MarineSnow <span class=\"verdana75pt\">Planktonic solution offers optimum nutrition for filter-feeding invertebrates<\/span><\/p>\n","protected":false},"featured_media":79654,"template":"","meta":[],"pwb-brand":[2231],"product_cat":[1424,1402],"product_tag":[],"class_list":{"0":"post-87339","1":"product","2":"type-product","3":"status-publish","4":"has-post-thumbnail","6":"pwb-brand-two-little-fishies","7":"product_cat-futter","8":"product_cat-verschieden","9":"pa_inhoud-250-ml-de","10":"pa_inhoud-500-ml-de","12":"first","13":"instock","14":"taxable","15":"shipping-taxable","16":"purchasable","17":"product-type-variable"},"acf":[],"brands":[{"id":2231,"name":"Two Little Fishies","slug":"two-little-fishies"}],"_links":{"self":[{"href":"https:\/\/www.seaflowerstore.com\/de\/wp-json\/wp\/v2\/product\/87339","targetHints":{"allow":["GET"]}}],"collection":[{"href":"https:\/\/www.seaflowerstore.com\/de\/wp-json\/wp\/v2\/product"}],"about":[{"href":"https:\/\/www.seaflowerstore.com\/de\/wp-json\/wp\/v2\/types\/product"}],"wp:featuredmedia":[{"embeddable":true,"href":"https:\/\/www.seaflowerstore.com\/de\/wp-json\/wp\/v2\/media\/79654"}],"wp:attachment":[{"href":"https:\/\/www.seaflowerstore.com\/de\/wp-json\/wp\/v2\/media?parent=87339"}],"wp:term":[{"taxonomy":"pwb-brand","embeddable":true,"href":"https:\/\/www.seaflowerstore.com\/de\/wp-json\/wp\/v2\/pwb-brand?post=87339"},{"taxonomy":"product_cat","embeddable":true,"href":"https:\/\/www.seaflowerstore.com\/de\/wp-json\/wp\/v2\/product_cat?post=87339"},{"taxonomy":"product_tag","embeddable":true,"href":"https:\/\/www.seaflowerstore.com\/de\/wp-json\/wp\/v2\/product_tag?post=87339"}],"curies":[{"name":"wp","href":"https:\/\/api.w.org\/{rel}","templated":true}]}}