{"id":87342,"date":"2017-02-20T13:31:08","date_gmt":"2017-02-20T12:31:08","guid":{"rendered":"https:\/\/www.seaflowerstore.com\/nl\/fish-v-aquaforest\/"},"modified":"2024-03-20T16:42:03","modified_gmt":"2024-03-20T15:42:03","slug":"fish-v-aquaforest","status":"publish","type":"product","link":"https:\/\/www.seaflowerstore.com\/de\/fish-v-aquaforest\/","title":{"rendered":"Fish V (Aquaforest)"},"content":{"rendered":"<h2>Aquaforest Fish V Contains concentrated fish vitamins and amino acids.<\/h2>\n<p>Aquaforest Fish V ist f\u00fcr alle Zierfische in Meer- und S\u00fc\u00dfwasseraquarien geeignet. Es ist eine empfohlene Erg\u00e4nzung zu Tiefk\u00fchlfutter, das oft nicht gen\u00fcgend Vitamine enth\u00e4lt.<\/p>\n<p><strong>Zutaten:<\/strong> Vitamine A, B1, B2, B6, B12, C, D3, E, K3 und Biotin sowie Aminos\u00e4uren wie Alanin, Cholin, Cystein, Glutamin, Leucin, Lysin, Serin und Tyrosin.<\/p>\n<p><strong>Dosierung:<\/strong> Geben Sie einen Tropfen pro Portion Tiefk\u00fchlfutter oder einen Tropfen pro 100 Liter (27 US-Gallonen) direkt in das Aquarium.<\/p>\n","protected":false},"excerpt":{"rendered":"<p>Aquaforest Fish V Contains concentrated fish vitamins and amino acids<\/p>\n","protected":false},"featured_media":79651,"template":"","meta":[],"pwb-brand":[2199],"product_cat":[1414,1424,1402,741],"product_tag":[],"class_list":{"0":"post-87342","1":"product","2":"type-product","3":"status-publish","4":"has-post-thumbnail","6":"pwb-brand-aquaforest","7":"product_cat-aquaforest-de","8":"product_cat-futter","9":"product_cat-verschieden","10":"product_cat-brands","11":"pa_inhoud-10-ml-de","12":"pa_inhoud-50-ml-de","14":"first","15":"instock","16":"sale","17":"taxable","18":"shipping-taxable","19":"purchasable","20":"product-type-variable"},"acf":[],"brands":[{"id":2199,"name":"Aquaforest","slug":"aquaforest"}],"_links":{"self":[{"href":"https:\/\/www.seaflowerstore.com\/de\/wp-json\/wp\/v2\/product\/87342","targetHints":{"allow":["GET"]}}],"collection":[{"href":"https:\/\/www.seaflowerstore.com\/de\/wp-json\/wp\/v2\/product"}],"about":[{"href":"https:\/\/www.seaflowerstore.com\/de\/wp-json\/wp\/v2\/types\/product"}],"wp:featuredmedia":[{"embeddable":true,"href":"https:\/\/www.seaflowerstore.com\/de\/wp-json\/wp\/v2\/media\/79651"}],"wp:attachment":[{"href":"https:\/\/www.seaflowerstore.com\/de\/wp-json\/wp\/v2\/media?parent=87342"}],"wp:term":[{"taxonomy":"pwb-brand","embeddable":true,"href":"https:\/\/www.seaflowerstore.com\/de\/wp-json\/wp\/v2\/pwb-brand?post=87342"},{"taxonomy":"product_cat","embeddable":true,"href":"https:\/\/www.seaflowerstore.com\/de\/wp-json\/wp\/v2\/product_cat?post=87342"},{"taxonomy":"product_tag","embeddable":true,"href":"https:\/\/www.seaflowerstore.com\/de\/wp-json\/wp\/v2\/product_tag?post=87342"}],"curies":[{"name":"wp","href":"https:\/\/api.w.org\/{rel}","templated":true}]}}