{"id":87349,"date":"2017-02-20T13:01:34","date_gmt":"2017-02-20T12:01:34","guid":{"rendered":"https:\/\/www.seaflowerstore.com\/nl\/garlic-guard-seachem\/"},"modified":"2025-12-05T16:43:58","modified_gmt":"2025-12-05T15:43:58","slug":"garlic-guard-seachem","status":"publish","type":"product","link":"https:\/\/www.seaflowerstore.com\/de\/garlic-guard-seachem\/","title":{"rendered":"Garlic Guard (Seachem)"},"content":{"rendered":"<h2>Seachem Garlic Guard is an all natural garlic scented odor and flavor enhancer for freshwater and saltwater fish<\/h2>\n<p>GarlicGuard ist ein fantastischer Appetit- und Geschmacksverst\u00e4rker f\u00fcr S\u00fc\u00df- und Salzwasserfische. Es ist perfekt, um das Interesse von Fischen zu wecken, die schlechte oder w\u00e4hlerische Esser sind. Dieses Produkt enth\u00e4lt nat\u00fcrlich gewonnenes Knoblauch\u00f6l sowie Vitamin C und ist daher f\u00fcr die Verwendung in S\u00fc\u00df- und Meeresumgebungen geeignet. Au\u00dferdem ist es riffsicher!<\/p>\n<p><strong>Warum es anders ist<\/strong><\/p>\n<p>Seachem bietet denselben Knoblauchextrakt, angereichert mit Vitamin C, in einer 237 ml-Flasche zu weniger als der H\u00e4lfte des Preises der 237 ml-Flaschen anderer Hersteller an! Knoblauch ist f\u00fcr alle Fische sicher und es besteht keine Gefahr einer \u00dcberdosierung.<\/p>\n<p><strong>Anwendung<\/strong><\/p>\n<p>Vor Gebrauch gut sch\u00fctteln. Weichen Sie das Futter einfach in GarlicGuard ein, bevor Sie es Ihren Fischen geben.<\/p>\n","protected":false},"excerpt":{"rendered":"<p>Seachem Garlic Guard is an all natural garlic scented odor and flavor enhancer for freshwater and saltwater fish<\/p>\n","protected":false},"featured_media":83676,"template":"","meta":[],"pwb-brand":[2215],"product_cat":[1424,1402],"product_tag":[],"class_list":{"0":"post-87349","1":"product","2":"type-product","3":"status-publish","4":"has-post-thumbnail","6":"pwb-brand-seachem","7":"product_cat-futter","8":"product_cat-verschieden","9":"pa_inhoud-100-ml-de","10":"pa_inhoud-250-ml-de","11":"pa_inhoud-500-ml-de","13":"first","14":"instock","15":"taxable","16":"shipping-taxable","17":"purchasable","18":"product-type-variable"},"acf":[],"brands":[{"id":2215,"name":"Seachem","slug":"seachem"}],"_links":{"self":[{"href":"https:\/\/www.seaflowerstore.com\/de\/wp-json\/wp\/v2\/product\/87349","targetHints":{"allow":["GET"]}}],"collection":[{"href":"https:\/\/www.seaflowerstore.com\/de\/wp-json\/wp\/v2\/product"}],"about":[{"href":"https:\/\/www.seaflowerstore.com\/de\/wp-json\/wp\/v2\/types\/product"}],"wp:featuredmedia":[{"embeddable":true,"href":"https:\/\/www.seaflowerstore.com\/de\/wp-json\/wp\/v2\/media\/83676"}],"wp:attachment":[{"href":"https:\/\/www.seaflowerstore.com\/de\/wp-json\/wp\/v2\/media?parent=87349"}],"wp:term":[{"taxonomy":"pwb-brand","embeddable":true,"href":"https:\/\/www.seaflowerstore.com\/de\/wp-json\/wp\/v2\/pwb-brand?post=87349"},{"taxonomy":"product_cat","embeddable":true,"href":"https:\/\/www.seaflowerstore.com\/de\/wp-json\/wp\/v2\/product_cat?post=87349"},{"taxonomy":"product_tag","embeddable":true,"href":"https:\/\/www.seaflowerstore.com\/de\/wp-json\/wp\/v2\/product_tag?post=87349"}],"curies":[{"name":"wp","href":"https:\/\/api.w.org\/{rel}","templated":true}]}}