{"id":87353,"date":"2017-02-20T12:25:25","date_gmt":"2017-02-20T11:25:25","guid":{"rendered":"https:\/\/www.seaflowerstore.com\/nl\/marine-grazer-mini-vitalis\/"},"modified":"2024-03-20T16:41:56","modified_gmt":"2024-03-20T15:41:56","slug":"marine-grazer-mini-vitalis","status":"publish","type":"product","link":"https:\/\/www.seaflowerstore.com\/de\/marine-grazer-mini-vitalis\/","title":{"rendered":"Marine Grazer Mini (Vitalis)"},"content":{"rendered":"<h2>Marine Grazer Encouraging natural grazing behaviour of the fishes<\/h2>\n<p>Vitalis MINI Marine Grazer ist eine au\u00dfergew\u00f6hnliche Futteroption f\u00fcr alle grasenden Salzwasserfische. Dieses innovative Futter enth\u00e4lt f\u00fcnf verschiedene Arten von Meeresalgen und seine einzigartige Formel sowie eine Saugnapfhalterung f\u00f6rdern eine nat\u00fcrliche Fressreaktion.<\/p>\n<p>Die weiche Textur des Marine Grazer wird wie bei allen Vitalis-Futtern in einem speziellen Niedertemperatur-Extrusionsverfahren hergestellt, das eine schnellere Verdauung gew\u00e4hrleistet. Das Futter l\u00e4sst sich leicht in die Mundh\u00f6hle dr\u00fccken und l\u00f6st sich m\u00fchelos, sodass es schnell durch die Darmwand aufgenommen werden kann.<\/p>\n<p>Dank der leicht verdaulichen und bioverf\u00fcgbaren Inhaltsstoffe produziert Vitalis nur minimalen Abfall, was zu einer deutlichen Verbesserung der Wasserqualit\u00e4t f\u00fchrt und die Belastung Ihres Filtersystems erheblich reduziert.<\/p>\n<p>Vitalis Marine Grazer wurde von World Feeds nach dem Erfolg der Grazing Log-Di\u00e4t entwickelt, die heute in vielen gro\u00dfen \u00f6ffentlichen Aquarien auf der ganzen Welt verwendet wird, darunter im Dubai Mall Aquarium, im Georgia Aquarium und in Sea Life Centres in Gro\u00dfbritannien und Europa.<\/p>\n<p>Erh\u00e4ltlich in: 120 g, 240 g<\/p>\n<p><strong>Geeignet f\u00fcr alle grasenden Algenfresser:<\/strong><\/p>\n<ul>\n<li>Doktorfische<\/li>\n<li>Kaninchenfische<\/li>\n<li>Korallenschmetterlinge<\/li>\n<li>Alle Salzwasser-Kaiserfische<\/li>\n<li>Grundeln<\/li>\n<\/ul>\n<p><strong>ZUSAMMENSETZUNG<\/strong><\/p>\n<p>Fischderivate, Algen, pflanzliche Derivate, \u00d6le und Fette, Schalentiere, Vitamine, Mineralien.<\/p>\n<p><strong>INHALTSANALYSE<\/strong><\/p>\n<p>Proteine \u200b\u200b31,9 %, Feuchtigkeit 21,3 %, anorganische Stoffe 18,6 %, Fette 12 %, Ballaststoffe 4,5 %.<\/p>\n<p><strong>ZUSATZSTOFFE<\/strong><\/p>\n<p>Lebensmittelzusatzstoffe: Vitamin A 15.000 IE\/kg, Vitamin D3 2.000 IE\/kg, Vitamin E 200 mg\/kg, Zinksulfatmonohydrat 208 mg\/kg, Mangansulfatmonohydrat 131 mg\/kg, Kupfersulfatpentahydrat 88,5 mg\/kg, Eisensulfatmonohydrat 28,7 mg\/kg, wasserfreies Calciumjodat 12,4 mg\/kg.<\/p>\n<p><strong>FUNKTIONEN UND VORTEILE<\/strong><\/p>\n<ul>\n<li>F\u00f6rdert eine nat\u00fcrliche Fressreaktion.<\/li>\n<li>Schafft eine Futterstation f\u00fcr grasende Fische.<\/li>\n<li>Reduziert Abfall und verbessert die Wasserqualit\u00e4t.<\/li>\n<li>Verwendet nat\u00fcrliche Zutaten aus nachhaltigen Quellen.<\/li>\n<\/ul>\n<p><strong>DI\u00c4T<\/strong><\/p>\n<p>Dies ist ein Alleinfuttermittel f\u00fcr alle tropischen grasenden Salzwasserfische. Zur Verwendung platzieren Sie den Vitalis MINI Marine Grazer mit seiner einzigartigen Saughalterung auf halber H\u00f6he des Aquariums. F\u00fcttern Sie nur, wenn die Lichter eingeschaltet sind, und entfernen Sie nicht gefressenes Futter, wenn die Lichter ausgeschaltet werden.<\/p>\n<p><strong>LAGERUNG UND HANDHABUNG<\/strong><\/p>\n<ul>\n<li>An einem k\u00fchlen und trockenen Ort aufbewahren.<\/li>\n<li>Beim Umgang trockene Finger verwenden. Stellen Sie sicher, dass die Saugglocke trocken ist, bevor Sie sie wieder in den Topf einsetzen.<\/li>\n<li>Au\u00dferhalb der Reichweite von Kindern aufbewahren.<\/li>\n<li>Nicht f\u00fcr den menschlichen Verzehr geeignet.<\/li>\n<\/ul>\n","protected":false},"excerpt":{"rendered":"<p>Marine Grazer Encouraging natural grazing behaviour of the fishes<\/p>\n","protected":false},"featured_media":83229,"template":"","meta":[],"pwb-brand":[2239],"product_cat":[1438,1424],"product_tag":[],"class_list":{"0":"post-87353","1":"product","2":"type-product","3":"status-publish","4":"has-post-thumbnail","6":"pwb-brand-vitalis","7":"product_cat-fischfutter","8":"product_cat-futter","9":"pa_inhoud-110-gr-de","10":"pa_inhoud-120-gr-de","11":"pa_inhoud-240-gr-de","12":"pa_inhoud-290-gr-de","14":"first","15":"outofstock","16":"sale","17":"taxable","18":"shipping-taxable","19":"product-type-variable"},"acf":[],"brands":[{"id":2239,"name":"Vitalis","slug":"vitalis"}],"_links":{"self":[{"href":"https:\/\/www.seaflowerstore.com\/de\/wp-json\/wp\/v2\/product\/87353","targetHints":{"allow":["GET"]}}],"collection":[{"href":"https:\/\/www.seaflowerstore.com\/de\/wp-json\/wp\/v2\/product"}],"about":[{"href":"https:\/\/www.seaflowerstore.com\/de\/wp-json\/wp\/v2\/types\/product"}],"wp:featuredmedia":[{"embeddable":true,"href":"https:\/\/www.seaflowerstore.com\/de\/wp-json\/wp\/v2\/media\/83229"}],"wp:attachment":[{"href":"https:\/\/www.seaflowerstore.com\/de\/wp-json\/wp\/v2\/media?parent=87353"}],"wp:term":[{"taxonomy":"pwb-brand","embeddable":true,"href":"https:\/\/www.seaflowerstore.com\/de\/wp-json\/wp\/v2\/pwb-brand?post=87353"},{"taxonomy":"product_cat","embeddable":true,"href":"https:\/\/www.seaflowerstore.com\/de\/wp-json\/wp\/v2\/product_cat?post=87353"},{"taxonomy":"product_tag","embeddable":true,"href":"https:\/\/www.seaflowerstore.com\/de\/wp-json\/wp\/v2\/product_tag?post=87353"}],"curies":[{"name":"wp","href":"https:\/\/api.w.org\/{rel}","templated":true}]}}