{"id":87356,"date":"2017-02-20T12:20:01","date_gmt":"2017-02-20T11:20:01","guid":{"rendered":"https:\/\/www.seaflowerstore.com\/nl\/vitalis-marine-pellets-xsmall-1-0mm\/"},"modified":"2025-07-21T20:10:23","modified_gmt":"2025-07-21T18:10:23","slug":"vitalis-marine-pellets-xsmall-1-0mm","status":"publish","type":"product","link":"https:\/\/www.seaflowerstore.com\/de\/vitalis-marine-pellets-xsmall-1-0mm\/","title":{"rendered":"Vitalis Marine Pellets XSmall 1.0mm"},"content":{"rendered":"<h2 style=\"text-align: justify;\">Vitalis Marine Pellets XS for Omnivore Saltwater Fish are soft and sinking<\/h2>\n<p style=\"text-align: justify;\">Mit \u00fcber 20 Jahren Erfahrung in der Zierfischzucht und Wasseraufbereitung hat World Feeds ein einzigartiges Futter f\u00fcr Salzwasseraquarienfische entwickelt. Dieses Produkt verf\u00fcgt \u00fcber dieselbe erfolgreiche Formel wie die Vitalis Marine Flakes, jetzt in einer revolution\u00e4ren Pelletform. Dieses speziell auf die Ern\u00e4hrungsbed\u00fcrfnisse von Korallenrifffischen abgestimmte Futter f\u00f6rdert die Gesundheit, Vitalit\u00e4t und leuchtenden Farben Ihrer Wassertiere.<\/p>\n<p style=\"text-align: justify;\">Vitalis Marine Pellets sind weich und sinken so. Die besonders weiche Textur wird durch ein Niedertemperatur-Extrusionsverfahren erreicht, das eine schnellere Verdauung erm\u00f6glicht. Wenn die Pellets das Maul des Fisches erreichen, k\u00f6nnen sie leicht zerkleinert und schnell durch die Darmwand aufgenommen werden.<\/p>\n<p style=\"text-align: justify;\">Die leicht verdaulichen und bioverf\u00fcgbaren Inhaltsstoffe in Vitalis produzieren nur minimalen Abfall, was zu einer deutlichen Verbesserung der Wasserqualit\u00e4t f\u00fchrt und die Belastung Ihres Filtersystems verringert.<\/p>\n<p style=\"text-align: justify;\"><strong>Erh\u00e4ltlich in:<\/strong> 120 g, 300 g, 1,8 kg<br \/>\n<strong>K\u00f6rnungsgr\u00f6\u00dfe:<\/strong> Klein 1,5 mm, Klein + 4 mm, 6 mm Mittel, Mittel + 8 mm, 12 mm Gro\u00df, Gro\u00df + 15 mm<\/p>\n<p style=\"text-align: justify;\"><strong>Geeignet f\u00fcr alle tropischen Salzwasserfische:<\/strong><\/p>\n<p style=\"text-align: justify;\">Alle Salzwasser-Kaiserfische, Grundeln, Riffbarsche, Clownfische, Mur\u00e4nen Aale, Lippfische, Kofferfische, Papageienfische, Korallenkletterer.<\/p>\n<p style=\"text-align: justify;\"><strong>ZUSAMMENSETZUNG<\/strong><\/p>\n<p style=\"text-align: justify;\">Fisch und Fischnebenerzeugnisse, pflanzliche Nebenerzeugnisse, Weich- und Krebstiere, \u00d6le und Fette, Mineralstoffe.<\/p>\n<p style=\"text-align: justify;\"><strong>INHALTSANALYSE<\/strong><\/p>\n<p style=\"text-align: justify;\">Proteine \u200b\u200b50,1 %, Feuchtigkeit 20,8 %, anorganische Stoffe 17,7 %, Fette 10,3 %, Ballaststoffe 1,7 %.<\/p>\n<p style=\"text-align: justify;\"><strong>ZUSATZSTOFFE<\/strong><\/p>\n<p style=\"text-align: justify;\">Zusatzstoffe: Astaxanthin 133 mg\/kg. Zu den Lebensmittelzusatzstoffen geh\u00f6ren: Vitamin A 15.000 IE\/kg, Vitamin D3 2.000 IE\/kg, Vitamin E 200 mg\/kg, Zinksulfatmonohydrat 208 mg\/kg, Mangansulfatmonohydrat 131 mg\/kg, Kupfersulfatpentahydrat 88,5 mg\/kg, Eisensulfatmonohydrat 28,7 mg\/kg, wasserfreies Calciumjodat 12,4 mg\/kg.<\/p>\n<p style=\"text-align: justify;\"><strong>FUNKTIONEN UND VORTEILE<\/strong><\/p>\n<ul>\n<li>Einzigartige, weiche und sinkende Pellets.<\/li>\n<li>Weniger Abfall und verbesserte Wasserqualit\u00e4t.<\/li>\n<li>Nat\u00fcrliche Zutaten aus nachhaltigen Quellen.<\/li>\n<\/ul>\n<p style=\"text-align: justify;\"><strong>DI\u00c4T<\/strong><\/p>\n<p style=\"text-align: justify;\">Dies ist ein Alleinfuttermittel f\u00fcr alle tropischen Salzwasserfische.<\/p>\n<ul>\n<li>F\u00fcttern Sie die Fische bis zu dreimal t\u00e4glich.<\/li>\n<li>Vermeiden Sie \u00dcberf\u00fctterung.<\/li>\n<li>Entfernen Sie nicht gefressenes Futter.<\/li>\n<li>An einem k\u00fchlen und trockenen Ort aufbewahren.<\/li>\n<li>Verpackung trocken halten.<\/li>\n<li>Au\u00dferhalb der Reichweite von Kindern aufbewahren.<\/li>\n<li>Nicht f\u00fcr den menschlichen Verzehr geeignet.<\/li>\n<\/ul>\n","protected":false},"excerpt":{"rendered":"<p style=\"text-align: justify;\">Vitalis Marine Pellets XS for Omnivore Saltwater Fish are soft and sinking<\/p>\n","protected":false},"featured_media":83293,"template":"","meta":[],"pwb-brand":[2239],"product_cat":[1438,1424],"product_tag":[],"class_list":{"0":"post-87356","1":"product","2":"type-product","3":"status-publish","4":"has-post-thumbnail","6":"pwb-brand-vitalis","7":"product_cat-fischfutter","8":"product_cat-futter","9":"pa_inhoud-260-gr","10":"pa_inhoud-70-gr-de","12":"first","13":"instock","14":"taxable","15":"shipping-taxable","16":"purchasable","17":"product-type-variable"},"acf":[],"brands":[{"id":2239,"name":"Vitalis","slug":"vitalis"}],"_links":{"self":[{"href":"https:\/\/www.seaflowerstore.com\/de\/wp-json\/wp\/v2\/product\/87356","targetHints":{"allow":["GET"]}}],"collection":[{"href":"https:\/\/www.seaflowerstore.com\/de\/wp-json\/wp\/v2\/product"}],"about":[{"href":"https:\/\/www.seaflowerstore.com\/de\/wp-json\/wp\/v2\/types\/product"}],"wp:featuredmedia":[{"embeddable":true,"href":"https:\/\/www.seaflowerstore.com\/de\/wp-json\/wp\/v2\/media\/83293"}],"wp:attachment":[{"href":"https:\/\/www.seaflowerstore.com\/de\/wp-json\/wp\/v2\/media?parent=87356"}],"wp:term":[{"taxonomy":"pwb-brand","embeddable":true,"href":"https:\/\/www.seaflowerstore.com\/de\/wp-json\/wp\/v2\/pwb-brand?post=87356"},{"taxonomy":"product_cat","embeddable":true,"href":"https:\/\/www.seaflowerstore.com\/de\/wp-json\/wp\/v2\/product_cat?post=87356"},{"taxonomy":"product_tag","embeddable":true,"href":"https:\/\/www.seaflowerstore.com\/de\/wp-json\/wp\/v2\/product_tag?post=87356"}],"curies":[{"name":"wp","href":"https:\/\/api.w.org\/{rel}","templated":true}]}}