{"id":87359,"date":"2017-02-20T12:15:24","date_gmt":"2017-02-20T11:15:24","guid":{"rendered":"https:\/\/www.seaflowerstore.com\/nl\/vitalis-marine-flakes\/"},"modified":"2025-07-21T20:10:23","modified_gmt":"2025-07-21T18:10:23","slug":"vitalis-marine-flakes","status":"publish","type":"product","link":"https:\/\/www.seaflowerstore.com\/de\/vitalis-marine-flakes\/","title":{"rendered":"Vitalis Marine Flakes"},"content":{"rendered":"<h2><strong>Vitalis Marine Flakes &#8211; Flakes for Omnivore Saltwater Fish<\/strong><\/h2>\n<p style=\"text-align: justify;\">Vitalis Marine Flakes wird aus dem Expertenwissen von Futtermitteln aus aller Welt unter Verwendung nat\u00fcrlicher Zutaten hergestellt und ist somit ein ausgezeichnetes, leicht verdauliches und ausgewogenes Flockenfutter f\u00fcr Allesfresser-Meeresfische. Es dient als vollst\u00e4ndige N\u00e4hrstoffquelle und kann zusammen mit Algae Flakes oder abwechselnd mit der Platinum-Linie f\u00fcr optimale Ergebnisse verwendet werden.<\/p>\n<p style=\"text-align: justify;\">Die einzigartige weiche Textur von Vitalis Marine Flakes, die durch ein Niedertemperatur-Extrusionsverfahren erreicht wird, erm\u00f6glicht eine schnelle Verdauung. Das Futter l\u00e4sst sich leicht in das Maul des Fisches dr\u00fccken und zerf\u00e4llt schnell, sodass eine schnelle Aufnahme durch die Darmwand gew\u00e4hrleistet ist.<\/p>\n<p style=\"text-align: justify;\">Vitalis Marine Flakes f\u00f6rdert die Gesundheit, nat\u00fcrliche F\u00e4rbung und Vitalit\u00e4t Ihrer Salzwasserfische und unterst\u00fctzt gleichzeitig ihr Immunsystem.<\/p>\n<p style=\"text-align: justify;\">Dank seiner leicht verdaulichen und biologisch verf\u00fcgbaren Inhaltsstoffe produziert Vitalis nur minimalen Abfall, was zu einer deutlichen Verbesserung der Wasserqualit\u00e4t und einer Entlastung Ihres Filtersystems f\u00fchrt.<\/p>\n<p><strong>Erh\u00e4ltlich in:<\/strong> 22 g, 40 g und 250 g<\/p>\n<p><strong>Geeignet f\u00fcr alle tropischen Salzwasserfische:<\/strong><\/p>\n<p style=\"text-align: justify;\">Riffbarsche, Clownfische, Rotfeuerfische, Fahnenbarsche, Feenbarsche, Korallenfalter, alle Salzwasserkaiserfische, Lippfische, Sandaale, Papageienfische, Korallen Kletterpflanzen.<\/p>\n<p><strong>ZUSAMMENSETZUNG<\/strong><\/p>\n<p style=\"text-align: justify;\">Fisch und Fischnebenerzeugnisse, pflanzliche Nebenerzeugnisse, Weich- und Krebstiere, \u00d6le und Fette, Vitamine, Mineralstoffe.<\/p>\n<p><strong>INHALTSANALYSE<\/strong><\/p>\n<p style=\"text-align: justify;\">Protein 49 %, Fett 10,5 %, anorganische Stoffe 10,5 %, Ballaststoffe 1,1 %.<\/p>\n<p><strong>ZUSATZSTOFFE<\/strong><\/p>\n<p style=\"text-align: justify;\">Zusatzstoffe: Astaxanthin 167 mg\/kg. Futterzus\u00e4tze: Vitamin A 15.000 IE\/kg, Vitamin D3 2.000 IE\/kg, Vitamin E 200 mg\/kg, Zinksulfatmonohydrat 208 mg\/kg, Mangansulfatmonohydrat 131 mg\/kg, Kupfersulfatpentahydrat 88,5 mg\/kg, Eisensulfatmonohydrat 28,7 mg\/kg, wasserfreies Calciumjodat 12,4 mg\/kg.<\/p>\n<p><strong>FUNKTIONEN UND VORTEILE<\/strong><\/p>\n<ul>\n<li>Einzigartige Formel mit gro\u00dfen Flocken.<\/li>\n<li>Weniger Abfall und verbesserte Wasserqualit\u00e4t.<\/li>\n<li>Nat\u00fcrliche Zutaten aus nachhaltigen Quellen.<\/li>\n<\/ul>\n<p><strong>DI\u00c4T<\/strong><\/p>\n<p style=\"text-align: justify;\">Dies ist ein Alleinfuttermittel f\u00fcr alle tropischen Salzwasserfische. Bei Oberfl\u00e4chenfressern verteilen Sie die Flocken auf der Wasseroberfl\u00e4che. Bei im Mittelwasser und am Boden lebenden Fischen kneifen Sie die Flocken und verteilen sie unter der Oberfl\u00e4che.<\/p>\n<ul>\n<li>F\u00fcttern Sie die Fische bis zu dreimal t\u00e4glich.<\/li>\n<li>Nicht \u00fcberf\u00fcttern.<\/li>\n<li>Entfernen Sie nicht gefressenes Futter.<\/li>\n<li>An einem k\u00fchlen und trockenen Ort aufbewahren.<\/li>\n<li>Ber\u00fchren Sie das Produkt nur mit trockenen Fingern.<\/li>\n<li>Au\u00dferhalb der Reichweite von Kindern aufbewahren.<\/li>\n<li>Nicht f\u00fcr den menschlichen Verzehr geeignet.<\/li>\n<\/ul>\n","protected":false},"excerpt":{"rendered":"<p>Vitalis Marine Flakes &#8211; Flakes for Omnivore Saltwater Fish<\/p>\n","protected":false},"featured_media":83226,"template":"","meta":[],"pwb-brand":[2239],"product_cat":[1438,1424],"product_tag":[],"class_list":{"0":"post-87359","1":"product","2":"type-product","3":"status-publish","4":"has-post-thumbnail","6":"pwb-brand-vitalis","7":"product_cat-fischfutter","8":"product_cat-futter","9":"pa_inhoud-250-gr-de","10":"pa_inhoud-40-gr-de","12":"first","13":"instock","14":"taxable","15":"shipping-taxable","16":"purchasable","17":"product-type-variable"},"acf":[],"brands":[{"id":2239,"name":"Vitalis","slug":"vitalis"}],"_links":{"self":[{"href":"https:\/\/www.seaflowerstore.com\/de\/wp-json\/wp\/v2\/product\/87359","targetHints":{"allow":["GET"]}}],"collection":[{"href":"https:\/\/www.seaflowerstore.com\/de\/wp-json\/wp\/v2\/product"}],"about":[{"href":"https:\/\/www.seaflowerstore.com\/de\/wp-json\/wp\/v2\/types\/product"}],"wp:featuredmedia":[{"embeddable":true,"href":"https:\/\/www.seaflowerstore.com\/de\/wp-json\/wp\/v2\/media\/83226"}],"wp:attachment":[{"href":"https:\/\/www.seaflowerstore.com\/de\/wp-json\/wp\/v2\/media?parent=87359"}],"wp:term":[{"taxonomy":"pwb-brand","embeddable":true,"href":"https:\/\/www.seaflowerstore.com\/de\/wp-json\/wp\/v2\/pwb-brand?post=87359"},{"taxonomy":"product_cat","embeddable":true,"href":"https:\/\/www.seaflowerstore.com\/de\/wp-json\/wp\/v2\/product_cat?post=87359"},{"taxonomy":"product_tag","embeddable":true,"href":"https:\/\/www.seaflowerstore.com\/de\/wp-json\/wp\/v2\/product_tag?post=87359"}],"curies":[{"name":"wp","href":"https:\/\/api.w.org\/{rel}","templated":true}]}}