{"id":87367,"date":"2017-02-20T12:02:24","date_gmt":"2017-02-20T11:02:24","guid":{"rendered":"https:\/\/www.seaflowerstore.com\/nl\/vitalis-algae-flakes\/"},"modified":"2025-07-21T20:10:23","modified_gmt":"2025-07-21T18:10:23","slug":"vitalis-algae-flakes","status":"publish","type":"product","link":"https:\/\/www.seaflowerstore.com\/de\/vitalis-algae-flakes\/","title":{"rendered":"Vitalis Algae Flakes"},"content":{"rendered":"<h2 style=\"text-align: justify\">Vitalis Algae Flakes Herbivore Flakes for Saltwater Fishing<\/h2>\n<p style=\"text-align: justify\">Vitalis Algae Flakes sind perfekt f\u00fcr alle pflanzenfressenden tropischen Meeresfische wie Doktorfische, Korallenschmetterlinge, alle Salzwasser-Kaiserfische, Kleinlibellen, Anemonenfische, Kaninchenfische und Lippfische.<\/p>\n<p style=\"text-align: justify\"><strong>Zusammensetzung<\/strong><\/p>\n<p style=\"text-align: justify\">Die Inhaltsstoffe umfassen Fisch und Fischderivate, pflanzliche Derivate, Algen, Mineralien, Weichtiere, Krustentiere, \u00d6le und Fette.<\/p>\n<p style=\"text-align: justify\"><strong>Inhaltsanalyse<\/strong><\/p>\n<p style=\"text-align: justify\">Die Analyse zeigt 21 % Proteine, 9,5 % anorganische Materialien, 4,5 % \u00d6le und Fette, 4 % Feuchtigkeit und 4,3 % Ballaststoffe.<\/p>\n<p style=\"text-align: justify\"><strong>Einreichungen<\/strong><\/p>\n<p style=\"text-align: justify\">Zu den Lebensmittelzusatzstoffen geh\u00f6ren Vitamin A (10.000 IE\/kg), Vitamin D3 (2.000 IE\/kg), Vitamin E (200 IE\/kg), Zink (als Sulfat) (75 mg\/kg), Mangan (als Sulfat) (42 mg\/kg), Eisen (als Sulfat) (8,6 mg\/kg), Jod (als Calciumjodat) (7,8 mg\/kg) und Kupfer (als Sulfat) (23 mg\/kg).<\/p>\n<p style=\"text-align: justify\"><strong>Merkmale und Vorteile<\/strong><\/p>\n<ul>\n<li>Einzigartige Formel mit gro\u00dfen Flocken.<\/li>\n<li>Weniger Abfall und verbesserte Wasserqualit\u00e4t.<\/li>\n<li>Nat\u00fcrliche Zutaten.<\/li>\n<li>Zutaten aus nachhaltiger Forstwirtschaft Praktiken.<\/li>\n<\/ul>\n<p style=\"text-align: justify\"><strong>Ern\u00e4hrung<\/strong><\/p>\n<p style=\"text-align: justify\">Dies ist ein komplettes Fischfutter, geeignet f\u00fcr alle pflanzenfressenden tropischen Salzwasserfische. Bei Oberfl\u00e4chenfressern die Flocken auf der Oberfl\u00e4che verteilen. Bei Mittel- und Bodenbewohnern die Flocken unter der Oberfl\u00e4che zusammendr\u00fccken und verteilen.<\/p>\n<ul>\n<li>Bis zu dreimal t\u00e4glich f\u00fcttern. Bei Bedarf k\u00f6nnen die Flocken zerbr\u00f6selt werden.<\/li>\n<li>\u00dcberf\u00fctterung vermeiden.<\/li>\n<li>Nicht gefressenes Futter entfernen.<\/li>\n<li>An einem k\u00fchlen, trockenen Ort aufbewahren.<\/li>\n<li>Vermeiden Sie es, mit nassen Fingern in den Beh\u00e4lter zu greifen.<\/li>\n<li>Au\u00dferhalb der Reichweite von Kindern aufbewahren.<\/li>\n<li>Nicht f\u00fcr den menschlichen Verzehr geeignet.<\/li>\n<\/ul>\n","protected":false},"excerpt":{"rendered":"<p>Vitalis Algae Flakes are suitable for all herbivorous tropical marine fish including: Doctor Fish, Coral Butterflies, All saltwater Angelfishes, damselfly, Anemone Fish, Rabbit Fish, Wrasses.<\/p>\n","protected":false},"featured_media":83232,"template":"","meta":[],"pwb-brand":[2239],"product_cat":[1438],"product_tag":[],"class_list":{"0":"post-87367","1":"product","2":"type-product","3":"status-publish","4":"has-post-thumbnail","6":"pwb-brand-vitalis","7":"product_cat-fischfutter","8":"pa_inhoud-200-gr-de","9":"pa_inhoud-22-gr-de","10":"pa_inhoud-250-gr-de","11":"pa_inhoud-40-gr-de","13":"first","14":"outofstock","15":"sale","16":"taxable","17":"shipping-taxable","18":"purchasable","19":"product-type-variable"},"acf":[],"brands":[{"id":2239,"name":"Vitalis","slug":"vitalis"}],"_links":{"self":[{"href":"https:\/\/www.seaflowerstore.com\/de\/wp-json\/wp\/v2\/product\/87367","targetHints":{"allow":["GET"]}}],"collection":[{"href":"https:\/\/www.seaflowerstore.com\/de\/wp-json\/wp\/v2\/product"}],"about":[{"href":"https:\/\/www.seaflowerstore.com\/de\/wp-json\/wp\/v2\/types\/product"}],"wp:featuredmedia":[{"embeddable":true,"href":"https:\/\/www.seaflowerstore.com\/de\/wp-json\/wp\/v2\/media\/83232"}],"wp:attachment":[{"href":"https:\/\/www.seaflowerstore.com\/de\/wp-json\/wp\/v2\/media?parent=87367"}],"wp:term":[{"taxonomy":"pwb-brand","embeddable":true,"href":"https:\/\/www.seaflowerstore.com\/de\/wp-json\/wp\/v2\/pwb-brand?post=87367"},{"taxonomy":"product_cat","embeddable":true,"href":"https:\/\/www.seaflowerstore.com\/de\/wp-json\/wp\/v2\/product_cat?post=87367"},{"taxonomy":"product_tag","embeddable":true,"href":"https:\/\/www.seaflowerstore.com\/de\/wp-json\/wp\/v2\/product_tag?post=87367"}],"curies":[{"name":"wp","href":"https:\/\/api.w.org\/{rel}","templated":true}]}}