{"id":87373,"date":"2017-02-20T11:18:17","date_gmt":"2017-02-20T10:18:17","guid":{"rendered":"https:\/\/www.seaflowerstore.com\/nl\/vitalis-platinum-marine-flakes\/"},"modified":"2025-07-21T20:10:23","modified_gmt":"2025-07-21T18:10:23","slug":"vitalis-platinum-marine-flakes","status":"publish","type":"product","link":"https:\/\/www.seaflowerstore.com\/de\/vitalis-platinum-marine-flakes\/","title":{"rendered":"Vitalis Platinum Marine Flakes"},"content":{"rendered":"<h2>Vitalis Platinum Marine Flakes<\/h2>\n<p>Vitalis Platinum Marine Flakes bietet eine ausgewogene Ern\u00e4hrung f\u00fcr Ihre Meeresfische. Es enth\u00e4lt spezielle Zutaten, die ihr Immunsystem unterst\u00fctzen und sie in hervorragender Verfassung halten. Um die N\u00e4hrstoffvielfalt zu maximieren und die Gesundheit Ihrer Fische zu verbessern, wird empfohlen, Vitalis Platinum Marine Flakes \u00fcber einen Zeitraum von sechs Wochen mit Marine Algae Flakes abzuwechseln.<\/p>\n<p>Die einzigartige weiche Textur dieses Flockenfutters, die durch ein Extrusionsverfahren bei niedrigen Temperaturen erreicht wird, erm\u00f6glicht eine schnellere Verdauung. Die Flocken lassen sich leicht in das Maul des Fisches dr\u00fccken und brechen m\u00fchelos auseinander, wodurch eine schnelle Aufnahme durch die Darmwand gew\u00e4hrleistet wird. Dank der leicht verdaulichen und bioverf\u00fcgbaren Inhaltsstoffe produziert Vitalis nur minimale Abf\u00e4lle, was zu einer deutlichen Verbesserung der Wasserqualit\u00e4t f\u00fchrt und die Belastung Ihres Filtersystems verringert.<\/p>\n<p>Erh\u00e4ltlich in: 22 g, 250 g<\/p>\n<h4><strong>Geeignet f\u00fcr alle tropischen Salzwasserfische:<\/strong><\/h4>\n<ul>\n<li>Riffbarsche<\/li>\n<li>Clownfische<\/li>\n<li>Feuerfische<\/li>\n<li>Fahnenbarsche<\/li>\n<li>Feenbarsche<\/li>\n<li>Korallenschmetterlinge<\/li>\n<li>Alle Salzwasser-Kaiserfische<\/li>\n<li>Lippfische<\/li>\n<li>Sandaale<\/li>\n<li>Papageifische<\/li>\n<li>Korallenkletterer<\/li>\n<\/ul>\n<p><strong>ZUSAMMENSETZUNG:<\/strong><\/p>\n<p>Fisch und Fischnebenerzeugnisse, pflanzliche Nebenerzeugnisse Herkunft, Weich- und Krustentiere, \u00d6le und Fette, Vitamine, Mineralien.<\/p>\n<p><strong>INHALTSANALYSE:<\/strong><\/p>\n<p>Protein 47,6 %, Fett 10 %, anorganische Materialien 10 %, Ballaststoffe 1,4 %.<\/p>\n<p><strong>ZUSATZSTOFFE:<\/strong><\/p>\n<p>Zu den Lebensmittelzusatzstoffen geh\u00f6ren: Vitamin A 15.000 IE\/kg, Vitamin D3 2.000 IE\/kg, Vitamin E 200 mg\/kg, Zinksulfatmonohydrat 208 mg\/kg, Mangansulfatmonohydrat 131 mg\/kg, Kupfersulfatpentahydrat 88,5 mg\/kg, Eisensulfatmonohydrat 28,7 mg\/kg, wasserfreies Calciumjodat 12,4 mg\/kg.<\/p>\n<h4><strong>FUNKTIONEN UND VORTEILE von Vitalis Platinum Marine Flocken:<\/strong><\/h4>\n<ul>\n<li>Einzigartige Formel mit gro\u00dfen Flocken.<\/li>\n<li>Weniger Abfall und verbesserte Wasserqualit\u00e4t.<\/li>\n<li>Nat\u00fcrliche Zutaten aus nachhaltigen Quellen.<\/li>\n<li>Unterst\u00fctzt ein gesundes Immunsystem.<\/li>\n<\/ul>\n<p><strong>ERN\u00c4HRUNG:<\/strong><\/p>\n<p>Dies ist ein komplettes Fischfutter, das f\u00fcr alle tropischen Salzwasserfische geeignet ist. Vitalis Platinum Flakes bieten eine einzigartige Ern\u00e4hrung, die das Immunsystem unterst\u00fctzt. Es ist ratsam, Platinum Flakes mit anderen Vitalis Marine-Produkten abzuwechseln. F\u00fcr Oberfl\u00e4chenfresser verteilen Sie die Flocken einfach auf der Wasseroberfl\u00e4che. F\u00fcr Fische, die in der Mitte oder am Boden leben, kneifen Sie die Flocken und verteilen Sie sie unter der Oberfl\u00e4che.<\/p>\n<ul>\n<li>F\u00fcttern Sie Fische bis zu dreimal pro Tag. Bei Bedarf k\u00f6nnen die Flocken zerbr\u00f6selt werden.<\/li>\n<li>Nicht \u00fcberf\u00fcttern.<\/li>\n<li>Etwaige Futterreste entfernen.<\/li>\n<li>K\u00fchl und trocken lagern.<\/li>\n<li>Beim Umgang mit dem Produkt trockene Finger verwenden.<\/li>\n<li>Au\u00dferhalb der Reichweite von Kindern aufbewahren.<\/li>\n<li>Nicht f\u00fcr den menschlichen Verzehr geeignet.<\/li>\n<\/ul>\n","protected":false},"excerpt":{"rendered":"<p>Vitalis Platinum Marine Flakes provides the balanced diet of the Marine Flakes including additional ingredients that the immune system of your fish to support a natural way and keeps them in top condition.<\/p>\n","protected":false},"featured_media":83223,"template":"","meta":[],"pwb-brand":[2239],"product_cat":[1438],"product_tag":[],"class_list":{"0":"post-87373","1":"product","2":"type-product","3":"status-publish","4":"has-post-thumbnail","6":"pwb-brand-vitalis","7":"product_cat-fischfutter","8":"pa_inhoud-22-gr-de","9":"pa_inhoud-250-gr-de","10":"pa_inhoud-40-gr-de","12":"first","13":"outofstock","14":"taxable","15":"shipping-taxable","16":"purchasable","17":"product-type-variable"},"acf":[],"brands":[{"id":2239,"name":"Vitalis","slug":"vitalis"}],"_links":{"self":[{"href":"https:\/\/www.seaflowerstore.com\/de\/wp-json\/wp\/v2\/product\/87373","targetHints":{"allow":["GET"]}}],"collection":[{"href":"https:\/\/www.seaflowerstore.com\/de\/wp-json\/wp\/v2\/product"}],"about":[{"href":"https:\/\/www.seaflowerstore.com\/de\/wp-json\/wp\/v2\/types\/product"}],"wp:featuredmedia":[{"embeddable":true,"href":"https:\/\/www.seaflowerstore.com\/de\/wp-json\/wp\/v2\/media\/83223"}],"wp:attachment":[{"href":"https:\/\/www.seaflowerstore.com\/de\/wp-json\/wp\/v2\/media?parent=87373"}],"wp:term":[{"taxonomy":"pwb-brand","embeddable":true,"href":"https:\/\/www.seaflowerstore.com\/de\/wp-json\/wp\/v2\/pwb-brand?post=87373"},{"taxonomy":"product_cat","embeddable":true,"href":"https:\/\/www.seaflowerstore.com\/de\/wp-json\/wp\/v2\/product_cat?post=87373"},{"taxonomy":"product_tag","embeddable":true,"href":"https:\/\/www.seaflowerstore.com\/de\/wp-json\/wp\/v2\/product_tag?post=87373"}],"curies":[{"name":"wp","href":"https:\/\/api.w.org\/{rel}","templated":true}]}}