{"id":87401,"date":"2017-02-16T10:49:12","date_gmt":"2017-02-16T09:49:12","guid":{"rendered":"https:\/\/www.seaflowerstore.com\/nl\/npx-bioplastics\/"},"modified":"2024-03-20T16:41:32","modified_gmt":"2024-03-20T15:41:32","slug":"npx-bioplastics","status":"publish","type":"product","link":"https:\/\/www.seaflowerstore.com\/de\/npx-bioplastics\/","title":{"rendered":"NPX Bioplastics"},"content":{"rendered":"<h2>Two Little Fishies NPX Bioplastics is a biopolymer filter media that helps maintain aquarium quality of water by supporting the growth of nitrate and phosphate reducing bacteria<\/h2>\n<p><strong>Entdecken Sie die Vorteile von NPX Bioplastics:<\/strong><\/p>\n<ul>\n<li>Biopolymer-Filtermedium zur Nitrat- und Phosphatentfernung im Aquarium<\/li>\n<li>Der Phosphatgehalt im Aquarium sinkt mithilfe n\u00fctzlicher Bakterien<\/li>\n<li>Bakterien verbrauchen Nitrat und Phosphat, w\u00e4hrend sie auf dem Filtermedium wachsen<\/li>\n<li>Ideal f\u00fcr die Verwendung in einem Wirbelschichtreaktor<\/li>\n<\/ul>\n<p>Nutzen Sie die Kraft der Natur, um den Nitrat- und Phosphatgehalt in Ihrem Aquarium effektiv zu senken. Two Little Fishies NPX Bioplastics ist ein fantastisches Biopolymer-Filtermedium, das das Wachstum von Bakterien unterst\u00fctzt, die diese Stoffe reduzieren. Genie\u00dfen Sie eine nat\u00fcrliche und kosteng\u00fcnstige M\u00f6glichkeit, den Phosphatgehalt Ihres Aquariums durch die Kultivierung n\u00fctzlicher Bakterien zu kontrollieren!<\/p>\n<p>NPX Bioplastics besteht aus biologisch abbaubaren Polymerpellets, die in einem fluidisierten <a href=\"http:\/\/www.drsfostersmith.com\/fish-supplies\/aquarium-filter\/aquarium-media-reactor\/ps\/c\/3578\/3579\/21247\" rel=\"nofollow noopener\" target=\"_blank\">Reaktor<\/a> verwendet werden k\u00f6nnen. \u00c4hnlich wie Bakterien kann sich \u00fcberm\u00e4\u00dfiges Wachstum auf den Pelletoberfl\u00e4chen abl\u00f6sen, sodass es von einem Eiwei\u00dfabsch\u00e4umer geerntet werden kann oder als nat\u00fcrliche Nahrungsquelle f\u00fcr filtrierende Wirbellose wie Korallen, Muscheln und Schw\u00e4mme dient. Die Pellets schaffen anaerobe Zonen, die Bedingungen f\u00f6rdern, unter denen Bakterien, die mit der Denitrifikation (Nitratentfernung) in Zusammenhang stehen, gedeihen. Dieser nat\u00fcrliche Ansatz kann mit Eiwei\u00dfabsch\u00e4umern und Phosphatmedien kombiniert werden, um hohe Nitrat- und Phosphatwerte, die die Wasserqualit\u00e4t im Aquarium beeintr\u00e4chtigen, effektiv zu reduzieren.<\/p>\n<p>Um NPX Bioplastics zu installieren, verwenden Sie den <a href=\"http:\/\/www.drsfostersmith.com\/product\/prod_display.cfm?pcatid=11586\" rel=\"nofollow noopener\" target=\"_blank\">PhosBan Reactor 150<\/a> zusammen mit dem NPX Bioplastics-Sieb zur einfachen Kontrolle von Nitrat und Phosphat (jeweils separat erh\u00e4ltlich). Geben Sie den Bakterienpopulationen Zeit, um wirksame Werte zu erreichen. F\u00fcr optimale Ergebnisse beginnen Sie mit kleineren Mengen und f\u00fcgen Sie nach und nach mehr NPX Bioplastics hinzu, w\u00e4hrend das Medium mit n\u00fctzlichen Bakterien geimpft wird. Nach zwei bis vier Wochen sollten Sie einen R\u00fcckgang der Nitrat- und Phosphatwerte feststellen, geeignet f\u00fcr Aquarien bis zu 190 Litern mit 200-ml-Tabletts.<\/p>\n<p>Es ist wichtig, NPX Bioplastics in Verbindung mit einer geeigneten Aquariumfilterung zu verwenden und eine starke Wasserzirkulation und Bel\u00fcftung sicherzustellen. F\u00fcr Meerwasseraquarien wird die Verwendung eines Eiwei\u00dfabsch\u00e4umers empfohlen, um Bakterien und aufgenommene N\u00e4hrstoffe effektiv zu entfernen.<\/p>\n<h3>Anleitung<\/h3>\n<p>NPX Bioplastics erzielen die beste Leistung, wenn sie in einem Wirbelschichtfilter wie dem PhosBan Reactor 150 (# 18413) oder 550 (# 71947) installiert werden. <strong>Warnung:<\/strong> Um die M\u00f6glichkeit einer tr\u00fcben wei\u00dfen Bakterienbl\u00fcte im Wasser zu verhindern, ist es ratsam, bei Aquarien mit hohem Nitratgehalt mit der H\u00e4lfte der empfohlenen Dosis zu beginnen. Erh\u00f6hen Sie die Dosis \u00fcber einige Wochen allm\u00e4hlich auf eine volle Dosis von 100 ml pro 95 Liter. Wenn eine Bl\u00fcte auftritt, entfernen Sie die H\u00e4lfte der NPX Bioplastics aus dem Reaktor und halten Sie sie feucht, aber nicht untergetaucht in einem Beutel. F\u00fcr anspruchsvollere Aquarien k\u00f6nnen gr\u00f6\u00dfere Mengen verwendet werden, es kann jedoch erforderlich sein, NPX Bioplastics mit PhosBan-Eisenoxidgranulat (Nr. 13157) in separaten Reaktoren zu kombinieren, insbesondere wenn sich Phosphatwerte aus der Nahrung ansammeln. \u00dcberpr\u00fcfen Sie den Medienstand im Filter regelm\u00e4\u00dfig und f\u00fcllen Sie ihn etwa alle drei bis sechs Monate nach, da NPX Bioplastics langsam verbraucht wird.<\/p>\n<h3>Achtung<\/h3>\n<p>Stellen Sie sicher, dass ausreichend Wasser durch NPX Bioplastics flie\u00dft, um die Bildung von Schwefelwasserstoffgas zu verhindern. Eine solide Wasserzirkulation, Bel\u00fcftung und\/oder Oberfl\u00e4chenschaumbildung im Aquarium tragen dazu bei, bei Verwendung dieses Produkts eine hohe Sauerstoffs\u00e4ttigung aufrechtzuerhalten. F\u00fcr Meerwasseraquarien ist die Verwendung eines Eiwei\u00dfabsch\u00e4umers unerl\u00e4sslich, um Bakterien und aufgenommene N\u00e4hrstoffe effektiv zu entfernen. Der Ausgang des Filters, der die Pellets enth\u00e4lt, muss nicht in der N\u00e4he des Einlasses des Absch\u00e4umers sein, aber ein Eiwei\u00dfabsch\u00e4umer im System ist entscheidend.<\/p>\n<h3>Allgemeine Informationen<\/h3>\n<p>NPX Bioplastics sind pelletierte biologisch abbaubare Polymere, die das Wachstum von Bakterien f\u00f6rdern sollen, die Nitrat und Phosphat assimilieren. Wenn Bakterien auf den Pelletoberfl\u00e4chen wachsen, kann die \u00fcbersch\u00fcssige Biomasse \u00fcber einen Eiwei\u00dfabsch\u00e4umer entfernt werden oder als Nahrung f\u00fcr Plankton dienen, das sich von wirbellosen Tieren wie Korallen, Muscheln und Schw\u00e4mmen ern\u00e4hrt. Die Pellets entwickeln auch anaerobe Zonen, die die Denitrifikation erleichtern.<\/p>\n<p>Das k\u00f6rnige Kunststoffmedium von NPX Bioplastics besteht aus biologisch abbaubaren Polymeren und ist f\u00fcr den Einsatz in einem Wirbelschichtreaktor vorgesehen. Die langsame Freisetzung von biologischer Nahrung aus diesen Kunststoffen f\u00f6rdert die Entwicklung von Bakterien, die Nitrat und Phosphat assimilieren. Diese Bakterien k\u00f6nnen von Eiwei\u00dfabsch\u00e4umern geerntet werden, was eine nat\u00fcrliche Reduzierung der Nitrat- und Phosphatwerte erm\u00f6glicht. Dar\u00fcber hinaus dienen die Bakterien als Nahrungsquelle f\u00fcr filtrierende Wirbellose wie Korallen, Muscheln, Schw\u00e4mme und Venusmuscheln.<\/p>\n<h3>NPX-Biokunststoffsieb<\/h3>\n<p>Anleitung f\u00fcr das NPX-Sieb f\u00fcr PhosBan Reactor 150 und PhosBan Reactor 550:<\/p>\n<p>Das NPX-Sieb verhindert, dass NPX-Biokunststoffe oder andere biologisch abbaubare Pellets durch die Dispersionsplatten in den PhosBan Reactor 150 oder PhosBan Reactor 550 gelangen. Diese Siebe werden in den PhosBan-Reaktoren anstelle von Schaumstoffschw\u00e4mmen verwendet. Entfernen Sie einfach die Schw\u00e4mme und legen Sie die zugeschnittenen Siebe auf die Dispersionsplatten. Normalerweise passen die Siebe gut, aber Sie k\u00f6nnen sie auch mit kleinen Kabelbindern aus Kunststoff an der Dispersionsplatte befestigen.<\/p>\n<ol>\n<li><strong>Vorbereitung der PhosBan Reactor 550-Siebe:<\/strong>\n<ul>\n<li>Schneiden Sie mit einer Schere den Siebdurchmesser durch zwei Fenster und lassen Sie dabei die \u00e4u\u00dfere Rippe intakt. Schneiden Sie die ersten beiden Fenster vorsichtig in der Mitte des Siebes aus, damit es perfekt auf das PhosBan Reactor-Mittelrohr passt.<\/li>\n<\/ul>\n<\/li>\n<li><strong>Vorbereitung der PhosBan Reactor 150-Siebe:<\/strong>\n<ul>\n<li>Schneiden Sie mit einer Schere den Siebdurchmesser durch f\u00fcnf Fenster und lassen Sie dabei die \u00e4u\u00dfere Rippe intakt. Schneiden Sie die ersten beiden Fenster in der Mitte des Siebes vorsichtig aus, sodass es genau auf das Mittelrohr des PhosBan-Reaktors passt.<\/li>\n<\/ul>\n<\/li>\n<li><strong>Beenden der Montage:<\/strong>\n<ul>\n<li>Schieben Sie die Siebe \u00fcber die durchsichtigen Rohre und \u00fcber die Dispersionsplatten. Platzieren Sie die zweite Baugruppe im PhosBan-Reaktor und dr\u00fccken Sie das Sieb nach unten (PhosBan-Reaktor 550 f\u00fcr PhosBan-Reaktor 550 und unter Verwendung eines PhosBan-Reaktor-150-Kriteriums), um sicherzustellen, dass das Sieb rundherum flach um die Dispersionsplatte herum platziert ist. Obwohl es normalerweise nicht notwendig ist, k\u00f6nnen Kabelbinder aus Kunststoff verwendet werden, um das Sieb sicher zu halten. F\u00fcgen Sie NPX Bioplastics hinzu und platzieren Sie die obere Dispersionsplatte und das Sieb auf die gleiche Weise.<\/li>\n<\/ul>\n<\/li>\n<\/ol>\n<h3>Richtlinien<\/h3>\n<p>NPX Bioplastics wird am besten in einem Wirbelschichtreaktor verwendet. F\u00fcr 200 ml NPX Bioplastics verwenden Sie eine Pumpe mit einer Kapazit\u00e4t von 1100\u20131300 lph. F\u00fcr 400 ml NPX Bioplastics w\u00e4hlen Sie eine Pumpe mit einer Kapazit\u00e4t von 1300\u20131900 lph.<\/p>\n","protected":false},"excerpt":{"rendered":"<p>Two Little Fishies NPX Bioplastics is a biopolymer filter media that helps maintain aquarium quality of water by supporting the growth of nitrate and phosphate reducing bacteria<\/p>\n","protected":false},"featured_media":79588,"template":"","meta":[],"pwb-brand":[2231],"product_cat":[1537,1572,515],"product_tag":[],"class_list":{"0":"post-87401","1":"product","2":"type-product","3":"status-publish","4":"has-post-thumbnail","6":"pwb-brand-two-little-fishies","7":"product_cat-aquarientechnik","8":"product_cat-biopellets-de","9":"product_cat-additives","10":"pa_inhoud-1000-ml-de","11":"pa_inhoud-200-ml-de","12":"pa_inhoud-400-ml-de","14":"first","15":"instock","16":"taxable","17":"shipping-taxable","18":"purchasable","19":"product-type-variable"},"acf":[],"brands":[{"id":2231,"name":"Two Little Fishies","slug":"two-little-fishies"}],"_links":{"self":[{"href":"https:\/\/www.seaflowerstore.com\/de\/wp-json\/wp\/v2\/product\/87401","targetHints":{"allow":["GET"]}}],"collection":[{"href":"https:\/\/www.seaflowerstore.com\/de\/wp-json\/wp\/v2\/product"}],"about":[{"href":"https:\/\/www.seaflowerstore.com\/de\/wp-json\/wp\/v2\/types\/product"}],"wp:featuredmedia":[{"embeddable":true,"href":"https:\/\/www.seaflowerstore.com\/de\/wp-json\/wp\/v2\/media\/79588"}],"wp:attachment":[{"href":"https:\/\/www.seaflowerstore.com\/de\/wp-json\/wp\/v2\/media?parent=87401"}],"wp:term":[{"taxonomy":"pwb-brand","embeddable":true,"href":"https:\/\/www.seaflowerstore.com\/de\/wp-json\/wp\/v2\/pwb-brand?post=87401"},{"taxonomy":"product_cat","embeddable":true,"href":"https:\/\/www.seaflowerstore.com\/de\/wp-json\/wp\/v2\/product_cat?post=87401"},{"taxonomy":"product_tag","embeddable":true,"href":"https:\/\/www.seaflowerstore.com\/de\/wp-json\/wp\/v2\/product_tag?post=87401"}],"curies":[{"name":"wp","href":"https:\/\/api.w.org\/{rel}","templated":true}]}}