{"id":87405,"date":"2017-02-16T10:42:57","date_gmt":"2017-02-16T09:42:57","guid":{"rendered":"https:\/\/www.seaflowerstore.com\/nl\/the-original-biopellets\/"},"modified":"2024-03-20T16:41:27","modified_gmt":"2024-03-20T15:41:27","slug":"the-original-biopellets","status":"publish","type":"product","link":"https:\/\/www.seaflowerstore.com\/de\/the-original-biopellets\/","title":{"rendered":"The Original BioPellets"},"content":{"rendered":"<h2>DvH The Original BioPellets will allow aerobic growth of bacteria which consequently will consume nitrate and phosphate simultaneously<\/h2>\n<p>Die Original BioPellets haben einen positiven Einfluss auf die Wasserqualit\u00e4t, der auf dem Prinzip der Immobilisierung beruht. Im Wesentlichen werden Abfallprodukte im Wasser, insbesondere Nitrat und Phosphat, in Bakterien umgewandelt, was dazu beitr\u00e4gt, Ihr Aquarienwasser sauber zu halten.<\/p>\n<p>Diese Pellets bestehen aus <strong>100 % reinen, biologisch abbaubaren Polymeren<\/strong> und k\u00f6nnen problemlos in einen Wirbelfilter oder Filterbeh\u00e4lter gegeben werden. Sie f\u00f6rdern das aerobe Wachstum von Bakterien, die wiederum gleichzeitig Nitrat und Phosphat verbrauchen. Die Bakterien nutzen den Kohlenstoff aus den BioPellets und extrahieren gleichzeitig Stickstoff und Phosphor in Form von Nitrat und (Ortho-)Phosphat aus dem Wasser. Dieser Prozess der Umwandlung organischer BioPellets in mikrobielle Biomasse wird als Immobilisierung bezeichnet. Au\u00dferdem bilden sich anaerobe Schichten, die zu weiterer Denitrifikation f\u00fchren.<\/p>\n<p>Wenn sich Bakterien vermehren, werden sie von Filtrierern und Suspensionsfressern wie Schw\u00e4mmen und Korallen aufgenommen oder k\u00f6nnen von einem Eiwei\u00dfabsch\u00e4umer abgesch\u00f6pft werden. Im Durchschnitt dauert diese \u201eMethode mit festem Wodka\u201c etwa <strong>2-4 Wochen<\/strong>, um gen\u00fcgend Bakterien zu erzeugen, sodass die Nitrat- und Phosphatwerte sinken. Ein wichtiger Vorteil der Verwendung von The Original BioPellets gegen\u00fcber Wodka oder Zucker als Kohlenstoffquelle besteht darin, dass sie ein lokales Bakterienwachstum im Filterfach f\u00f6rdern und nicht im gesamten Aquarium, wo sie Rohre und Schl\u00e4uche verstopfen k\u00f6nnten. Dar\u00fcber hinaus helfen sie, das Wachstum von Cyanobakterien zu verhindern, indem sie es Bakterien auf den BioPellets erm\u00f6glichen, mit diesen l\u00e4stigen Mikroben zu konkurrieren. Und schlie\u00dflich sparen die Original BioPellets Aquarianern wertvolle Zeit, da keine t\u00e4gliche Kohlenstoffdosierung erforderlich ist.<\/p>\n<p>Es ist wichtig zu beachten, dass die Original BioPellets aus 100 % reinen, biologisch abbaubaren Polymeren bestehen und keine F\u00fcllstoffe oder Antioxidantien enthalten, die f\u00fcr Ihre Wassertiere sch\u00e4dlich sein k\u00f6nnten. Bitte beachten Sie, dass Farbe und Form bei jeder Charge variieren k\u00f6nnen.<\/p>\n<h3>So funktioniert es:<\/h3>\n<p>Die Original BioPellets werden von Bakterien verbraucht, weshalb alle <strong>6-12 Monate<\/strong> neue Pellets hinzugef\u00fcgt werden m\u00fcssen, um das verdaute Substrat auszugleichen. Sie k\u00f6nnen feststellen, wann dies erforderlich ist, indem Sie den Filter \u00fcberpr\u00fcfen oder einen Anstieg der Nitrate feststellen. Diese Werte h\u00e4ngen von den spezifischen Bedingungen Ihres Aquariums ab und werden stark von F\u00fctterungsgewohnheiten und Tieren beeinflusst. Es ist ratsam, regelm\u00e4\u00dfig sowohl den Nitrat- als auch den Phosphatgehalt zu messen, damit Sie die Dosierung nach Bedarf anpassen k\u00f6nnen.<\/p>\n<p>Es ist bemerkenswert, dass die Original BioPellets im Vergleich zu vielen Konkurrenzprodukten eine h\u00f6here Molekularmasse haben, was zu einer l\u00e4ngeren Filterverweilzeit f\u00fchrt und weniger h\u00e4ufiges Nachf\u00fcllen erfordert als andere auf dem Markt erh\u00e4ltliche Produkte mit niedrigem Molekulargewicht. Wir empfehlen, den Auslass des Pelletfilters vor einem Eiwei\u00dfabsch\u00e4umer zu positionieren, um die Menge der in das System gelangenden Bakterien zu kontrollieren. Diese Anordnung verbessert auch den Gasaustausch und hilft, CO2 zu entfernen und O2 hinzuzuf\u00fcgen.<\/p>\n<p>Bitte stellen Sie sicher, dass die Pellets mit ausreichender Bel\u00fcftung verwendet werden, um niedrige Sauerstoff- und pH-Werte, insbesondere nachts, zu vermeiden. Eine ausreichende Bel\u00fcftung kann mit Luftpumpen und Eiwei\u00dfabsch\u00e4umern erreicht werden. W\u00e4hrend die Original BioPellets eine erh\u00f6hte F\u00fctterung und folglich mehr Vieh erm\u00f6glichen, kann es bei starker F\u00fctterung erforderlich sein, die Pellets mit Standardphosphatadsorbentien zu kombinieren oder sie durch die All-in-One Advanced BioPellets zu ersetzen. Dies liegt daran, dass die meisten Aquarienfutter im Vergleich zu Stickstoff h\u00f6here Phosphatwerte enthalten, als von Bakterien, Fischen und Wirbellosen aufgenommen werden k\u00f6nnen. Einige Phosphatadsorbentien k\u00f6nnen die Alkalinit\u00e4t verringern und den pH-Wert senken, aber die Verwendung von Phosphatadsorbentien auf Eisenhydroxidbasis vermeidet dieses Problem.<\/p>\n<h3>Hinweis:<\/h3>\n<p>Ihr System muss Phosphate (PO4) enthalten, um Nitrate (NO3) effektiv zu reduzieren. Das empfohlene Verh\u00e4ltnis NO3:PO4 betr\u00e4gt <strong>1:0,01<\/strong>. Wenn Ihre Nitrate 20 ppm \u00fcberschreiten, ist es wichtig, einen Mindestphosphatwert von 0,08 ppm oder mehr einzuhalten. Dies kann durch Erh\u00f6hung der F\u00fctterung, Entfernung phosphatabsorbierender Medien oder Zugabe von Phosphat erreicht werden.<\/p>\n","protected":false},"excerpt":{"rendered":"<p>DvH The Original BioPellets will allow aerobic growth of bacteria which consequently will consume nitrate and phosphate simultaneously<\/p>\n","protected":false},"featured_media":84085,"template":"","meta":[],"pwb-brand":[2193],"product_cat":[1537,1572,1493,515],"product_tag":[],"class_list":{"0":"post-87405","1":"product","2":"type-product","3":"status-publish","4":"has-post-thumbnail","6":"pwb-brand-dvh","7":"product_cat-aquarientechnik","8":"product_cat-biopellets-de","9":"product_cat-vulling-de","10":"product_cat-additives","11":"pa_inhoud-1000-ml-de","12":"pa_inhoud-250-ml-de","13":"pa_inhoud-500-ml-de","15":"first","16":"instock","17":"taxable","18":"shipping-taxable","19":"purchasable","20":"product-type-variable"},"acf":[],"brands":[{"id":2193,"name":"DVH","slug":"dvh"}],"_links":{"self":[{"href":"https:\/\/www.seaflowerstore.com\/de\/wp-json\/wp\/v2\/product\/87405","targetHints":{"allow":["GET"]}}],"collection":[{"href":"https:\/\/www.seaflowerstore.com\/de\/wp-json\/wp\/v2\/product"}],"about":[{"href":"https:\/\/www.seaflowerstore.com\/de\/wp-json\/wp\/v2\/types\/product"}],"wp:featuredmedia":[{"embeddable":true,"href":"https:\/\/www.seaflowerstore.com\/de\/wp-json\/wp\/v2\/media\/84085"}],"wp:attachment":[{"href":"https:\/\/www.seaflowerstore.com\/de\/wp-json\/wp\/v2\/media?parent=87405"}],"wp:term":[{"taxonomy":"pwb-brand","embeddable":true,"href":"https:\/\/www.seaflowerstore.com\/de\/wp-json\/wp\/v2\/pwb-brand?post=87405"},{"taxonomy":"product_cat","embeddable":true,"href":"https:\/\/www.seaflowerstore.com\/de\/wp-json\/wp\/v2\/product_cat?post=87405"},{"taxonomy":"product_tag","embeddable":true,"href":"https:\/\/www.seaflowerstore.com\/de\/wp-json\/wp\/v2\/product_tag?post=87405"}],"curies":[{"name":"wp","href":"https:\/\/api.w.org\/{rel}","templated":true}]}}