{"id":87413,"date":"2017-02-16T09:57:38","date_gmt":"2017-02-16T08:57:38","guid":{"rendered":"https:\/\/www.seaflowerstore.com\/nl\/aqualine-reef-blue-t5\/"},"modified":"2024-03-20T16:41:23","modified_gmt":"2024-03-20T15:41:23","slug":"aqualine-reef-blue-t5","status":"publish","type":"product","link":"https:\/\/www.seaflowerstore.com\/de\/aqualine-reef-blue-t5\/","title":{"rendered":"Aqualine Reef Blue (T5)"},"content":{"rendered":"<h2>Aqualine Reef Blue (T5)<\/h2>\n<p><strong>Aqualine T5 Reef Blue<\/strong> ist eine aktinisch blaue T5-Lampe, die das blaue Spektrum bei der Beleuchtung von Meerwasseraquarien verst\u00e4rkt. Diese Lampe strahlt fast ausschlie\u00dflich blaues Licht mit Wellenl\u00e4ngen von 400 bis 500 nm aus, mit einem Spitzenwert von 420 nm. Diese speziellen Wellenl\u00e4ngen f\u00f6rdern nachweislich das Wachstum verschiedener Korallen.<\/p>\n<p>In Kombination mit <strong>aqua T5 Reef White 10K<\/strong> oder <strong>15K<\/strong> erzeugt diese Beleuchtung eine nat\u00fcrliche und ansprechende Atmosph\u00e4re in Ihrem Meerwasseraquarium. Die Aqualine T5 Reef Blue stimuliert au\u00dferdem die nat\u00fcrliche Fluoreszenz von Korallen. Besonders w\u00e4hrend der D\u00e4mmerungsphase, wenn nur die Aqualine T5 Reef Blue eingeschaltet ist, zeigen viele Korallen ein atemberaubendes Leuchten.<\/p>\n<p><strong>Bitte beachten:<\/strong> Eine T5-Lampe ist ein empfindlicher Versandartikel. Obwohl wir mit besonderer Sorgfalt darauf achten, das Produkt sicher zu verpacken, k\u00f6nnen wir f\u00fcr Bruch oder Fehlfunktionen w\u00e4hrend des Transports nicht haftbar gemacht werden.<\/p>\n","protected":false},"excerpt":{"rendered":"<p>For shipping TL tubes we charge one-time \u20ac 7.50 extra for packaging costs<\/p>\n","protected":false},"featured_media":79573,"template":"","meta":[],"pwb-brand":[2149],"product_cat":[1421,1537,741],"product_tag":[],"class_list":{"0":"post-87413","1":"product","2":"type-product","3":"status-publish","4":"has-post-thumbnail","6":"pwb-brand-aqua-medic","7":"product_cat-aqua-medic-de","8":"product_cat-aquarientechnik","9":"product_cat-brands","10":"pa_wattage-24-watt-de","11":"pa_wattage-39-watt-de","12":"pa_wattage-54-watt-de","13":"pa_wattage-80-watt-de","15":"first","16":"outofstock","17":"taxable","18":"shipping-taxable","19":"purchasable","20":"product-type-variable"},"acf":[],"brands":[{"id":2149,"name":"Aqua Medic","slug":"aqua-medic"}],"_links":{"self":[{"href":"https:\/\/www.seaflowerstore.com\/de\/wp-json\/wp\/v2\/product\/87413","targetHints":{"allow":["GET"]}}],"collection":[{"href":"https:\/\/www.seaflowerstore.com\/de\/wp-json\/wp\/v2\/product"}],"about":[{"href":"https:\/\/www.seaflowerstore.com\/de\/wp-json\/wp\/v2\/types\/product"}],"wp:featuredmedia":[{"embeddable":true,"href":"https:\/\/www.seaflowerstore.com\/de\/wp-json\/wp\/v2\/media\/79573"}],"wp:attachment":[{"href":"https:\/\/www.seaflowerstore.com\/de\/wp-json\/wp\/v2\/media?parent=87413"}],"wp:term":[{"taxonomy":"pwb-brand","embeddable":true,"href":"https:\/\/www.seaflowerstore.com\/de\/wp-json\/wp\/v2\/pwb-brand?post=87413"},{"taxonomy":"product_cat","embeddable":true,"href":"https:\/\/www.seaflowerstore.com\/de\/wp-json\/wp\/v2\/product_cat?post=87413"},{"taxonomy":"product_tag","embeddable":true,"href":"https:\/\/www.seaflowerstore.com\/de\/wp-json\/wp\/v2\/product_tag?post=87413"}],"curies":[{"name":"wp","href":"https:\/\/api.w.org\/{rel}","templated":true}]}}