{"id":87477,"date":"2017-02-14T20:29:34","date_gmt":"2017-02-14T19:29:34","guid":{"rendered":"https:\/\/www.seaflowerstore.com\/nl\/vita-chem-marine\/"},"modified":"2024-03-20T16:41:05","modified_gmt":"2024-03-20T15:41:05","slug":"vita-chem-marine","status":"publish","type":"product","link":"https:\/\/www.seaflowerstore.com\/de\/vita-chem-marine\/","title":{"rendered":"Vita Chem Marine"},"content":{"rendered":"<h2>Vita Chem marine is a complete vitamin supplement with natural lipids and aminos<\/h2>\n<p>Boyd Enterprises (Chemi-Pure) bietet ein umfassendes Vitaminpr\u00e4parat, angereichert mit nat\u00fcrlichen Lipiden und Aminos\u00e4uren. Dieses Produkt eignet sich hervorragend zur Flossenregeneration und hilft bei der Vorbeugung von Seitenlinienerkrankungen. Es enth\u00e4lt die h\u00f6chste verf\u00fcgbare Menge an aktivem Vitamin C.<\/p>\n<p>Vita Chem f\u00fcr S\u00fc\u00dfwasserfische und Vita Chem f\u00fcr Meeresfische ist ein bemerkenswertes neues Fischvitamin, das von Boyd Enterprises, Inc., den Herstellern des renommierten Chemi-Pure, eingef\u00fchrt wurde. Im Gegensatz zu anderen Fischvitaminen auf dem Markt, die lediglich bestehende Produkte aus dem Veterin\u00e4rbereich adaptieren, bietet Vita Chem eine spezielle L\u00f6sung, die auf die einzigartigen Bed\u00fcrfnisse von Wasser- und Meereslebewesen zugeschnitten ist.<\/p>\n<p>Unsere Wasser- und Meerestiere ben\u00f6tigen f\u00fcr eine optimale Gesundheit bestimmte nat\u00fcrlich vorkommende Substanzen, Chemikalien, Aminos\u00e4uren und Lipide. Vita Chem Marine und Vita Chem Fresh stellen einen v\u00f6llig neuen Ansatz in der Vitaminformulierung f\u00fcr Wasser- und Meereslebewesen dar. Diese innovative Methode liefert genau das, was den Tieren und Fischen in ihrem nat\u00fcrlichen Lebensraum fehlt, in einer kompakten, konzentrierten und leicht assimilierbaren L\u00f6sung.<\/p>\n<p>Nach jahrelanger Forschung unter der Leitung des angesehenen Meeresforschers John Nobles zusammen mit Boyd Enterprises, Inc. und einem Team aus Meeres- und Wasserbiologen sind wir stolz, das wirksamste konzentrierte Umweltvitamin vorstellen zu k\u00f6nnen, das im Aquarienhandel erh\u00e4ltlich ist. Dieses Produkt kann die Seitenlinienkrankheit, die genauer als \u00f6kologisch bedingter Zustand beschrieben wird, r\u00fcckg\u00e4ngig machen und heilen.<\/p>\n<p><strong>Kann ich die S\u00fc\u00dfwasserformel in meinem Salzwassertank verwenden und umgekehrt?<\/strong><\/p>\n<p>Ja, Sie k\u00f6nnen jede Formel in einem anderen Tank verwenden, ohne Schaden zu verursachen. F\u00fcr optimale Ergebnisse sollten Sie jedoch die geeignete Formel f\u00fcr Ihr spezielles Aquarium verwenden.<\/p>\n<p><strong>Wird Vita Chem durch die Kohle in meinem Aquarium entfernt?<\/strong><\/p>\n<p>Nein, Sie m\u00fcssen sich keine Sorgen machen, dass Vita Chem aus Ihrem Aquarium entfernt wird, bevor Ihre Fische davon profitieren k\u00f6nnen.<\/p>\n<p><strong>Nutzen meine Wirbellosen oder andere Pflanzen das Vitamin?<\/strong><\/p>\n<p>Ja, jeder lebende Organismus im Aquarium profitiert von dem Vitamin, da es gewebel\u00f6slich ist.<\/p>\n<p><strong>Spezifikationen<\/strong><br \/>\n<strong>Vorteile:<\/strong><\/p>\n<ul>\n<li>Gesteigertes Wachstum<\/li>\n<li>Fabelhafte intensive nat\u00fcrliche Farben<\/li>\n<li>Wiederherstellung der nat\u00fcrlichen Vitalit\u00e4t<\/li>\n<li>Wiederherstellung des Appetits<\/li>\n<li>Gesteigerte Widerstandskraft gegen Krankheiten<\/li>\n<li>F\u00f6rderung nat\u00fcrlicher Paarungs- und Brutinstinkte in Aquarienumgebungen (sowohl S\u00fc\u00dfwasser als auch marine)<\/li>\n<li>Nat\u00fcrliche Verst\u00e4rkung der Fischfarben, unterst\u00fctzt durch \u00fcber 3 Jahre Tests durch erfahrene Z\u00fcchter und Hobbyisten<\/li>\n<li>Ein vorstabilisiertes Multivitamin, das wasser- und gewebel\u00f6slich ist und ein revolution\u00e4res neues Konzept f\u00fcr Vitaminpr\u00e4parate f\u00fcr S\u00fc\u00df- und Salzwassertiere sowie in geschlossenen Systemen gehaltene Fische darstellt. Es eignet sich hervorragend f\u00fcr die Flossenregeneration und die Behandlung von Seitenlinienerkrankungen.<\/li>\n<li>Vita Chem Marine enth\u00e4lt 37 zugesetzte nat\u00fcrlich vorkommende Extrakte aus lebenden Organismen, verbunden mit nat\u00fcrlich vorkommenden Aminos\u00e4uren.<\/li>\n<li>Vita Chem Fresh enth\u00e4lt 30 zugesetzte nat\u00fcrlich vorkommende Extrakte, verbunden mit nat\u00fcrlich vorkommenden Aminos\u00e4uren, die leicht in das Fischgewebe aufgenommen werden.<\/li>\n<li>Mehr als nur eine Vitaminl\u00f6sung, es ist das einzige Produkt, das das nachbildet, was Fische in ihrer nat\u00fcrlichen Umgebung erhalten, was in Gefangenschaft oft verloren geht.<\/li>\n<li>Abgef\u00fcllt in versiegelten 4-oz- und 1-Gallonen-Plastikbeh\u00e4ltern f\u00fcr Z\u00fcchter und Brutst\u00e4tten.<\/li>\n<\/ul>\n","protected":false},"excerpt":{"rendered":"<p>Boyd Enterprises\u00a0<strong>Vita Chem<\/strong> is a complete vitamin supplement with natural lipids and aminos. It`s great for fin regeneration &amp; preventing lateral line disease<\/p>\n","protected":false},"featured_media":79497,"template":"","meta":[],"pwb-brand":[2211],"product_cat":[1485,1488],"product_tag":[],"class_list":{"0":"post-87477","1":"product","2":"type-product","3":"status-publish","4":"has-post-thumbnail","6":"pwb-brand-boyd-enterprises","7":"product_cat-chemi-pure-boyd-enterprises-de","8":"product_cat-pflege","9":"pa_inhoud-118-ml-de","10":"pa_inhoud-473-ml-de","12":"first","13":"instock","14":"taxable","15":"shipping-taxable","16":"purchasable","17":"product-type-variable"},"acf":[],"brands":[{"id":2211,"name":"Boyd Enterprises","slug":"boyd-enterprises"}],"_links":{"self":[{"href":"https:\/\/www.seaflowerstore.com\/de\/wp-json\/wp\/v2\/product\/87477","targetHints":{"allow":["GET"]}}],"collection":[{"href":"https:\/\/www.seaflowerstore.com\/de\/wp-json\/wp\/v2\/product"}],"about":[{"href":"https:\/\/www.seaflowerstore.com\/de\/wp-json\/wp\/v2\/types\/product"}],"wp:featuredmedia":[{"embeddable":true,"href":"https:\/\/www.seaflowerstore.com\/de\/wp-json\/wp\/v2\/media\/79497"}],"wp:attachment":[{"href":"https:\/\/www.seaflowerstore.com\/de\/wp-json\/wp\/v2\/media?parent=87477"}],"wp:term":[{"taxonomy":"pwb-brand","embeddable":true,"href":"https:\/\/www.seaflowerstore.com\/de\/wp-json\/wp\/v2\/pwb-brand?post=87477"},{"taxonomy":"product_cat","embeddable":true,"href":"https:\/\/www.seaflowerstore.com\/de\/wp-json\/wp\/v2\/product_cat?post=87477"},{"taxonomy":"product_tag","embeddable":true,"href":"https:\/\/www.seaflowerstore.com\/de\/wp-json\/wp\/v2\/product_tag?post=87477"}],"curies":[{"name":"wp","href":"https:\/\/api.w.org\/{rel}","templated":true}]}}