{"id":87517,"date":"2017-02-13T19:41:35","date_gmt":"2017-02-13T19:41:35","guid":{"rendered":"https:\/\/www.seaflowerstore.com\/nl\/tropic-marin-pro-reef\/"},"modified":"2025-11-04T13:12:43","modified_gmt":"2025-11-04T12:12:43","slug":"tropic-marin-pro-reef","status":"publish","type":"product","link":"https:\/\/www.seaflowerstore.com\/de\/tropic-marin-pro-reef\/","title":{"rendered":"Tropic Marin Pro Reef"},"content":{"rendered":"<h2>Tropic Marin Pro Reef Salt is a pharmaceutical quality sea salt in particular for modern reef aquariums<\/h2>\n<p>Tropic Marin\u00ae PRO-REEF Meersalz wurde speziell f\u00fcr die besonderen Bed\u00fcrfnisse von Riffaquarien entwickelt. Mit optimierten Konzentrationen von Kalzium und Magnesium f\u00f6rdert dieses Salz gesundes Korallenwachstum. Die geringere Pufferkapazit\u00e4t und der geeignete pH-Wert helfen, die nat\u00fcrlichen Wasserbedingungen, insbesondere die H\u00e4rte von Karbonaten, zu stabilisieren, selbst bei Verwendung von Kalkreaktoren.<\/p>\n<p>Die Schaffung nat\u00fcrlicher und stabiler Umgebungen f\u00fcr empfindliche Meereslebewesen erfordert ein sorgf\u00e4ltiges Gleichgewicht aller Einflussfaktoren. Deshalb ist Tropic Marin\u00ae PRO-REEF die perfekte Grundlage f\u00fcr die Pflege und das Wachstum von Fischen, Korallen und anderen wirbellosen Wassertieren in modernen Riffaquarien.<\/p>\n<p>Es wird empfohlen, mit Tropic Marin\u00ae PRO-REEF aufbereitetes Meerwasser f\u00fcr den regelm\u00e4\u00dfigen Wasserwechsel in Ihrem Meerwasseraquarium, bei der Einrichtung eines neuen Aquariums oder zur Wiederherstellung des pH-Werts in einem vorhandenen Becken zu verwenden.<\/p>\n<ul>\n<li>4 kg reichen f\u00fcr 120 Liter Meerwasser<\/li>\n<li>10 kg reichen f\u00fcr 300 Liter Meerwasser<\/li>\n<li>25 kg reichen f\u00fcr 750 Liter Meerwasser<\/li>\n<\/ul>\n","protected":false},"excerpt":{"rendered":"<p>Tropic Marin Pro Reef Salt is a pharmaceutical quality sea salt in particular for modern reef aquariums<\/p>\n","protected":false},"featured_media":84718,"template":"","meta":[],"pwb-brand":[2151],"product_cat":[1443],"product_tag":[],"class_list":{"0":"post-87517","1":"product","2":"type-product","3":"status-publish","4":"has-post-thumbnail","6":"pwb-brand-tropic-marin","7":"product_cat-salzig","8":"pa_inhoud-10-kg-de","9":"pa_inhoud-2-kg-de","10":"pa_inhoud-25-kg-de","11":"pa_inhoud-4-kg-de","13":"first","14":"instock","15":"taxable","16":"shipping-taxable","17":"purchasable","18":"product-type-variable"},"acf":[],"brands":[{"id":2151,"name":"Tropic Marin","slug":"tropic-marin"}],"_links":{"self":[{"href":"https:\/\/www.seaflowerstore.com\/de\/wp-json\/wp\/v2\/product\/87517","targetHints":{"allow":["GET"]}}],"collection":[{"href":"https:\/\/www.seaflowerstore.com\/de\/wp-json\/wp\/v2\/product"}],"about":[{"href":"https:\/\/www.seaflowerstore.com\/de\/wp-json\/wp\/v2\/types\/product"}],"wp:featuredmedia":[{"embeddable":true,"href":"https:\/\/www.seaflowerstore.com\/de\/wp-json\/wp\/v2\/media\/84718"}],"wp:attachment":[{"href":"https:\/\/www.seaflowerstore.com\/de\/wp-json\/wp\/v2\/media?parent=87517"}],"wp:term":[{"taxonomy":"pwb-brand","embeddable":true,"href":"https:\/\/www.seaflowerstore.com\/de\/wp-json\/wp\/v2\/pwb-brand?post=87517"},{"taxonomy":"product_cat","embeddable":true,"href":"https:\/\/www.seaflowerstore.com\/de\/wp-json\/wp\/v2\/product_cat?post=87517"},{"taxonomy":"product_tag","embeddable":true,"href":"https:\/\/www.seaflowerstore.com\/de\/wp-json\/wp\/v2\/product_tag?post=87517"}],"curies":[{"name":"wp","href":"https:\/\/api.w.org\/{rel}","templated":true}]}}