{"id":87522,"date":"2017-02-13T18:43:06","date_gmt":"2017-02-13T17:43:06","guid":{"rendered":"https:\/\/www.seaflowerstore.com\/nl\/tropic-marin-bio-actif\/"},"modified":"2024-03-20T16:40:45","modified_gmt":"2024-03-20T15:40:45","slug":"tropic-marin-bio-actif","status":"publish","type":"product","link":"https:\/\/www.seaflowerstore.com\/de\/tropic-marin-bio-actif\/","title":{"rendered":"Tropic Marin Bio-Actif"},"content":{"rendered":"<h2>Tropic Marin Bio-Actif The unique sea salt with bio-active marine agents<\/h2>\n<p>Tropic Marin\u00ae BIO-ACTIF Meersalz ist mit nat\u00fcrlich vorkommenden marinen Biopolymeren angereichert, die die mikrobiologische Umgebung in Ihrem Aquarium verbessern. Diese einzigartige Formel sch\u00fctzt nicht nur das Wasserleben, sondern f\u00f6rdert auch dessen Wachstum.<\/p>\n<p>Durch die Verwendung dieses Meersalzes zeigen Korallen auf nat\u00fcrliche Weise ihre leuchtenden Farben, w\u00e4hrend gleichzeitig das Skelettwachstum unterst\u00fctzt und ihr Gewebe gest\u00e4rkt wird. Die durch diesen Prozess geschaffenen Reserven tragen dazu bei, dass Korallen widerstandsf\u00e4higer und weniger empfindlich gegen\u00fcber Umweltver\u00e4nderungen werden.<\/p>\n<p>Auch Fische profitieren von den bioaktiven Substanzen, die einen wirksamen Schutz vor Schleimhautsch\u00e4den bieten. Infolgedessen werden Sie eine Verbesserung ihres allgemeinen Wohlbefindens feststellen, die sich in einer erh\u00f6hten Paarungs- und Fortpflanzungsaktivit\u00e4t widerspiegelt.<\/p>\n<p>Tropic Marin\u00ae BIO-ACTIF Meersalz ist sowohl f\u00fcr Anf\u00e4nger als auch f\u00fcr erfahrene Aquarienbesitzer geeignet. Es hilft, stabile Bedingungen aufrechtzuerhalten, die f\u00fcr ein bl\u00fchendes Aquarienleben unerl\u00e4sslich sind.<\/p>\n","protected":false},"excerpt":{"rendered":"<p>Tropic Marin Bio-Actif The unique sea salt with bio-active marine agents<\/p>\n","protected":false},"featured_media":79452,"template":"","meta":[],"pwb-brand":[2151],"product_cat":[1443,515],"product_tag":[],"class_list":{"0":"post-87522","1":"product","2":"type-product","3":"status-publish","4":"has-post-thumbnail","6":"pwb-brand-tropic-marin","7":"product_cat-salzig","8":"product_cat-additives","9":"pa_inhoud-10-kg-de","10":"pa_inhoud-25-kg-de","11":"pa_inhoud-4-kg-de","13":"first","14":"instock","15":"taxable","16":"shipping-taxable","17":"purchasable","18":"product-type-variable"},"acf":[],"brands":[{"id":2151,"name":"Tropic Marin","slug":"tropic-marin"}],"_links":{"self":[{"href":"https:\/\/www.seaflowerstore.com\/de\/wp-json\/wp\/v2\/product\/87522","targetHints":{"allow":["GET"]}}],"collection":[{"href":"https:\/\/www.seaflowerstore.com\/de\/wp-json\/wp\/v2\/product"}],"about":[{"href":"https:\/\/www.seaflowerstore.com\/de\/wp-json\/wp\/v2\/types\/product"}],"wp:featuredmedia":[{"embeddable":true,"href":"https:\/\/www.seaflowerstore.com\/de\/wp-json\/wp\/v2\/media\/79452"}],"wp:attachment":[{"href":"https:\/\/www.seaflowerstore.com\/de\/wp-json\/wp\/v2\/media?parent=87522"}],"wp:term":[{"taxonomy":"pwb-brand","embeddable":true,"href":"https:\/\/www.seaflowerstore.com\/de\/wp-json\/wp\/v2\/pwb-brand?post=87522"},{"taxonomy":"product_cat","embeddable":true,"href":"https:\/\/www.seaflowerstore.com\/de\/wp-json\/wp\/v2\/product_cat?post=87522"},{"taxonomy":"product_tag","embeddable":true,"href":"https:\/\/www.seaflowerstore.com\/de\/wp-json\/wp\/v2\/product_tag?post=87522"}],"curies":[{"name":"wp","href":"https:\/\/api.w.org\/{rel}","templated":true}]}}